{"id":35615,"date":"2022-09-13T10:37:00","date_gmt":"2022-09-13T10:37:00","guid":{"rendered":"https:\/\/www.headshop.nl\/?post_type=product&#038;p=35615"},"modified":"2026-01-20T13:50:18","modified_gmt":"2026-01-20T13:50:18","slug":"lions-mane-extract-capsules","status":"publish","type":"product","link":"https:\/\/www.headshop.nl\/es\/lions-mane-extract-capsules\/","title":{"rendered":"Lion\u2019s Mane Extract Capsules"},"content":{"rendered":"<h2>\u00bfQu\u00e9 es Lion\u2019s Mane?<\/h2>\n<p>El Lion\u2019s Mane (Hericium Erinaceus) es un hongo \u00fanico con un aspecto blanco y desgre\u00f1ado que recuerda a la melena de un le\u00f3n. Tambi\u00e9n conocido como Sacerdote de la Monta\u00f1a Japonesa, Cabeza de Mono, o Pruikzwam en holand\u00e9s, este fascinante hongo ha sido valorado durante siglos en la medicina tradicional china bajo el nombre de Hou Tou Gu por sus potenciales propiedades potenciadoras del cerebro.<\/p>\n<p>A menudo llamado \"Nutriente natural para las neuronas\", se cree que el Lion\u2019s Mane favorece la funci\u00f3n cognitiva, la claridad mental y la concentraci\u00f3n. Es particularmente popular entre las personas que practican la microdosificaci\u00f3n. Nuestras c\u00e1psulas Lion\u2019s Mane contienen un extracto de espectro completo derivado del cuerpo fruct\u00edfero, lo que garantiza la m\u00e1xima potencia y eficacia.<\/p>\n<h2>Historia del Lion\u2019s Mane<\/h2>\n<p>El Lion\u2019s Mane tiene una rica historia que se remonta a miles de a\u00f1os, especialmente en la medicina tradicional asi\u00e1tica. Los antiguos monjes chinos y japoneses utilizaban el t\u00e9 Lion\u2019s Mane para mejorar la concentraci\u00f3n durante la meditaci\u00f3n y promover el bienestar general. Tambi\u00e9n era muy apreciado por los emperadores por sus posibles beneficios cognitivos.<\/p>\n<p>La investigaci\u00f3n moderna ha identificado compuestos bioactivos clave en el Lion\u2019s Mane, como polisac\u00e1ridos y betaglucanos, que contribuyen a sus propiedades de bienestar. Hoy en d\u00eda, se utiliza ampliamente como suplemento natural para apoyar la funci\u00f3n cognitiva y el bienestar mental.<\/p>\n<h2>C\u00f3mo utilizar el Lion\u2019s Mane<\/h2>\n<p>Incorporar Lion\u2019s Mane a su rutina diaria es f\u00e1cil y eficaz. Cada c\u00e1psula contiene 400 mg de extracto org\u00e1nico de alta calidad Lion\u2019s Mane, complementado con vitamina C y zinc para beneficios adicionales.<\/p>\n<p>La dosis recomendada es de dos c\u00e1psulas al d\u00eda, tomadas con las comidas y agua. El uso constante es clave para experimentar los mejores resultados. El Lion\u2019s Mane tambi\u00e9n puede combinarse con otros hongos medicinales para un enfoque m\u00e1s hol\u00edstico del bienestar. Estas c\u00e1psulas aptas para veganos son f\u00e1ciles de tragar y adecuadas para diversos estilos de vida.<\/p>\n<h2>Ingredientes de Lion\u2019s Mane Capsules<\/h2>\n<p>Cada c\u00e1psula vegana contiene 400 mg de extracto org\u00e1nico de Lion\u2019s Mane, procedente exclusivamente del cuerpo fruct\u00edfero del hongo. El extracto se obtiene mediante un m\u00e9todo de doble extracci\u00f3n con agua y etanol, lo que garantiza una conservaci\u00f3n \u00f3ptima de sus compuestos beneficiosos.<\/p>\n<p>Para mejorar la absorci\u00f3n y la eficacia, la f\u00f3rmula incluye:<\/p>\n<ul>\n<li><strong>Vitamina C<\/strong> - Favorece la funci\u00f3n cognitiva normal.<\/li>\n<li><strong>Zinc<\/strong> - Favorece la claridad mental y la concentraci\u00f3n.<\/li>\n<li><strong>Citrato de magnesio y di\u00f3xido de silicio<\/strong> - Mantener la estabilidad y la calidad de las c\u00e1psulas.<\/li>\n<\/ul>\n<p>Advertencia<\/p>\n<p>Lion\u2019s Mane por McMyco es un suplemento diet\u00e9tico y debe utilizarse en consecuencia. No superar la dosis diaria recomendada. Mantener fuera del alcance de los ni\u00f1os. Consulte a un profesional de la salud antes de usar si est\u00e1 embarazada, amamantando o tiene condiciones de salud subyacentes.<\/p>","protected":false},"excerpt":{"rendered":"<p>El Lion\u2019s Mane (Hericium Erinaceus) tambi\u00e9n se llama wigzam, y favorece la claridad mental, la concentraci\u00f3n y la memoria. El hongo Lion\u2019s Mane ha sido apodado el \"hongo inteligente; el nutriente de la naturaleza para tus neuronas\". Las investigaciones demuestran que este hongo estimulante estimula la producci\u00f3n del factor de crecimiento nervioso en el cerebro.<\/p>","protected":false},"featured_media":87979,"template":"","meta":[],"product_brand":[],"product_cat":[813,297,461,455,630,404,462,398,392,399,384,625,458,456],"product_tag":[1039],"class_list":{"0":"post-35615","1":"product","2":"type-product","3":"status-publish","4":"has-post-thumbnail","6":"product_cat-mcmyco","7":"product_cat-all-products","8":"product_cat-detox","9":"product_cat-healthshop","10":"product_cat-healthshop-top-10","11":"product_cat-medicinal-mushrooms-supplements","12":"product_cat-medicinal-mushrooms-healthshop","13":"product_cat-mushrooms","14":"product_cat-nootropics","15":"product_cat-shroomshop","16":"product_cat-smartshop","17":"product_cat-smartshop-top-10","18":"product_cat-superfoods","19":"product_cat-supplements","20":"product_tag-triple-deal","21":"product_shipping_class-creditcard-on","23":"first","24":"instock","25":"taxable","26":"shipping-taxable","27":"purchasable","28":"product-type-variable","29":"has-default-attributes"},"_links":{"self":[{"href":"https:\/\/www.headshop.nl\/es\/wp-json\/wp\/v2\/product\/35615","targetHints":{"allow":["GET"]}}],"collection":[{"href":"https:\/\/www.headshop.nl\/es\/wp-json\/wp\/v2\/product"}],"about":[{"href":"https:\/\/www.headshop.nl\/es\/wp-json\/wp\/v2\/types\/product"}],"wp:featuredmedia":[{"embeddable":true,"href":"https:\/\/www.headshop.nl\/es\/wp-json\/wp\/v2\/media\/87979"}],"wp:attachment":[{"href":"https:\/\/www.headshop.nl\/es\/wp-json\/wp\/v2\/media?parent=35615"}],"wp:term":[{"taxonomy":"product_brand","embeddable":true,"href":"https:\/\/www.headshop.nl\/es\/wp-json\/wp\/v2\/product_brand?post=35615"},{"taxonomy":"product_cat","embeddable":true,"href":"https:\/\/www.headshop.nl\/es\/wp-json\/wp\/v2\/product_cat?post=35615"},{"taxonomy":"product_tag","embeddable":true,"href":"https:\/\/www.headshop.nl\/es\/wp-json\/wp\/v2\/product_tag?post=35615"}],"curies":[{"name":"wp","href":"https:\/\/api.w.org\/{rel}","templated":true}]}}