{"id":35613,"date":"2022-09-13T10:36:58","date_gmt":"2022-09-13T10:36:58","guid":{"rendered":"https:\/\/www.headshop.nl\/?post_type=product&#038;p=35613"},"modified":"2025-10-31T08:53:25","modified_gmt":"2025-10-31T08:53:25","slug":"cordyceps-extract-capsules","status":"publish","type":"product","link":"https:\/\/www.headshop.nl\/es\/cordyceps-extract-capsules\/","title":{"rendered":"Cordyceps Extract Capsules"},"content":{"rendered":"<h2 dir=\"ltr\" data-pm-slice=\"1 1 []\">\u00bfQu\u00e9 son Cordyceps Capsules?<\/h2>\n<p dir=\"ltr\">El Cordyceps, un apreciado hongo medicinal, ha sido una piedra angular de la medicina tradicional china durante siglos y ahora se celebra en todo el mundo como un potente suplemento natural. Conocido por aumentar la energ\u00eda y la resistencia, las c\u00e1psulas de Cordyceps de McMyco proporcionan 400 mg de extracto org\u00e1nico de espectro completo por porci\u00f3n, enriquecido con 15 mg de vitamina C para combatir la fatiga y 2 mg de zinc para reforzar la inmunidad. Contiene 30% beta-glucanos y polisac\u00e1ridos, estas c\u00e1psulas apoyan la salud del coraz\u00f3n, la funci\u00f3n pulmonar, y la reducci\u00f3n de la inflamaci\u00f3n, ofreciendo un impulso integral de bienestar. Ideal para atletas, profesionales o cualquiera que busque vitalidad natural, esta f\u00f3rmula apta para veganos no contiene aditivos artificiales, lo que garantiza la m\u00e1xima pureza y potencia. Cordyceps c\u00e1psulas proporcionan una manera conveniente para mejorar la concentraci\u00f3n, la resistencia y la capacidad de recuperaci\u00f3n, por lo que una adici\u00f3n vers\u00e1til a cualquier r\u00e9gimen de salud. Al aprovechar los compuestos bioactivos del hongo, McMyco ofrece un enfoque hol\u00edstico para el bienestar, lo que le permite prosperar en un mundo exigente con el apoyo de los mejores ingredientes de la naturaleza.<\/p>\n<h2 dir=\"ltr\">Historia de Cordyceps Capsules<\/h2>\n<p dir=\"ltr\">La historia del Cordyceps se remonta a miles de a\u00f1os, profundamente arraigada en las tradiciones curativas de las culturas china y tibetana. Este raro hongo, que se encuentra en el Himalaya a gran altitud, ha sido hist\u00f3ricamente apreciado por los curanderos por su capacidad para mejorar la vitalidad y tratar dolencias como la fatiga y los problemas respiratorios. El Cordyceps, anta\u00f1o un lujo reservado a emperadores y guerreros, se consum\u00eda como t\u00f3nico para aumentar la resistencia y la longevidad. Su reconocimiento mundial aument\u00f3 en el siglo XX a medida que crec\u00eda el inter\u00e9s por los remedios naturales, con investigaciones modernas que confirman sus beneficios antioxidantes, antiinflamatorios e inmunol\u00f3gicos. Las c\u00e1psulas Cordyceps de McMyco honran este rico legado combinando la sabidur\u00eda ancestral con avanzados m\u00e9todos de extracci\u00f3n, garantizando que cada c\u00e1psula contenga todo el espectro de compuestos bioactivos del hongo. Esta mezcla de tradici\u00f3n e innovaci\u00f3n hace que las c\u00e1psulas de Cordyceps sean accesibles para los buscadores modernos de bienestar, ofreciendo una soluci\u00f3n natural para la energ\u00eda, la resistencia y la salud en general. Desde su venerado pasado hasta su papel actual como suplemento de primera calidad, el Cordyceps sigue inspirando a quienes persiguen un estilo de vida equilibrado y vibrante basado en los remedios de la naturaleza probados a lo largo del tiempo.<\/p>\n<h2 dir=\"ltr\">C\u00f3mo utilizar Cordyceps Capsules<\/h2>\n<p dir=\"ltr\">Las c\u00e1psulas McMyco Cordyceps est\u00e1n dise\u00f1adas para integrarse f\u00e1cilmente en su rutina diaria de bienestar. Tome una c\u00e1psula dos veces al d\u00eda con agua durante las comidas para asegurar una absorci\u00f3n \u00f3ptima de los 400 mg de extracto org\u00e1nico y nutrientes a\u00f1adidos como la vitamina C y el zinc. Este r\u00e9gimen apoya la energ\u00eda sostenida, la salud inmune y la claridad mental, por lo que es ideal para personas activas. Para obtener los mejores resultados, utilice las c\u00e1psulas Cordyceps de forma sistem\u00e1tica junto con una dieta y un estilo de vida equilibrados. Pueden combinarse con otros suplementos de hongos McMyco para un enfoque de salud a medida. Las c\u00e1psulas veganas son convenientes para los horarios ocupados, si usted est\u00e1 alimentando un entrenamiento, hacer frente a un d\u00eda agitado, o dar prioridad a la vitalidad a largo plazo. Los nuevos usuarios deben comenzar con una c\u00e1psula diaria para evaluar la tolerancia antes de pasar a la dosis completa. Se recomienda consultar a un profesional de la salud si tiene problemas de salud o utiliza otros suplementos, para garantizar un uso seguro y eficaz. Con las c\u00e1psulas Cordyceps, puede aprovechar sin esfuerzo el poder energizante y reconstituyente de este hongo medicinal, apoyando su cuerpo y mente con un suplemento natural de alta calidad.<\/p>\n<h2 dir=\"ltr\">Ingredientes de Cordyceps Capsules<\/h2>\n<p dir=\"ltr\">Cada c\u00e1psula de McMyco Cordyceps contiene 400 mg de extracto org\u00e1nico de espectro completo procedente del cuerpo fruct\u00edfero del hongo, elaborado mediante un proceso dual de extracci\u00f3n en H2O y etanol. Este m\u00e9todo maximiza la potencia de los compuestos bioactivos, incluidos los polisac\u00e1ridos 30%, los betaglucanos y la cordicepina, que potencian los efectos energ\u00e9ticos, inmunitarios y antioxidantes del hongo. La f\u00f3rmula est\u00e1 reforzada con 15 mg de vitamina C para reducir la fatiga y 2 mg de zinc para fortalecer la funci\u00f3n inmune, creando un suplemento completo. El citrato de magnesio y el di\u00f3xido de silicio se incluyen como excipientes para mantener la estabilidad del producto preservando su pureza natural. Las c\u00e1psulas Cordyceps de McMyco son 100% veganas, no contienen aditivos sint\u00e9ticos y est\u00e1n dise\u00f1adas para proporcionar todos los beneficios del hongo de una forma limpia y potente. Esta meticulosa formulaci\u00f3n refleja un compromiso con la salud hol\u00edstica, ofreciendo una soluci\u00f3n a base de plantas para aquellos que buscan mejorar la resistencia, la concentraci\u00f3n y la capacidad de recuperaci\u00f3n. Con un enfoque en la calidad y la eficacia, estas c\u00e1psulas proporcionan una manera confiable de incorporar el poder restaurador de Cordyceps en su rutina diaria.<\/p>\n<p dir=\"ltr\"><strong>Advertencia<\/strong><br \/>\nCordyceps por McMyco es un suplemento diet\u00e9tico y debe utilizarse en consecuencia. No exceda la dosis diaria recomendada de dos c\u00e1psulas. Mantener fuera del alcance de los ni\u00f1os. Consulte a su m\u00e9dico antes de usar si est\u00e1 embarazada, amamantando o tiene problemas de salud. Almacenar en un lugar fresco, oscuro y seco para mantener la potencia.<\/p>","protected":false},"excerpt":{"rendered":"<p dir=\"ltr\" data-pm-slice=\"1 1 []\">Libera tu potencial con las c\u00e1psulas McMyco Cordyceps, que contienen 400 mg de extracto de hongo org\u00e1nico de espectro completo por c\u00e1psula. Mejorado con vitamina C y zinc, este paquete de 120 c\u00e1psulas veganas aumenta la energ\u00eda, la inmunidad y la vitalidad, ofreciendo una soluci\u00f3n natural para impulsar su estilo de vida activo.<\/p>","protected":false},"featured_media":87981,"template":"","meta":[],"product_brand":[],"product_cat":[813,297,461,455,630,404,462,398,399,384,458,456],"product_tag":[978],"class_list":{"0":"post-35613","1":"product","2":"type-product","3":"status-publish","4":"has-post-thumbnail","6":"product_cat-mcmyco","7":"product_cat-all-products","8":"product_cat-detox","9":"product_cat-healthshop","10":"product_cat-healthshop-top-10","11":"product_cat-medicinal-mushrooms-supplements","12":"product_cat-medicinal-mushrooms-healthshop","13":"product_cat-mushrooms","14":"product_cat-shroomshop","15":"product_cat-smartshop","16":"product_cat-superfoods","17":"product_cat-supplements","18":"product_tag-shrdeal","19":"product_shipping_class-creditcard-on","21":"first","22":"instock","23":"taxable","24":"shipping-taxable","25":"purchasable","26":"product-type-variable","27":"has-default-attributes"},"_links":{"self":[{"href":"https:\/\/www.headshop.nl\/es\/wp-json\/wp\/v2\/product\/35613","targetHints":{"allow":["GET"]}}],"collection":[{"href":"https:\/\/www.headshop.nl\/es\/wp-json\/wp\/v2\/product"}],"about":[{"href":"https:\/\/www.headshop.nl\/es\/wp-json\/wp\/v2\/types\/product"}],"wp:featuredmedia":[{"embeddable":true,"href":"https:\/\/www.headshop.nl\/es\/wp-json\/wp\/v2\/media\/87981"}],"wp:attachment":[{"href":"https:\/\/www.headshop.nl\/es\/wp-json\/wp\/v2\/media?parent=35613"}],"wp:term":[{"taxonomy":"product_brand","embeddable":true,"href":"https:\/\/www.headshop.nl\/es\/wp-json\/wp\/v2\/product_brand?post=35613"},{"taxonomy":"product_cat","embeddable":true,"href":"https:\/\/www.headshop.nl\/es\/wp-json\/wp\/v2\/product_cat?post=35613"},{"taxonomy":"product_tag","embeddable":true,"href":"https:\/\/www.headshop.nl\/es\/wp-json\/wp\/v2\/product_tag?post=35613"}],"curies":[{"name":"wp","href":"https:\/\/api.w.org\/{rel}","templated":true}]}}