{"id":35611,"date":"2022-09-13T10:36:55","date_gmt":"2022-09-13T10:36:55","guid":{"rendered":"https:\/\/www.headshop.nl\/?post_type=product&#038;p=35611"},"modified":"2025-10-31T08:53:41","modified_gmt":"2025-10-31T08:53:41","slug":"chaga-extract-capsules","status":"publish","type":"product","link":"https:\/\/www.headshop.nl\/es\/chaga-extract-capsules\/","title":{"rendered":"Chaga Extract Capsules"},"content":{"rendered":"<h2>\u00bfQu\u00e9 es Chaga?<\/h2>\n<p>El Chaga (Inonotus obliquus) es un hongo medicinal que crece en climas fr\u00edos del hemisferio norte. Crece principalmente en los abedules, formando un exterior negro como el carb\u00f3n y revelando un interior naranja intenso. A menudo llamado \"oro negro\" en Rusia, el Chaga es apreciado por sus notables propiedades beneficiosas para la salud.<\/p>\n<p>Repleto de compuestos beneficiosos como polisac\u00e1ridos, betulina, \u00e1cido betul\u00ednico y esteroles, el Chaga se ha utilizado tradicionalmente para promover el bienestar general. Nuestras c\u00e1psulas de Chaga contienen un extracto de espectro completo de alta calidad procedente del cuerpo fruct\u00edfero del hongo, lo que garantiza la m\u00e1xima eficacia.<\/p>\n<h2>Historia del Chaga<\/h2>\n<p>El Chaga se utiliza desde hace siglos, especialmente en la medicina popular siberiana y rusa. Las comunidades ind\u00edgenas siberianas preparaban t\u00e9 de Chaga para mejorar la resistencia y la salud en general. En la medicina tradicional china, se reconoc\u00eda como un adapt\u00f3geno que ayudaba al organismo a controlar el estr\u00e9s y la fatiga.<\/p>\n<p>La investigaci\u00f3n moderna destaca los compuestos bioactivos del Chaga, reforzando su papel en el bienestar hol\u00edstico. Con su rica concentraci\u00f3n de polisac\u00e1ridos, betulina y \u00e1cido betul\u00ednico, el Chaga sigue siendo un popular remedio natural, conocido por sus propiedades inmunoestimulantes y antioxidantes.<\/p>\n<h2>C\u00f3mo utilizar Chaga<\/h2>\n<p>A\u00f1adir Chaga a su rutina diaria es sencillo y eficaz. Cada c\u00e1psula contiene 400 mg de extracto de Chaga org\u00e1nico de primera calidad, enriquecido con vitamina C y zinc para potenciar sus beneficios.<\/p>\n<p>La dosis recomendada es de dos c\u00e1psulas al d\u00eda, tomadas con las comidas y agua. Para obtener los mejores resultados, la constancia es la clave. El Chaga tambi\u00e9n puede combinarse con otros hongos medicinales para un enfoque m\u00e1s completo del bienestar. Estas c\u00e1psulas aptas para veganos son f\u00e1ciles de tomar y adecuadas para el uso diario.<\/p>\n<h2>Ingredientes de Chaga Capsules<\/h2>\n<p>Cada c\u00e1psula vegana est\u00e1 formulada con 400 mg de extracto org\u00e1nico Chaga, procedente exclusivamente del cuerpo fruct\u00edfero (esclerocios) del hongo. El extracto de espectro completo se somete tanto a la extracci\u00f3n de agua y etanol para maximizar la biodisponibilidad.<\/p>\n<p>La f\u00f3rmula est\u00e1 enriquecida adem\u00e1s con Vitamina C y Zinc, ambos conocidos por sus propiedades de refuerzo inmunitario. La vitamina C favorece el metabolismo energ\u00e9tico, mientras que el zinc contribuye a la salud del sistema inmunitario y a la vitalidad general. Los ingredientes adicionales incluyen citrato de magnesio y di\u00f3xido de silicio para la estabilidad de la c\u00e1psula.<\/p>\n<p><strong>Advertencia<\/strong><\/p>\n<p>Chaga por McMyco es un suplemento diet\u00e9tico y debe utilizarse en consecuencia. Mantener fuera del alcance de los ni\u00f1os. Consulte a un profesional de la salud antes de usar si est\u00e1 embarazada, amamantando o tiene condiciones de salud subyacentes. No exceda la dosis diaria recomendada.<\/p>","protected":false},"excerpt":{"rendered":"<p>Chaga, tambi\u00e9n conocido como el diamante del bosque se ha utilizado durante siglos para apoyar la inmunidad y combatir los virus. Chaga contiene fuertes antioxidantes que pueden ayudar a combatir ciertas formas de c\u00e1ncer debido a los \u00e1cidos betul\u00ednicos, ergosterol, fecosterol y epsterol que se encuentran en su superficie como cumarinas que se cree que son cancer\u00edgenos o anticancer\u00edgenos en dosis altas.<\/p>","protected":false},"featured_media":87983,"template":"","meta":[],"product_brand":[],"product_cat":[813,297,461,455,630,404,462,398,399,384,458,456],"product_tag":[978],"class_list":{"0":"post-35611","1":"product","2":"type-product","3":"status-publish","4":"has-post-thumbnail","6":"product_cat-mcmyco","7":"product_cat-all-products","8":"product_cat-detox","9":"product_cat-healthshop","10":"product_cat-healthshop-top-10","11":"product_cat-medicinal-mushrooms-supplements","12":"product_cat-medicinal-mushrooms-healthshop","13":"product_cat-mushrooms","14":"product_cat-shroomshop","15":"product_cat-smartshop","16":"product_cat-superfoods","17":"product_cat-supplements","18":"product_tag-shrdeal","19":"product_shipping_class-creditcard-on","21":"first","22":"instock","23":"taxable","24":"shipping-taxable","25":"purchasable","26":"product-type-variable","27":"has-default-attributes"},"_links":{"self":[{"href":"https:\/\/www.headshop.nl\/es\/wp-json\/wp\/v2\/product\/35611","targetHints":{"allow":["GET"]}}],"collection":[{"href":"https:\/\/www.headshop.nl\/es\/wp-json\/wp\/v2\/product"}],"about":[{"href":"https:\/\/www.headshop.nl\/es\/wp-json\/wp\/v2\/types\/product"}],"wp:featuredmedia":[{"embeddable":true,"href":"https:\/\/www.headshop.nl\/es\/wp-json\/wp\/v2\/media\/87983"}],"wp:attachment":[{"href":"https:\/\/www.headshop.nl\/es\/wp-json\/wp\/v2\/media?parent=35611"}],"wp:term":[{"taxonomy":"product_brand","embeddable":true,"href":"https:\/\/www.headshop.nl\/es\/wp-json\/wp\/v2\/product_brand?post=35611"},{"taxonomy":"product_cat","embeddable":true,"href":"https:\/\/www.headshop.nl\/es\/wp-json\/wp\/v2\/product_cat?post=35611"},{"taxonomy":"product_tag","embeddable":true,"href":"https:\/\/www.headshop.nl\/es\/wp-json\/wp\/v2\/product_tag?post=35611"}],"curies":[{"name":"wp","href":"https:\/\/api.w.org\/{rel}","templated":true}]}}