{"id":35552,"date":"2024-08-12T11:39:30","date_gmt":"2024-08-12T11:39:30","guid":{"rendered":"https:\/\/www.headshop.nl\/?post_type=product&#038;p=35552"},"modified":"2026-03-28T01:26:15","modified_gmt":"2026-03-28T01:26:15","slug":"high-hawaiians-magic-truffles","status":"publish","type":"product","link":"https:\/\/www.headshop.nl\/es\/high-hawaiians-magic-truffles\/","title":{"rendered":"High Hawaiians"},"content":{"rendered":"<h2 class=\"\" dir=\"auto\">\u00bfQu\u00e9 son las trufas m\u00e1gicas High Hawaiians?<\/h2>\n<p class=\"break-words\" dir=\"auto\">Las Trufas M\u00e1gicas High Hawaiians son esclerocios, una densa red de micelio formada bajo tierra por hongos espec\u00edficos cuando condiciones como temperaturas m\u00e1s fr\u00edas y mayor humedad retrasan el crecimiento de las setas. Estas trufas almacenan nutrientes, lo que permite a los hongos brotar m\u00e1s tarde cuando las condiciones mejoran, y contienen psilocibina, que se convierte en psilocina en el cuerpo, afectando a los niveles de serotonina para alucinaciones v\u00edvidas y percepciones alteradas.<\/p>\n<p class=\"break-words\" dir=\"auto\">Conocidas por su potencia, las High Hawaiians son las favoritas de los usuarios experimentados que buscan experiencias psicod\u00e9licas profundas, con efectos que var\u00edan seg\u00fan la dosis y la sensibilidad individual, y ofrecen percepciones visuales, emocionales y filos\u00f3ficas. Su perfil nutricional, que incluye energ\u00eda, prote\u00ednas y minerales, complementa sus propiedades psicoactivas, convirti\u00e9ndolas en un consumible \u00fanico que fomenta el autodescubrimiento y una conexi\u00f3n m\u00e1s profunda con el mundo.<\/p>\n<h2 class=\"\" dir=\"auto\">Historia de las trufas m\u00e1gicas High Hawaiians<\/h2>\n<p class=\"break-words\" dir=\"auto\">El uso de trufas m\u00e1gicas, incluida la High Hawaiians, se remonta a antiguas culturas de Am\u00e9rica Central y del Sur, donde se utilizaban hongos con psilocibina en rituales espirituales y cham\u00e1nicos para conectar con lo divino. En la era moderna, las trufas m\u00e1gicas ganaron adeptos en los Pa\u00edses Bajos, donde siguen siendo legales por distinguirse de los hongos, y la cepa Psilocybe Tampelandia High Hawaiians destac\u00f3 por su notable potencia.<\/p>\n<p class=\"break-words\" dir=\"auto\">Cultivadas para reproducir la formaci\u00f3n natural de esclerocios, las High Hawaiians ganaron popularidad durante el movimiento psicod\u00e9lico de finales del siglo XX, reflejando un cambio cultural hacia la exploraci\u00f3n de la conciencia. Hoy en d\u00eda, son mundialmente codiciadas, mezclando la sabidur\u00eda ancestral con t\u00e9cnicas de cultivo modernas para ofrecer una experiencia consistente y poderosa a los psiconautas.<\/p>\n<h2 class=\"\" dir=\"auto\">C\u00f3mo utilizar las trufas m\u00e1gicas High Hawaiians<\/h2>\n<p class=\"break-words\" dir=\"auto\">Para un consumo seguro, toma High Hawaiians Magic Truffles en un entorno tranquilo y de confianza, empezando con media caja de 25 gramos debido a su potencia, y eval\u00faa los efectos pasados 30-45 minutos antes de consumir m\u00e1s. Masticar bien para una mejor absorci\u00f3n, o preparar en t\u00e9 o sopa, idealmente con el est\u00f3mago vac\u00edo, con efectos que alcanzan su punto m\u00e1ximo 1-3 horas despu\u00e9s de la ingesti\u00f3n y se desvanecen despu\u00e9s de 5-6 horas.<\/p>\n<p class=\"break-words\" dir=\"auto\">Conserve las trufas entre 2\u00b0C y 4\u00b0C en un lugar oscuro y fresco, y evite combinarlas con alcohol, medicamentos u otras drogas; no las consuma si est\u00e1 embarazada, en per\u00edodo de lactancia o es menor de 18 a\u00f1os. Apto para personas con buena salud mental y f\u00edsica, una peque\u00f1a dosis adicional puede potenciar los efectos, pero nunca exceda de una caja por sesi\u00f3n para disfrutar de un viaje \u00fanico y seguro.<\/p>\n<h2 class=\"\" dir=\"auto\">Ingredientes de las trufas m\u00e1gicas High Hawaiians<\/h2>\n<p class=\"break-words\" dir=\"auto\">Las Trufas M\u00e1gicas High Hawaiians, derivadas de la cepa Psilocybe Tampelandia, son ricas en psilocibina y psilocina, los compuestos que impulsan sus efectos alucin\u00f3genos. Por cada 100 gramos, aportan 464,7 kJ (110,5 kcal) de energ\u00eda, 13,2 gramos de hidratos de carbono, 5,3 gramos de prote\u00ednas, 0,4 gramos de grasa y 16,7 gramos de fibra alimentaria, que favorecen la salud digestiva.<\/p>\n<p class=\"break-words\" dir=\"auto\">Su contenido mineral incluye 210 mg de potasio, 169,3 mg de f\u00f3sforo, 13,6 mg de sodio, 12,5 mg de calcio y 0,7 mg de hierro, junto con 10 UI de vitamina D y 0,3 gramos de sal. Esta composici\u00f3n natural a partir de micelio garantiza un producto puro con valor tanto psicoactivo como nutricional.<\/p>\n<p dir=\"auto\"><strong>Advertencia<\/strong><\/p>\n<p class=\"break-words\" dir=\"auto\">High Hawaiians Las Trufas M\u00e1gicas contienen psilocibina y psilocina, potentes alucin\u00f3genos que alteran la conciencia y los niveles de serotonina, provocando intensos cambios emocionales y perceptivos. Util\u00edzalas con precauci\u00f3n en un entorno seguro, especialmente si no tienes experiencia, y mantenlas alejadas de los ni\u00f1os debido a sus potentes efectos.<\/p>\n<p class=\"break-words\" dir=\"auto\">Evite su uso si tiene problemas de salud mental, afecciones cardiacas o pulmonares, diabetes, tensi\u00f3n arterial alta o baja, o si est\u00e1 embarazada o en periodo de lactancia, y no lo mezcle con otras sustancias ni realice actividades como conducir. Consulte a un profesional sanitario si no est\u00e1 seguro de la idoneidad de su uso.<\/p>","protected":false},"excerpt":{"rendered":"<p>No se puede negar el poder de las Trufas M\u00e1gicas High Hawaiians, as\u00ed que cuidado con el comprador. Estas trufas m\u00e1gicas alucin\u00f3genas son muy potentes y no son para psiconautas inexpertos. Los efectos de estas Psilocybe Tampelandia pueden durar hasta 8 horas, y su potencia har\u00eda aplaudir a Albert Hoffman si tuviera algunas por ah\u00ed.<\/p>\n<p><strong>Experiencia completa: una caja, una persona<\/strong><\/p>","protected":false},"featured_media":76255,"template":"","meta":[],"product_brand":[],"product_cat":[402,297,812,706,398,399,626,384,625,832],"product_tag":[1039],"class_list":{"0":"post-35552","1":"product","2":"type-product","3":"status-publish","4":"has-post-thumbnail","6":"product_cat-magic-truffles","7":"product_cat-all-products","8":"product_cat-mcsmart-truffles","9":"product_cat-microdosing-truffles","10":"product_cat-mushrooms","11":"product_cat-shroomshop","12":"product_cat-shroomshop-top-10","13":"product_cat-smartshop","14":"product_cat-smartshop-top-10","15":"product_cat-strong-magic-truffles","16":"product_tag-triple-deal","17":"product_shipping_class-group-7","19":"first","20":"instock","21":"taxable","22":"shipping-taxable","23":"purchasable","24":"product-type-variable","25":"has-default-attributes"},"_links":{"self":[{"href":"https:\/\/www.headshop.nl\/es\/wp-json\/wp\/v2\/product\/35552","targetHints":{"allow":["GET"]}}],"collection":[{"href":"https:\/\/www.headshop.nl\/es\/wp-json\/wp\/v2\/product"}],"about":[{"href":"https:\/\/www.headshop.nl\/es\/wp-json\/wp\/v2\/types\/product"}],"wp:featuredmedia":[{"embeddable":true,"href":"https:\/\/www.headshop.nl\/es\/wp-json\/wp\/v2\/media\/76255"}],"wp:attachment":[{"href":"https:\/\/www.headshop.nl\/es\/wp-json\/wp\/v2\/media?parent=35552"}],"wp:term":[{"taxonomy":"product_brand","embeddable":true,"href":"https:\/\/www.headshop.nl\/es\/wp-json\/wp\/v2\/product_brand?post=35552"},{"taxonomy":"product_cat","embeddable":true,"href":"https:\/\/www.headshop.nl\/es\/wp-json\/wp\/v2\/product_cat?post=35552"},{"taxonomy":"product_tag","embeddable":true,"href":"https:\/\/www.headshop.nl\/es\/wp-json\/wp\/v2\/product_tag?post=35552"}],"curies":[{"name":"wp","href":"https:\/\/api.w.org\/{rel}","templated":true}]}}