{"id":35536,"date":"2021-08-12T11:19:16","date_gmt":"2021-08-12T11:19:16","guid":{"rendered":"https:\/\/www.headshop.nl\/?post_type=product&#038;p=35536"},"modified":"2026-03-08T13:26:20","modified_gmt":"2026-03-08T13:26:20","slug":"atlantis-magic-truffles","status":"publish","type":"product","link":"https:\/\/www.headshop.nl\/es\/atlantis-magic-truffles\/","title":{"rendered":"Atlantis"},"content":{"rendered":"<h2 class=\"\" dir=\"auto\">\u00bfQu\u00e9 son las trufas m\u00e1gicas Psilocybe Atlantis?<\/h2>\n<p class=\"break-words\" dir=\"auto\">Las Trufas M\u00e1gicas Psilocybe Atlantis son esclerocios, formaciones subterr\u00e1neas de micelio que almacenan nutrientes para el crecimiento de hongos cuando condiciones como temperaturas m\u00e1s fr\u00edas y mayor humedad impiden la fructificaci\u00f3n. Ricas en psilocibina, estas trufas proporcionan una potente experiencia psicoactiva, que va desde v\u00edvidas alucinaciones a profundos conocimientos filos\u00f3ficos, lo que las convierte en una elecci\u00f3n popular para quienes buscan creatividad, autoconocimiento y crecimiento personal.<\/p>\n<p class=\"break-words\" dir=\"auto\">Su accesibilidad y versatilidad, combinadas con nutrientes como carbohidratos, prote\u00ednas y minerales, aumentan su atractivo como producto natural que expande la mente y ayuda al organismo. Utilizadas hist\u00f3ricamente en pr\u00e1cticas espirituales y ahora adoptadas para la exploraci\u00f3n moderna, las Trufas M\u00e1gicas Psilocybe Atlantis ofrecen una forma segura y controlada de liberar el potencial de la mente en un entorno de confianza.<\/p>\n<h2 class=\"\" dir=\"auto\">Historia de las trufas m\u00e1gicas Psilocybe Atlantis<\/h2>\n<p class=\"break-words\" dir=\"auto\">El legado de la Psilocybe Atlantis Magic Truffles se remonta a las antiguas culturas Mesoamericanas, donde los hongos que conten\u00edan psilocibina se utilizaban en rituales cham\u00e1nicos para entrar en comuni\u00f3n con lo divino y obtener visiones profundas. La variedad Atlantis, llamada as\u00ed por su encanto m\u00edstico y descubierta en el sudeste de Estados Unidos, se basa en esta tradici\u00f3n con su equilibrada mezcla de efectos visuales v\u00edvidos y profundidad introspectiva, adaptada al uso contempor\u00e1neo.<\/p>\n<p class=\"break-words\" dir=\"auto\">La comprensi\u00f3n cient\u00edfica de los efectos de la psilocibina sobre los receptores de serotonina ha aumentado, validando su importancia hist\u00f3rica y alimentando el inter\u00e9s moderno en los psicod\u00e9licos para la exploraci\u00f3n terap\u00e9utica y personal. Legales en algunas regiones, las Trufas M\u00e1gicas Psilocybe Atlantis reflejan un cambio cultural hacia la adopci\u00f3n de sustancias naturales para el crecimiento mental y emocional, cautivando a los usuarios con su capacidad para inspirar asombro y autodescubrimiento.<\/p>\n<h2 class=\"\" dir=\"auto\">C\u00f3mo utilizar las trufas m\u00e1gicas Psilocybe Atlantis<\/h2>\n<p class=\"break-words\" dir=\"auto\">Para experimentar con seguridad las Trufas M\u00e1gicas Psilocybe Atlantis, empieza en un entorno tranquilo y familiar, consumiendo la mitad de una caja de 15 gramos con el est\u00f3mago vac\u00edo, masticando bien o prepar\u00e1ndola en t\u00e9 o sopa para una mejor absorci\u00f3n. Espere 30-45 minutos para evaluar los efectos antes de considerar m\u00e1s, nunca exceda de una caja por sesi\u00f3n, y almacenar a 2 \u00b0 C-4 \u00b0 C en un lugar oscuro para preservar la potencia.<\/p>\n<p class=\"break-words\" dir=\"auto\">Los efectos alcanzan su punto \u00e1lgido en 1-3 horas y duran 5-6 horas; evita combinarlo con alcohol, medicamentos o sustancias, y no lo consumas si eres menor de 18 a\u00f1os, est\u00e1s embarazada o sufres trastornos como depresi\u00f3n o problemas cardiacos. Relax, mantente hidratado y deja que las trufas gu\u00eden un viaje transformador de introspecci\u00f3n y asombro, adaptado a tu mentalidad y entorno con un cuidadoso cumplimiento de las directrices.<\/p>\n<h2 class=\"\" dir=\"auto\">Ingredientes de las trufas m\u00e1gicas Psilocybe Atlantis<\/h2>\n<p class=\"break-words\" dir=\"auto\">Las Trufas M\u00e1gicas Psilocybe Atlantis contienen psilocibina, que se convierte en psilocina para producir efectos alucin\u00f3genos a trav\u00e9s de los receptores de serotonina, junto con nutrientes como 13,2g de carbohidratos, 5,3g de prote\u00ednas, 0,4g de grasas y 16,7g de fibra diet\u00e9tica por 100g. Tambi\u00e9n aportan 210 mg de potasio, 169,3 mg de f\u00f3sforo, 12,5 mg de calcio, 0,7 mg de hierro, 13,6 mg de sodio, 0,3 g de sal y 10 UI de vitamina D, que contribuyen a la energ\u00eda y las funciones corporales.<\/p>\n<p class=\"break-words\" dir=\"auto\">Formadas como esclerocios, estas trufas absorben nutrientes de forma natural, ofreciendo una mezcla pura de beneficios psicoactivos y nutricionales sin aditivos. Esta composici\u00f3n hol\u00edstica las convierte en una opci\u00f3n \u00fanica para una experiencia m\u00edstica y un apoyo diet\u00e9tico menor, atractiva para usuarios que buscan tanto exploraci\u00f3n mental como sustento f\u00edsico, siempre que se respete la potencia de la psilocibina.<\/p>\n<p dir=\"auto\"><strong>Advertencia<\/strong><\/p>\n<p class=\"break-words\" dir=\"auto\">Las Trufas M\u00e1gicas Psilocybe Atlantis contienen psilocibina y psilocina, potentes alucin\u00f3genos que inducen alucinaciones v\u00edvidas y alteran la conciencia, por lo que requieren un uso prudente en un entorno controlado. Evite su consumo si es menor de 18 a\u00f1os, est\u00e1 embarazada, en per\u00edodo de lactancia o si padece problemas de salud mental, depresi\u00f3n, hipertensi\u00f3n\/hipertensi\u00f3n arterial, afecciones card\u00edacas o pulmonares o diabetes, y mant\u00e9ngalas fuera del alcance de los ni\u00f1os debido a sus efectos psicoactivos.<\/p>\n<p class=\"break-words\" dir=\"auto\">No combinar con alcohol, medicamentos o drogas, y abstenerse de conducir o manejar maquinaria durante o despu\u00e9s del consumo. Garantice un estado mental estable y un consumo responsable, siguiendo las directrices de seguridad y almacenando de forma segura, para lograr una experiencia segura y positiva con estas trufas transformadoras.<\/p>","protected":false},"excerpt":{"rendered":"<p>Las Trufas M\u00e1gicas Atlantis son una experiencia incre\u00edble. No te provocar\u00e1n sensaciones extra\u00f1as o inc\u00f3modas, sino que son perfectas para aquellos que desean una experiencia psicod\u00e9lica suave que les ayude a ampliar su visi\u00f3n creativa del mundo. Si nunca has probado una trufa m\u00e1gica pero quieres una de todos modos, \u00a1te las recomendamos!<\/p>","protected":false},"featured_media":35500,"template":"","meta":[],"product_brand":[],"product_cat":[402,297,831,812,706,398,399,626,384,625],"product_tag":[978],"class_list":{"0":"post-35536","1":"product","2":"type-product","3":"status-publish","4":"has-post-thumbnail","6":"product_cat-magic-truffles","7":"product_cat-all-products","8":"product_cat-beginner-magic-truffles","9":"product_cat-mcsmart-truffles","10":"product_cat-microdosing-truffles","11":"product_cat-mushrooms","12":"product_cat-shroomshop","13":"product_cat-shroomshop-top-10","14":"product_cat-smartshop","15":"product_cat-smartshop-top-10","16":"product_tag-shrdeal","17":"product_shipping_class-group-7","19":"first","20":"instock","21":"taxable","22":"shipping-taxable","23":"purchasable","24":"product-type-variable","25":"has-default-attributes"},"_links":{"self":[{"href":"https:\/\/www.headshop.nl\/es\/wp-json\/wp\/v2\/product\/35536","targetHints":{"allow":["GET"]}}],"collection":[{"href":"https:\/\/www.headshop.nl\/es\/wp-json\/wp\/v2\/product"}],"about":[{"href":"https:\/\/www.headshop.nl\/es\/wp-json\/wp\/v2\/types\/product"}],"wp:featuredmedia":[{"embeddable":true,"href":"https:\/\/www.headshop.nl\/es\/wp-json\/wp\/v2\/media\/35500"}],"wp:attachment":[{"href":"https:\/\/www.headshop.nl\/es\/wp-json\/wp\/v2\/media?parent=35536"}],"wp:term":[{"taxonomy":"product_brand","embeddable":true,"href":"https:\/\/www.headshop.nl\/es\/wp-json\/wp\/v2\/product_brand?post=35536"},{"taxonomy":"product_cat","embeddable":true,"href":"https:\/\/www.headshop.nl\/es\/wp-json\/wp\/v2\/product_cat?post=35536"},{"taxonomy":"product_tag","embeddable":true,"href":"https:\/\/www.headshop.nl\/es\/wp-json\/wp\/v2\/product_tag?post=35536"}],"curies":[{"name":"wp","href":"https:\/\/api.w.org\/{rel}","templated":true}]}}