{"id":35472,"date":"2021-08-12T11:10:04","date_gmt":"2021-08-12T11:10:04","guid":{"rendered":"https:\/\/www.headshop.nl\/?post_type=product&#038;p=35472"},"modified":"2025-12-31T13:26:42","modified_gmt":"2025-12-31T13:26:42","slug":"mexicana-magic-truffles","status":"publish","type":"product","link":"https:\/\/www.headshop.nl\/es\/mexicana-magic-truffles\/","title":{"rendered":"Mexicana"},"content":{"rendered":"<h2 dir=\"auto\">\u00bfQu\u00e9 son las trufas m\u00e1gicas Mexicana?<\/h2>\n<p dir=\"auto\">Las Trufas M\u00e1gicas Mexicana, conocidas como esclerocios, son formaciones subterr\u00e1neas de micelio de Psilocybe Mexicana que almacenan nutrientes para el crecimiento de las setas en condiciones espec\u00edficas como bajadas de temperatura y aumento de la humedad. Al contener psilocibina, que se convierte en psilocina para influir en los niveles de serotonina, estas trufas inducen una experiencia alucin\u00f3gena suave pero profunda, con visiones vibrantes y visiones introspectivas, ideal para los que se inician en la psicodelia.<\/p>\n<p dir=\"auto\">Famosas por fomentar el autodescubrimiento y la percepci\u00f3n alterada, las Trufas M\u00e1gicas Mexicana ofrecen un viaje seguro y controlado en una caja de 15 gramos hecha a medida para un solo usuario. Su perfil nutricional, que incluye carbohidratos, prote\u00ednas y minerales, favorece las funciones corporales, lo que las convierte en un producto hol\u00edstico que une la exploraci\u00f3n personal con el sustento f\u00edsico para una conexi\u00f3n m\u00e1s profunda con uno mismo y con el mundo.<\/p>\n<h2 dir=\"auto\">Historia de las trufas m\u00e1gicas Mexicana<\/h2>\n<p dir=\"auto\">La historia de las trufas m\u00e1gicas Mexicana se remonta a las antiguas culturas Mesoamericanas, donde la Psilocybe Mexicana, apodada \"carne de los dioses\" por los aztecas, se utilizaba en ceremonias espirituales para la curaci\u00f3n, la adivinaci\u00f3n y la conexi\u00f3n divina. A pesar de la supresi\u00f3n colonial, su uso persisti\u00f3, llamando la atenci\u00f3n de Occidente en el siglo XX, cuando los investigadores redescubrieron sus propiedades psicoactivas, despertando el inter\u00e9s mundial por los hongos que contienen psilocibina.<\/p>\n<p dir=\"auto\">Hoy en d\u00eda, las Trufas M\u00e1gicas Mexicana se cultivan en todo el mundo por sus efectos m\u00e1s suaves, que combinan antiguas tradiciones cham\u00e1nicas con la exploraci\u00f3n moderna. Su contenido nutricional, que incluye vitaminas y minerales, aumenta su atractivo como producto natural, conectando a los usuarios con pr\u00e1cticas centenarias de crecimiento espiritual y autodescubrimiento de forma segura y controlada.<\/p>\n<h2 dir=\"auto\">C\u00f3mo utilizar las trufas m\u00e1gicas Mexicana<\/h2>\n<p dir=\"auto\">Para disfrutar con seguridad de las Trufas M\u00e1gicas Mexicana, cons\u00famelas en un entorno tranquilo y familiar con compa\u00f1eros de confianza, empezando con la mitad de una caja de 15 gramos, masticada a conciencia o preparada en t\u00e9 o sopa, con el est\u00f3mago vac\u00edo para una absorci\u00f3n \u00f3ptima. Espere 30-45 minutos para evaluar los efectos antes de considerar m\u00e1s, nunca m\u00e1s de una caja, con efectos m\u00e1ximos dentro de 1-3 horas y duran 5-6 horas; almacenar a 2-4 \u00b0 C en un lugar oscuro.<\/p>\n<p dir=\"auto\">Evite combinarlo con alcohol, medicamentos o sustancias, y no lo consuma si es menor de 18 a\u00f1os, est\u00e1 embarazada o padece problemas de salud mental, cardiopat\u00edas o diabetes; abst\u00e9ngase de conducir o de realizar actividades de riesgo. Ac\u00e9rquese con la mente abierta, mant\u00e9ngase hidratado y siga las directrices para disfrutar del transformador viaje visual y filos\u00f3fico que ofrecen estas trufas.<\/p>\n<h2 dir=\"auto\">Ingredientes de las trufas m\u00e1gicas Mexicana<\/h2>\n<p dir=\"auto\">Las Trufas M\u00e1gicas Mexicana, formadas por esclerocios de Psilocybe Mexicana, contienen psilocibina, que se convierte en psilocina para producir efectos alucin\u00f3genos, junto con nutrientes como 464,7 kJ de energ\u00eda, 13,2g de carbohidratos, 5,3g de prote\u00ednas, 0,4g de grasas y 16,7g de fibra diet\u00e9tica por 100g. Tambi\u00e9n aportan 210 mg de potasio, 169,3 mg de f\u00f3sforo, 12,5 mg de calcio, 0,7 mg de hierro, 0,3 g de sal y 10 UI de vitamina D, que contribuyen a la energ\u00eda, la reparaci\u00f3n de tejidos y la salud en general.<\/p>\n<p dir=\"auto\">Sin aditivos, estas trufas ofrecen una mezcla pura y org\u00e1nica de beneficios psicoactivos y nutricionales, lo que las convierte en algo m\u00e1s que una sustancia psicod\u00e9lica. El uso responsable es crucial debido a los potentes efectos de la psilocibina sobre la percepci\u00f3n y la conciencia, lo que garantiza una experiencia profunda y segura en un entorno controlado.<\/p>\n<p dir=\"auto\"><strong>Advertencia<\/strong><\/p>\n<p dir=\"auto\">Mexicana Las Trufas M\u00e1gicas contienen psilocibina y psilocina, potentes alucin\u00f3genos que alteran significativamente la conciencia, induciendo v\u00edvidas alucinaciones y afectando al estado de \u00e1nimo, la percepci\u00f3n y la cognici\u00f3n, por lo que requieren un uso prudente en un entorno seguro. Evite su consumo si es menor de 18 a\u00f1os, est\u00e1 embarazada, en per\u00edodo de lactancia o padece trastornos mentales, problemas card\u00edacos o pulmonares, diabetes o problemas de tensi\u00f3n arterial, y mant\u00e9ngalo fuera del alcance de los ni\u00f1os debido a sus propiedades psicoactivas.<\/p>\n<p dir=\"auto\">No combinar con alcohol, medicamentos o drogas, y abstenerse de conducir o manejar maquinaria durante o despu\u00e9s de su uso, ya que los efectos pueden persistir. Empieza con una dosis peque\u00f1a, gu\u00e1rdala de forma segura a 2-4\u00b0C y sigue las directrices de seguridad para garantizar una experiencia responsable y positiva con estas potentes trufas.<\/p>","protected":false},"excerpt":{"rendered":"<p>Con las Trufas M\u00e1gicas Mexicana te lo pasar\u00e1s en grande con pintorescos efectos visuales. Estas son las trufas perfectas para iniciarte en tu aventura psicod\u00e9lica de trufas, ya que son m\u00e1s suaves que otras cepas, pero a\u00fan as\u00ed te ofrecen todos los beneficios de variedades m\u00e1s potentes como la experimentaci\u00f3n visual colorida y la euforia. \u00a1Que se alegren los principiantes!<\/p>","protected":false},"featured_media":35494,"template":"","meta":[],"product_brand":[],"product_cat":[402,297,831,812,706,398,399,384],"product_tag":[978],"class_list":{"0":"post-35472","1":"product","2":"type-product","3":"status-publish","4":"has-post-thumbnail","6":"product_cat-magic-truffles","7":"product_cat-all-products","8":"product_cat-beginner-magic-truffles","9":"product_cat-mcsmart-truffles","10":"product_cat-microdosing-truffles","11":"product_cat-mushrooms","12":"product_cat-shroomshop","13":"product_cat-smartshop","14":"product_tag-shrdeal","15":"product_shipping_class-group-7","17":"first","18":"instock","19":"taxable","20":"shipping-taxable","21":"purchasable","22":"product-type-variable","23":"has-default-attributes"},"_links":{"self":[{"href":"https:\/\/www.headshop.nl\/es\/wp-json\/wp\/v2\/product\/35472","targetHints":{"allow":["GET"]}}],"collection":[{"href":"https:\/\/www.headshop.nl\/es\/wp-json\/wp\/v2\/product"}],"about":[{"href":"https:\/\/www.headshop.nl\/es\/wp-json\/wp\/v2\/types\/product"}],"wp:featuredmedia":[{"embeddable":true,"href":"https:\/\/www.headshop.nl\/es\/wp-json\/wp\/v2\/media\/35494"}],"wp:attachment":[{"href":"https:\/\/www.headshop.nl\/es\/wp-json\/wp\/v2\/media?parent=35472"}],"wp:term":[{"taxonomy":"product_brand","embeddable":true,"href":"https:\/\/www.headshop.nl\/es\/wp-json\/wp\/v2\/product_brand?post=35472"},{"taxonomy":"product_cat","embeddable":true,"href":"https:\/\/www.headshop.nl\/es\/wp-json\/wp\/v2\/product_cat?post=35472"},{"taxonomy":"product_tag","embeddable":true,"href":"https:\/\/www.headshop.nl\/es\/wp-json\/wp\/v2\/product_tag?post=35472"}],"curies":[{"name":"wp","href":"https:\/\/api.w.org\/{rel}","templated":true}]}}