{"id":35193,"date":"2021-08-10T10:24:17","date_gmt":"2021-08-10T10:24:17","guid":{"rendered":"https:\/\/www.headshop.nl\/?post_type=product&#038;p=35193"},"modified":"2025-02-14T09:11:53","modified_gmt":"2025-02-14T09:11:53","slug":"kanna-20x-extract","status":"publish","type":"product","link":"https:\/\/www.headshop.nl\/es\/kanna-20x-extract\/","title":{"rendered":"Kanna 20x Extract"},"content":{"rendered":"<h2 data-start=\"343\" data-end=\"362\">\u00bfQu\u00e9 es Kanna?<\/h2>\n<p data-start=\"363\" data-end=\"988\">El Kanna, cient\u00edficamente conocido como Sceletium Tortuosum, es un extracto natural de plantas con diversos usos. Originario de Sud\u00e1frica, se ha masticado tradicionalmente por sus propiedades estimulantes y para mejorar el estado de \u00e1nimo. Hoy en d\u00eda, el Kanna est\u00e1 disponible en varias formas, incluyendo extractos potentes como la versi\u00f3n 20x, que es aproximadamente 20 veces m\u00e1s potente que las hojas secas normales. El principal atractivo del Kanna reside en su capacidad para aumentar la energ\u00eda, reducir la ansiedad, incrementar la paz interior e incluso favorecer la salud sexual. Esto la convierte en una opci\u00f3n interesante para quienes buscan una forma natural de mejorar su bienestar general.<\/p>\n<p data-start=\"990\" data-end=\"1490\">En Sud\u00e1frica, el Kanna se utiliza desde hace siglos, pero su popularidad ha crecido a escala internacional a medida que m\u00e1s personas descubren sus beneficios. El extracto es especialmente apreciado por su mayor potencia, que ofrece un efecto m\u00e1s fuerte e inmediato que los m\u00e9todos tradicionales. Kanna es utilizado por muchos por su capacidad para promover la relajaci\u00f3n, aumentar el estado de alerta, y ayudar a los usuarios a sentirse m\u00e1s centrado. Con sus potentes efectos, Kanna sigue ganando reconocimiento como un remedio natural vers\u00e1til y valioso.<\/p>\n<h2 data-start=\"1492\" data-end=\"1513\">Historia de Kanna<\/h2>\n<p data-start=\"1514\" data-end=\"1987\">La historia de la Kanna se remonta a finales del siglo XIX, cuando fue descubierta por primera vez por bot\u00e1nicos holandeses en Sud\u00e1frica. Los ind\u00edgenas de la regi\u00f3n llevaban mucho tiempo utilizando la planta masticando sus hojas para experimentar sus efectos calmantes y de mejora del estado de \u00e1nimo. Cuando los bot\u00e1nicos holandeses descubrieron esta pr\u00e1ctica, trajeron la planta a Europa para estudiarla m\u00e1s a fondo. Con el tiempo, la Kanna se refin\u00f3 en extractos, que son mucho m\u00e1s potentes que el simple consumo de hojas secas.<\/p>\n<p data-start=\"1989\" data-end=\"2499\">Los compuestos activos de la planta se aislaron gradualmente, lo que llev\u00f3 al desarrollo de extractos concentrados, como la versi\u00f3n 20x. Estas formas modernas de Kanna son mucho m\u00e1s potentes, lo que permite a los usuarios experimentar sus efectos m\u00e1s r\u00e1pida e intensamente. Aunque su uso se localiz\u00f3 inicialmente en Sud\u00e1frica, el inter\u00e9s mundial por el Kanna ha aumentado a medida que se han ido conociendo mejor sus beneficios. El Kanna est\u00e1 ahora disponible en diversas formas en todo el mundo, proporcionando una forma accesible para que la gente explore sus diversos efectos.<\/p>\n<h2 data-start=\"2501\" data-end=\"2522\">C\u00f3mo utilizar Kanna<\/h2>\n<p data-start=\"2523\" data-end=\"2930\">El Kanna puede utilizarse de varias formas, siendo el t\u00e9 uno de los m\u00e9todos m\u00e1s populares. El extracto 20x puede prepararse en forma de t\u00e9, con una dosis habitual de unos 150 mg para un efecto moderado. Este m\u00e9todo permite a los usuarios experimentar una sensaci\u00f3n calmante y energizante que dura horas. El extracto tambi\u00e9n se puede masticar, como hac\u00edan los nativos sudafricanos, aunque este m\u00e9todo puede tardar m\u00e1s en producir efectos.<\/p>\n<p data-start=\"2932\" data-end=\"3384\">La belleza del Kanna reside en su versatilidad. Dado que el extracto 20x es m\u00e1s fuerte que el Kanna est\u00e1ndar, los usuarios pueden empezar con peque\u00f1as cantidades y ajustar la dosis en funci\u00f3n de sus preferencias. Es esencial crear tolerancia gradualmente para evitar efectos abrumadores. El Kanna tambi\u00e9n est\u00e1 disponible en c\u00e1psulas o polvos, que pueden mezclarse con otras sustancias para potenciar sus efectos. La elecci\u00f3n del m\u00e9todo depende de las preferencias individuales y de los resultados deseados.<\/p>\n<p data-start=\"3386\" data-end=\"3613\">Kanna no induce alucinaciones, por lo que es adecuado para aquellos que buscan un cambio leve pero notable en el estado de \u00e1nimo y la energ\u00eda. Se fomenta la experimentaci\u00f3n, lo que permite a los usuarios descubrir la dosis y el m\u00e9todo perfectos para sus necesidades.<\/p>\n<h2 data-start=\"3615\" data-end=\"3640\">Ingredientes del Kanna<\/h2>\n<p data-start=\"3641\" data-end=\"4016\">El Sceletium Tortuosum, o Kanna, contiene varios compuestos activos que contribuyen a sus efectos terap\u00e9uticos y de alteraci\u00f3n del estado de \u00e1nimo. Estos compuestos incluyen alcaloides como la mesembrina, la mesembrenona y la tortuosamina. Estos alcaloides son conocidos por su capacidad para afectar a los receptores cerebrales de la serotonina y la dopamina, lo que produce efectos estimulantes, energizantes y calmantes.<\/p>\n<p data-start=\"4018\" data-end=\"4395\">El extracto 20x de Kanna es concentrado, lo que significa que contiene una mayor concentraci\u00f3n de estos compuestos activos en comparaci\u00f3n con las hojas secas. Esto hace que el extracto sea mucho m\u00e1s potente, proporcionando resultados m\u00e1s fuertes y r\u00e1pidos. La combinaci\u00f3n espec\u00edfica de alcaloides en Kanna es responsable de su capacidad \u00fanica para mejorar el estado de \u00e1nimo y los niveles de energ\u00eda sin causar ning\u00fan efecto psicod\u00e9lico.<\/p>\n<p data-start=\"4397\" data-end=\"4731\">Aunque el Kanna se ha utilizado tradicionalmente para reducir la ansiedad, aumentar la relajaci\u00f3n y promover una sensaci\u00f3n de bienestar, tambi\u00e9n se cree que ayuda con la libido. La compleja mezcla de compuestos de la planta hace que sea eficaz para una variedad de prop\u00f3sitos, ofreciendo a los usuarios una forma natural de apoyar la salud mental, los niveles de energ\u00eda y la funci\u00f3n sexual.<\/p>\n<p data-start=\"4733\" data-end=\"4972\" data-is-last-node=\"\"><strong data-start=\"4733\" data-end=\"4744\">Advertencia<\/strong><br data-start=\"4744\" data-end=\"4747\" \/>Es aconsejable comenzar con una dosis peque\u00f1a al usar Kanna, especialmente el extracto 20x, ya que su fuerza puede ser abrumadora para algunas personas. Controle siempre la respuesta de su cuerpo y aumente gradualmente la dosis si es necesario.<\/p>","protected":false},"excerpt":{"rendered":"<p>El Sceletium Tortuosum, tambi\u00e9n conocido como Kanna, es un potente producto natural con diversos beneficios como el aumento de la energ\u00eda, la reducci\u00f3n de la ansiedad, la mejora de la calma interior e incluso el aumento de la libido. Este extracto 20x es 20 veces m\u00e1s fuerte que el Kanna est\u00e1ndar, por lo que es una excelente opci\u00f3n para aquellos que buscan efectos m\u00e1s potentes.<\/p>","protected":false},"featured_media":81942,"template":"","meta":[],"product_brand":[],"product_cat":[297,391,389,385,818,397,384,625],"product_tag":[],"class_list":{"0":"post-35193","1":"product","2":"type-product","3":"status-publish","4":"has-post-thumbnail","6":"product_cat-all-products","7":"product_cat-extracts","8":"product_cat-herbs","9":"product_cat-kanna","10":"product_cat-mcmystic","11":"product_cat-party","12":"product_cat-smartshop","13":"product_cat-smartshop-top-10","15":"first","16":"instock","17":"taxable","18":"shipping-taxable","19":"purchasable","20":"product-type-variable","21":"has-default-attributes"},"_links":{"self":[{"href":"https:\/\/www.headshop.nl\/es\/wp-json\/wp\/v2\/product\/35193","targetHints":{"allow":["GET"]}}],"collection":[{"href":"https:\/\/www.headshop.nl\/es\/wp-json\/wp\/v2\/product"}],"about":[{"href":"https:\/\/www.headshop.nl\/es\/wp-json\/wp\/v2\/types\/product"}],"wp:featuredmedia":[{"embeddable":true,"href":"https:\/\/www.headshop.nl\/es\/wp-json\/wp\/v2\/media\/81942"}],"wp:attachment":[{"href":"https:\/\/www.headshop.nl\/es\/wp-json\/wp\/v2\/media?parent=35193"}],"wp:term":[{"taxonomy":"product_brand","embeddable":true,"href":"https:\/\/www.headshop.nl\/es\/wp-json\/wp\/v2\/product_brand?post=35193"},{"taxonomy":"product_cat","embeddable":true,"href":"https:\/\/www.headshop.nl\/es\/wp-json\/wp\/v2\/product_cat?post=35193"},{"taxonomy":"product_tag","embeddable":true,"href":"https:\/\/www.headshop.nl\/es\/wp-json\/wp\/v2\/product_tag?post=35193"}],"curies":[{"name":"wp","href":"https:\/\/api.w.org\/{rel}","templated":true}]}}