{"id":29896,"date":"2019-12-31T00:08:34","date_gmt":"2019-12-31T00:08:34","guid":{"rendered":"https:\/\/headshop.nl\/?post_type=product&#038;p=29896"},"modified":"2024-09-17T11:02:06","modified_gmt":"2024-09-17T11:02:06","slug":"slx-black-grinder-non-stick","status":"publish","type":"product","link":"https:\/\/www.headshop.nl\/es\/slx-black-grinder-non-stick\/","title":{"rendered":"SLX Negro Grinder Antiadherente"},"content":{"rendered":"<h2>SLX Negro Grinder Antiadherente<\/h2>\n<p>Aluminio de grado aeroespacial Mecanizado en aluminio 7075 T6 para evitar roscas cruzadas, dientes doblados y rotos u otros da\u00f1os. La mayor\u00eda de los molinillos est\u00e1n hechos de aluminio de la serie 6, que es m\u00e1s d\u00e9bil. La serie 7 es m\u00e1s cara de mecanizar, pero garantiza que su molinillo de hierbas SLX durar\u00e1 toda la vida.<\/p>\n<p><strong>Disponible en tama\u00f1o de bolsillo de 50,8 mm y tama\u00f1o dom\u00e9stico de 62 mm.<\/strong><\/p>","protected":false},"excerpt":{"rendered":"<p>Revestimiento antiadherente Ceramic La versi\u00f3n 2.0 de SLX est\u00e1 revestida por dentro y por fuera con nuestra cer\u00e1mica patentada non-stick. Cada labio, cada diente, incluso la c\u00e1mara de polen. <\/p>\n<p>Nunca se pega, no necesita limpieza es 100% no t\u00f3xico y no quema ni libera productos qu\u00edmicos nocivos. <strong>Disponible en tama\u00f1o de bolsillo de 50,8 mm y tama\u00f1o dom\u00e9stico de 62 mm.<\/strong><\/p>","protected":false},"featured_media":29902,"template":"","meta":[],"product_brand":[],"product_cat":[440,297,420,414,627,437],"product_tag":[],"class_list":{"0":"post-29896","1":"product","2":"type-product","3":"status-publish","4":"has-post-thumbnail","6":"product_cat-4-part-grinders","7":"product_cat-all-products","8":"product_cat-grinders","9":"product_cat-headshop","10":"product_cat-headshop-top-10","11":"product_cat-metal","12":"product_shipping_class-creditcard-on","14":"first","15":"instock","16":"taxable","17":"shipping-taxable","18":"purchasable","19":"product-type-variable","20":"has-default-attributes"},"_links":{"self":[{"href":"https:\/\/www.headshop.nl\/es\/wp-json\/wp\/v2\/product\/29896","targetHints":{"allow":["GET"]}}],"collection":[{"href":"https:\/\/www.headshop.nl\/es\/wp-json\/wp\/v2\/product"}],"about":[{"href":"https:\/\/www.headshop.nl\/es\/wp-json\/wp\/v2\/types\/product"}],"wp:featuredmedia":[{"embeddable":true,"href":"https:\/\/www.headshop.nl\/es\/wp-json\/wp\/v2\/media\/29902"}],"wp:attachment":[{"href":"https:\/\/www.headshop.nl\/es\/wp-json\/wp\/v2\/media?parent=29896"}],"wp:term":[{"taxonomy":"product_brand","embeddable":true,"href":"https:\/\/www.headshop.nl\/es\/wp-json\/wp\/v2\/product_brand?post=29896"},{"taxonomy":"product_cat","embeddable":true,"href":"https:\/\/www.headshop.nl\/es\/wp-json\/wp\/v2\/product_cat?post=29896"},{"taxonomy":"product_tag","embeddable":true,"href":"https:\/\/www.headshop.nl\/es\/wp-json\/wp\/v2\/product_tag?post=29896"}],"curies":[{"name":"wp","href":"https:\/\/api.w.org\/{rel}","templated":true}]}}