{"id":29776,"date":"2019-12-30T19:44:43","date_gmt":"2019-12-30T19:44:43","guid":{"rendered":"https:\/\/headshop.nl\/?post_type=product&#038;p=29776"},"modified":"2024-09-17T11:02:17","modified_gmt":"2024-09-17T11:02:17","slug":"psilocibine-colored-grinder","status":"publish","type":"product","link":"https:\/\/www.headshop.nl\/es\/psilocibine-colored-grinder\/","title":{"rendered":"Psilocibina Coloreada Grinder"},"content":{"rendered":"<h2>Psilocibina Coloreada Grinder<\/h2>\n<p>El grinder de metal de 4 partes Psilocibine est\u00e1 hecho de aluminio anodizado de alta calidad, mecanizado por CNC para crear una c\u00e1mara de molienda con dientes afilados en forma de diamante. Esto evita que las hierbas sean aplastadas o compactadas, incluso cuando est\u00e1 h\u00famedo y asegura que s\u00f3lo las hierbas finamente trituradas caen en la c\u00e1mara de captura de abajo.<\/p>\n<p>Debajo de la c\u00e1mara de captura inicial hay una secci\u00f3n adicional, separada por un filtro de malla fina donde se recogen los cristales. Esta secci\u00f3n puede retirarse si se desea para convertir el molinillo en un modelo de tres piezas, m\u00e1s estilizado.<\/p>\n<p>La tapa est\u00e1 provista de un fuerte im\u00e1n que la mantiene segura para llevarla a todas partes y su tama\u00f1o estrecho la hace m\u00e1s port\u00e1til. Est\u00e1 grabado con l\u00e1ser con nuestro logotipo Psilocibine por lo que es una adici\u00f3n buena apariencia y funcional a todos los kit de herramientas de los fumadores que va a durar a\u00f1os.<\/p>","protected":false},"excerpt":{"rendered":"<p>Si usted est\u00e1 buscando espec\u00edficamente un molinillo de Psilocibina fresco y peque\u00f1o o est\u00e1 planeando utilizarlo para peque\u00f1as cantidades de hierbas, esta es una gran elecci\u00f3n para un molinillo de 40mm.<\/p>","protected":false},"featured_media":29777,"template":"","meta":[],"product_brand":[],"product_cat":[440,297,420,414,437],"product_tag":[],"class_list":{"0":"post-29776","1":"product","2":"type-product","3":"status-publish","4":"has-post-thumbnail","6":"product_cat-4-part-grinders","7":"product_cat-all-products","8":"product_cat-grinders","9":"product_cat-headshop","10":"product_cat-metal","11":"product_shipping_class-creditcard-on","13":"first","14":"instock","15":"taxable","16":"shipping-taxable","17":"purchasable","18":"product-type-simple"},"_links":{"self":[{"href":"https:\/\/www.headshop.nl\/es\/wp-json\/wp\/v2\/product\/29776","targetHints":{"allow":["GET"]}}],"collection":[{"href":"https:\/\/www.headshop.nl\/es\/wp-json\/wp\/v2\/product"}],"about":[{"href":"https:\/\/www.headshop.nl\/es\/wp-json\/wp\/v2\/types\/product"}],"wp:featuredmedia":[{"embeddable":true,"href":"https:\/\/www.headshop.nl\/es\/wp-json\/wp\/v2\/media\/29777"}],"wp:attachment":[{"href":"https:\/\/www.headshop.nl\/es\/wp-json\/wp\/v2\/media?parent=29776"}],"wp:term":[{"taxonomy":"product_brand","embeddable":true,"href":"https:\/\/www.headshop.nl\/es\/wp-json\/wp\/v2\/product_brand?post=29776"},{"taxonomy":"product_cat","embeddable":true,"href":"https:\/\/www.headshop.nl\/es\/wp-json\/wp\/v2\/product_cat?post=29776"},{"taxonomy":"product_tag","embeddable":true,"href":"https:\/\/www.headshop.nl\/es\/wp-json\/wp\/v2\/product_tag?post=29776"}],"curies":[{"name":"wp","href":"https:\/\/api.w.org\/{rel}","templated":true}]}}