{"id":29690,"date":"2019-12-30T16:07:55","date_gmt":"2019-12-30T16:07:55","guid":{"rendered":"https:\/\/headshop.nl\/?post_type=product&#038;p=29690"},"modified":"2024-09-17T10:49:13","modified_gmt":"2024-09-17T10:49:13","slug":"juicy-jones-grape-cones","status":"publish","type":"product","link":"https:\/\/www.headshop.nl\/es\/juicy-jones-grape-cones\/","title":{"rendered":"Juicy Jones Uva Cones"},"content":{"rendered":"<h2>Juicy Jones Uva<\/h2>\n<p>En el tubo r\u00edgido, encontrar\u00e1s 2 conos pre-enrollados de gran sabor impresos con un dise\u00f1o de Grape y una punta Dank 7 reutilizable. El envoltorio asegura que todo esto se mantenga en perfectas condiciones y la tapa a rosca mantiene el sabor de los ar\u00e1ndanos.<\/p>\n<p>Dank 7 Tip significa que se han dejado durante 7 d\u00edas enteros para que se impregnen del sabor individual que est\u00e1s comprando.<\/p>","protected":false},"excerpt":{"rendered":"<p>Juicy Jays Jones Grape Cones son sabrosos conos pre-enrollados, gracias al sistema de sabor triple dip utilizado por Juicy Jay's que te dan una experiencia de sabor completa.<\/p>","protected":false},"featured_media":29691,"template":"","meta":[],"product_brand":[],"product_cat":[297,483,627,421],"product_tag":[],"class_list":{"0":"post-29690","1":"product","2":"type-product","3":"status-publish","4":"has-post-thumbnail","6":"product_cat-all-products","7":"product_cat-cones","8":"product_cat-headshop-top-10","9":"product_cat-rolling-papers","10":"product_shipping_class-creditcard-on","12":"first","13":"instock","14":"taxable","15":"shipping-taxable","16":"purchasable","17":"product-type-simple"},"_links":{"self":[{"href":"https:\/\/www.headshop.nl\/es\/wp-json\/wp\/v2\/product\/29690","targetHints":{"allow":["GET"]}}],"collection":[{"href":"https:\/\/www.headshop.nl\/es\/wp-json\/wp\/v2\/product"}],"about":[{"href":"https:\/\/www.headshop.nl\/es\/wp-json\/wp\/v2\/types\/product"}],"wp:featuredmedia":[{"embeddable":true,"href":"https:\/\/www.headshop.nl\/es\/wp-json\/wp\/v2\/media\/29691"}],"wp:attachment":[{"href":"https:\/\/www.headshop.nl\/es\/wp-json\/wp\/v2\/media?parent=29690"}],"wp:term":[{"taxonomy":"product_brand","embeddable":true,"href":"https:\/\/www.headshop.nl\/es\/wp-json\/wp\/v2\/product_brand?post=29690"},{"taxonomy":"product_cat","embeddable":true,"href":"https:\/\/www.headshop.nl\/es\/wp-json\/wp\/v2\/product_cat?post=29690"},{"taxonomy":"product_tag","embeddable":true,"href":"https:\/\/www.headshop.nl\/es\/wp-json\/wp\/v2\/product_tag?post=29690"}],"curies":[{"name":"wp","href":"https:\/\/api.w.org\/{rel}","templated":true}]}}