{"id":11817,"date":"2018-02-19T20:51:05","date_gmt":"2018-02-19T20:51:05","guid":{"rendered":"http:\/\/headshop.nl\/?post_type=product&#038;p=11817"},"modified":"2024-09-17T10:49:27","modified_gmt":"2024-09-17T10:49:27","slug":"triton-t3-shockproof-scale","status":"publish","type":"product","link":"https:\/\/www.headshop.nl\/es\/triton-t3-shockproof-scale\/","title":{"rendered":"B\u00e1scula antichoque Triton T3"},"content":{"rendered":"<h2>B\u00e1scula antichoque Triton T3<\/h2>\n<p><span style=\"color: #000000;\">Esta funda protectora dura es ideal para mantener la b\u00e1scula a salvo cuando no se utiliza... y tambi\u00e9n sirve como bandeja de pesaje. Como tiene bordes, puedes pesar todo tipo de cosas que normalmente se caer\u00edan de la plataforma.<\/span><\/p>\n<p><span style=\"color: #000000;\">Dentro de la serie ofrece m\u00faltiples capacidades y resoluciones para satisfacer todas las necesidades.<\/span><\/p>\n<p><span style=\"color: #000000;\">Perfecta para las personas que dejan caer o maltratan constantemente sus b\u00e1sculas. Las caracter\u00edsticas est\u00e1ndar adicionales incluyen una cubierta protectora extra\u00edble, funcionamiento con pilas (con pilas AAA).<br \/><\/span><\/p>\n<table style=\"height: 223px;\" border=\"1\" width=\"490\" cellspacing=\"0\" cellpadding=\"2\">\n<tbody>\n<tr>\n<td><span style=\"color: #000000;\"><b>\u00a0 Potencia<\/b><\/span><\/td>\n<td>\u00a0<span style=\"color: #000000;\">2 pilas AAA (incluidas)<\/span><\/td>\n<\/tr>\n<tr>\n<td><b>\u00a0 <span style=\"color: #000000;\">Mostrar<\/span><\/b><\/td>\n<td>\u00a0<span style=\"color: #000000;\">LCD retroiluminado<\/span><\/td>\n<\/tr>\n<tr>\n<td><b>\u00a0 <span style=\"color: #000000;\">Funci\u00f3n de tara<\/span><\/b><\/td>\n<td>\u00a0<span style=\"color: #000000;\">S\u00ed<\/span><\/td>\n<\/tr>\n<tr>\n<td><span style=\"color: #000000;\"><b>\u00a0 Calibraci\u00f3n<br \/><\/b><\/span><\/td>\n<td><span style=\"color: #000000;\">\u00a0S\u00ed<\/span><\/td>\n<\/tr>\n<tr>\n<td><span style=\"color: #000000;\"><b>\u00a0 Funci\u00f3n de recuento<\/b><\/span><\/td>\n<td><span style=\"color: #000000;\">\u00a0No<\/span><\/td>\n<\/tr>\n<tr>\n<td><b>\u00a0 <span style=\"color: #000000;\">Tama\u00f1o de la plataforma<\/span><\/b><\/td>\n<td>\u00a0<span style=\"color: #000000;\">2.25\u2033 x 3.125\u2033<\/span><\/td>\n<\/tr>\n<tr>\n<td><span style=\"color: #000000;\"><b>\u00a0 Escala Tama\u00f1o<\/b><\/span><\/td>\n<td>\u00a0<span style=\"color: #000000;\">5,5\u2033 x 3,25\u2033 x 1\u2033<\/span><\/td>\n<\/tr>\n<tr>\n<td><span style=\"color: #000000;\"><b>\u00a0 Modos de pesaje<\/b><\/span><\/td>\n<td>\u00a0<span style=\"color: #000000;\">6<\/span><\/td>\n<\/tr>\n<\/tbody>\n<\/table>","protected":false},"excerpt":{"rendered":"<div class=\"wpb_wrapper\"><span style=\"color: #000000;\">La b\u00e1scula digital Triton T3 es una b\u00e1scula resistente. Su dise\u00f1o exclusivo incluye una carcasa exterior de goma totalmente acolchada. Todos los componentes internos han sido reforzados y amortiguados. El resultado es una b\u00e1scula digital de bolsillo m\u00e1s resistente que cualquier otra del mundo.<\/span><\/div>","protected":false},"featured_media":13422,"template":"","meta":[],"product_brand":[],"product_cat":[297,414,627,418],"product_tag":[],"class_list":{"0":"post-11817","1":"product","2":"type-product","3":"status-publish","4":"has-post-thumbnail","6":"product_cat-all-products","7":"product_cat-headshop","8":"product_cat-headshop-top-10","9":"product_cat-scales","10":"product_shipping_class-creditcard-on","12":"first","13":"instock","14":"taxable","15":"shipping-taxable","16":"purchasable","17":"product-type-simple"},"_links":{"self":[{"href":"https:\/\/www.headshop.nl\/es\/wp-json\/wp\/v2\/product\/11817","targetHints":{"allow":["GET"]}}],"collection":[{"href":"https:\/\/www.headshop.nl\/es\/wp-json\/wp\/v2\/product"}],"about":[{"href":"https:\/\/www.headshop.nl\/es\/wp-json\/wp\/v2\/types\/product"}],"wp:featuredmedia":[{"embeddable":true,"href":"https:\/\/www.headshop.nl\/es\/wp-json\/wp\/v2\/media\/13422"}],"wp:attachment":[{"href":"https:\/\/www.headshop.nl\/es\/wp-json\/wp\/v2\/media?parent=11817"}],"wp:term":[{"taxonomy":"product_brand","embeddable":true,"href":"https:\/\/www.headshop.nl\/es\/wp-json\/wp\/v2\/product_brand?post=11817"},{"taxonomy":"product_cat","embeddable":true,"href":"https:\/\/www.headshop.nl\/es\/wp-json\/wp\/v2\/product_cat?post=11817"},{"taxonomy":"product_tag","embeddable":true,"href":"https:\/\/www.headshop.nl\/es\/wp-json\/wp\/v2\/product_tag?post=11817"}],"curies":[{"name":"wp","href":"https:\/\/api.w.org\/{rel}","templated":true}]}}