{"id":11797,"date":"2018-02-19T19:17:20","date_gmt":"2018-02-19T19:17:20","guid":{"rendered":"http:\/\/headshop.nl\/?post_type=product&#038;p=11797"},"modified":"2024-09-17T10:49:27","modified_gmt":"2024-09-17T10:49:27","slug":"on-balance-square-ss-100-scale","status":"publish","type":"product","link":"https:\/\/www.headshop.nl\/es\/on-balance-square-ss-100-scale\/","title":{"rendered":"On Balance, Escala SS-100"},"content":{"rendered":"<h2>Especificaciones<\/h2>\n<table border=\"1\" width=\"490\" cellspacing=\"0\" cellpadding=\"2\">\n<tbody>\n<tr>\n<td><span style=\"color: #000000;\"><strong>\u00a0 Peso m\u00e1ximo:<br \/>\n<\/strong><\/span><\/td>\n<td><span style=\"color: #000000;\">\u00a0100 gramos<\/span><\/td>\n<\/tr>\n<tr>\n<td><span style=\"color: #000000;\"><strong>\u00a0 Precisi\u00f3n:<br \/>\n<\/strong><\/span><\/td>\n<td><span style=\"color: #000000;\">\u00a00,01 gramos<\/span><\/td>\n<\/tr>\n<tr>\n<td><span style=\"color: #000000;\"><strong>\u00a0 Acero inoxidable:<br \/>\n<\/strong><\/span><\/td>\n<td><span style=\"color: #000000;\">\u00a0Plataforma<\/span><\/td>\n<\/tr>\n<tr>\n<td><span style=\"color: #000000;\"><b>\u00a0 4 Unidades:<\/b><\/span><\/td>\n<td><span style=\"color: #000000;\">\u00a0(g, oz, dwt, ozt)<\/span><\/td>\n<\/tr>\n<tr>\n<td><span style=\"color: #000000;\"><strong>\u00a0 Incl. pilas<br \/>\n<\/strong><\/span><\/td>\n<td><span style=\"color: #000000;\">\u00a0(2 x CR2032)<\/span><\/td>\n<\/tr>\n<tr>\n<td><span style=\"color: #000000;\"><strong>\u00a0 Pantalla LCD:<br \/>\n<\/strong><\/span><\/td>\n<td><span style=\"color: #000000;\">\u00a0S\u00ed<\/span><\/td>\n<\/tr>\n<tr>\n<td><span style=\"color: #000000;\"><strong>\u00a0 Luz de fondo:<br \/>\n<\/strong><\/span><\/td>\n<td><span style=\"color: #000000;\">\u00a0S\u00ed<\/span><\/td>\n<\/tr>\n<tr>\n<td><span style=\"color: #000000;\"><b>\u00a0 Funci\u00f3n de tara:<br \/>\n<\/b><\/span><\/td>\n<td><span style=\"color: #000000;\">\u00a0S\u00ed<\/span><\/td>\n<\/tr>\n<tr>\n<td><span style=\"color: #000000;\"><strong>\u00a0 Apagado autom\u00e1tico:<br \/>\n<\/strong><\/span><\/td>\n<td><span style=\"color: #000000;\">\u00a0S\u00ed<\/span><\/td>\n<\/tr>\n<tr>\n<td><span style=\"color: #000000;\"><strong>\u00a0 Portada del CD:<br \/>\n<\/strong><\/span><\/td>\n<td><span style=\"color: #000000;\">\u00a0Sustituir<\/span><\/td>\n<\/tr>\n<tr>\n<td><span style=\"color: #000000;\"><strong>\u00a0 Garant\u00eda<\/strong><\/span><\/td>\n<td><span style=\"color: #000000;\">\u00a01 a\u00f1o<\/span><\/td>\n<\/tr>\n<\/tbody>\n<\/table>","protected":false},"excerpt":{"rendered":"<p><span style=\"color: #000000;\">Estos elegante y precisa escala en forma de CD de ON BALANCE misstaat por el dise\u00f1o en cualquier interior. La balanza digital CD On Balance tiene una capacidad m\u00e1xima de 100 gramos y una precisi\u00f3n de 0,1 gramos. <\/span><\/p>\n<p><span style=\"color: #000000;\">Puedes utilizar la car\u00e1tula del CD o la de tu artista favorito.<\/span><\/p>","protected":false},"featured_media":13419,"template":"","meta":[],"product_brand":[],"product_cat":[297,414,418],"product_tag":[],"class_list":{"0":"post-11797","1":"product","2":"type-product","3":"status-publish","4":"has-post-thumbnail","6":"product_cat-all-products","7":"product_cat-headshop","8":"product_cat-scales","9":"product_shipping_class-creditcard-on","11":"first","12":"instock","13":"taxable","14":"shipping-taxable","15":"purchasable","16":"product-type-simple"},"_links":{"self":[{"href":"https:\/\/www.headshop.nl\/es\/wp-json\/wp\/v2\/product\/11797","targetHints":{"allow":["GET"]}}],"collection":[{"href":"https:\/\/www.headshop.nl\/es\/wp-json\/wp\/v2\/product"}],"about":[{"href":"https:\/\/www.headshop.nl\/es\/wp-json\/wp\/v2\/types\/product"}],"wp:featuredmedia":[{"embeddable":true,"href":"https:\/\/www.headshop.nl\/es\/wp-json\/wp\/v2\/media\/13419"}],"wp:attachment":[{"href":"https:\/\/www.headshop.nl\/es\/wp-json\/wp\/v2\/media?parent=11797"}],"wp:term":[{"taxonomy":"product_brand","embeddable":true,"href":"https:\/\/www.headshop.nl\/es\/wp-json\/wp\/v2\/product_brand?post=11797"},{"taxonomy":"product_cat","embeddable":true,"href":"https:\/\/www.headshop.nl\/es\/wp-json\/wp\/v2\/product_cat?post=11797"},{"taxonomy":"product_tag","embeddable":true,"href":"https:\/\/www.headshop.nl\/es\/wp-json\/wp\/v2\/product_tag?post=11797"}],"curies":[{"name":"wp","href":"https:\/\/api.w.org\/{rel}","templated":true}]}}