{"id":11761,"date":"2018-02-19T15:38:55","date_gmt":"2018-02-19T15:38:55","guid":{"rendered":"http:\/\/headshop.nl\/?post_type=product&#038;p=11761"},"modified":"2024-09-17T10:49:29","modified_gmt":"2024-09-17T10:49:29","slug":"luggage-scale","status":"publish","type":"product","link":"https:\/\/www.headshop.nl\/es\/luggage-scale\/","title":{"rendered":"B\u00e1scula para equipajes"},"content":{"rendered":"<h2>Especificaciones<\/h2>\n<table border=\"1\" width=\"490\" cellspacing=\"0\" cellpadding=\"2\">\n<tbody>\n<tr>\n<td><span style=\"color: #000000;\"><b>\u00a0 M\u00e1x. Capacidad<\/b><\/span><\/td>\n<td><span style=\"color: #000000;\">\u00a0Hasta 50 kg<\/span><\/td>\n<\/tr>\n<tr>\n<td><span style=\"color: #000000;\"><b>\u00a0 Precisi\u00f3n<\/b><\/span><\/td>\n<td><span style=\"color: #000000;\">\u00a00,1 kg<\/span><\/td>\n<\/tr>\n<tr>\n<td><span style=\"color: #000000;\"><b>\u00a0 Modos<\/b><\/span><\/td>\n<td><span style=\"color: #000000;\">\u00a0kg\/lb<\/span><\/td>\n<\/tr>\n<tr>\n<td><span style=\"color: #000000;\"><b>\u00a0 Color<\/b><\/span><\/td>\n<td><span style=\"color: #000000;\">\u00a0Negro<\/span><\/td>\n<\/tr>\n<tr>\n<td><span style=\"color: #000000;\"><b>\u00a0 LCD<\/b><\/span><\/td>\n<td><span style=\"color: #000000;\">\u00a0D\u00edgito de 12 mm<\/span><\/td>\n<\/tr>\n<tr>\n<td><span style=\"color: #000000;\"><b>\u00a0 Caracter\u00edsticas<\/b><\/span><\/td>\n<td><span style=\"color: #000000;\">\u00a0Apagado autom\u00e1tico en 1 minuto, pitidos de lectura, correa flexible<\/span><\/td>\n<\/tr>\n<tr>\n<td><span style=\"color: #000000;\"><b>\u00a0 Potencia<\/b><\/span><\/td>\n<td><span style=\"color: #000000;\">\u00a01 pila CR2032 (incluida)<\/span><\/td>\n<\/tr>\n<tr>\n<td><span style=\"color: #000000;\"><b>\u00a0 Garant\u00eda<\/b><\/span><\/td>\n<td><span style=\"color: #000000;\">\u00a03 a\u00f1os<\/span><\/td>\n<\/tr>\n<\/tbody>\n<\/table>","protected":false},"excerpt":{"rendered":"<p>Con esta b\u00e1scula de bolsillo para equipaje podr\u00e1s pesar maletas y otros objetos de entre 0 y 50 kg, con una precisi\u00f3n de 0,1 kg. Siempre a mano para llevarla en el bolsillo durante el viaje.<\/p>","protected":false},"featured_media":13411,"template":"","meta":[],"product_brand":[],"product_cat":[297,414,418],"product_tag":[],"class_list":{"0":"post-11761","1":"product","2":"type-product","3":"status-publish","4":"has-post-thumbnail","6":"product_cat-all-products","7":"product_cat-headshop","8":"product_cat-scales","9":"product_shipping_class-creditcard-on","11":"first","12":"instock","13":"taxable","14":"shipping-taxable","15":"purchasable","16":"product-type-simple"},"_links":{"self":[{"href":"https:\/\/www.headshop.nl\/es\/wp-json\/wp\/v2\/product\/11761","targetHints":{"allow":["GET"]}}],"collection":[{"href":"https:\/\/www.headshop.nl\/es\/wp-json\/wp\/v2\/product"}],"about":[{"href":"https:\/\/www.headshop.nl\/es\/wp-json\/wp\/v2\/types\/product"}],"wp:featuredmedia":[{"embeddable":true,"href":"https:\/\/www.headshop.nl\/es\/wp-json\/wp\/v2\/media\/13411"}],"wp:attachment":[{"href":"https:\/\/www.headshop.nl\/es\/wp-json\/wp\/v2\/media?parent=11761"}],"wp:term":[{"taxonomy":"product_brand","embeddable":true,"href":"https:\/\/www.headshop.nl\/es\/wp-json\/wp\/v2\/product_brand?post=11761"},{"taxonomy":"product_cat","embeddable":true,"href":"https:\/\/www.headshop.nl\/es\/wp-json\/wp\/v2\/product_cat?post=11761"},{"taxonomy":"product_tag","embeddable":true,"href":"https:\/\/www.headshop.nl\/es\/wp-json\/wp\/v2\/product_tag?post=11761"}],"curies":[{"name":"wp","href":"https:\/\/api.w.org\/{rel}","templated":true}]}}