{"id":999,"date":"2017-08-20T16:02:04","date_gmt":"2017-08-20T16:02:04","guid":{"rendered":"http:\/\/headshop.nl\/?page_id=999"},"modified":"2021-08-24T08:05:22","modified_gmt":"2021-08-24T08:05:22","slug":"payment-methods","status":"publish","type":"page","link":"https:\/\/www.headshop.nl\/es\/payment-methods\/","title":{"rendered":"Formas de pago"},"content":{"rendered":"<div id=\"gap-1756549373\" class=\"gap-element clearfix\" style=\"display:block; height:auto;\">\n\t\t\n<style>\n#gap-1756549373 {\n  padding-top: 50px;\n}\n<\/style>\n\t<\/div>\n\t\n\n<div class=\"container section-title-container\" ><h1 class=\"section-title section-title-bold-center\"><b aria-hidden=\"true\"><\/b><span class=\"section-title-main\" style=\"font-size:131%;\">Pago Methods<\/span><b aria-hidden=\"true\"><\/b><\/h1><\/div>\n\n<div class=\"row\"  id=\"row-605564042\">\n\n\n\t<div id=\"col-1603400166\" class=\"col small-12 large-12\"  >\n\t\t\t\t<div class=\"col-inner text-center\"  >\n\t\t\t\n\t\t\t\n\n<p>En The Headshop puede elegir entre diferentes m\u00e9todos de pago. Todos ellos son seguros y discretos. Echa un vistazo a las opciones que te ofrecemos y elige la que m\u00e1s se adapte a tus gustos y ubicaci\u00f3n.<\/p>\n\t<div class=\"img has-hover x md-x lg-x y md-y lg-y\" id=\"image_1517929071\">\n\t\t\t\t\t\t\t\t<div class=\"img-inner dark\" style=\"margin:0px 300px 0px 300px;\">\n\t\t\t<img loading=\"lazy\" decoding=\"async\" width=\"800\" height=\"125\" src=\"https:\/\/www.headshop.nl\/wp-content\/uploads\/2021\/08\/Betaalmethodes-800x125.png\" class=\"attachment-large size-large\" alt=\"\" srcset=\"https:\/\/www.headshop.nl\/wp-content\/uploads\/2021\/08\/Betaalmethodes-800x125.png 800w, https:\/\/www.headshop.nl\/wp-content\/uploads\/2021\/08\/Betaalmethodes-420x66.png 420w, https:\/\/www.headshop.nl\/wp-content\/uploads\/2021\/08\/Betaalmethodes-64x10.png 64w, https:\/\/www.headshop.nl\/wp-content\/uploads\/2021\/08\/Betaalmethodes-600x94.png 600w, https:\/\/www.headshop.nl\/wp-content\/uploads\/2021\/08\/Betaalmethodes-380x59.png 380w, https:\/\/www.headshop.nl\/wp-content\/uploads\/2021\/08\/Betaalmethodes-768x120.png 768w, https:\/\/www.headshop.nl\/wp-content\/uploads\/2021\/08\/Betaalmethodes-1536x240.png 1536w, https:\/\/www.headshop.nl\/wp-content\/uploads\/2021\/08\/Betaalmethodes.png 1920w\" sizes=\"auto, (max-width: 800px) 100vw, 800px\">\t\t\t\t\t\t\n\t\t\t\t\t<\/div>\n\t\t\t\t\t\t\t\t\n<style>\n#image_1517929071 {\n  width: 100%;\n}\n<\/style>\n\t<\/div>\n\t\n\n\n\t\t<\/div>\n\t\t\t\t\t<\/div>\n\n\t\n\n<\/div>\n\t<div id=\"gap-2066237012\" class=\"gap-element clearfix\" style=\"display:block; height:auto;\">\n\t\t\n<style>\n#gap-2066237012 {\n  padding-top: 30px;\n}\n<\/style>\n\t<\/div>\n\t\n\n<div class=\"container section-title-container\" ><h2 class=\"section-title section-title-bold-center\"><b aria-hidden=\"true\"><\/b><span class=\"section-title-main\" >1. iDEAL \/ MisterCash \/ Bancontact \/ Eps-\u00dcberweisung \/ Giropay<\/span><b aria-hidden=\"true\"><\/b><\/h2><\/div>\n\n\t<div id=\"gap-136781056\" class=\"gap-element clearfix\" style=\"display:block; height:auto;\">\n\t\t\n<style>\n#gap-136781056 {\n  padding-top: 30px;\n}\n<\/style>\n\t<\/div>\n\t\n\n<div class=\"row\"  id=\"row-356629079\">\n\n\n\t<div id=\"col-1352429101\" class=\"col small-12 large-12\"  >\n\t\t\t\t<div class=\"col-inner text-center\"  >\n\t\t\t\n\t\t\t\n\n<p>Esta es la forma m\u00e1s r\u00e1pida y sencilla de realizar el pago. Seleccione la opci\u00f3n que se adapte a su banco y finalice los pasos del proceso. Nuestro proveedor de servicios de pago facilita un entorno de pago seguro.<\/p>\n<p>Una vez completado el pago, recibir\u00e1 un aviso de inmediato. Nuestro equipo empezar\u00e1 a procesar el pedido para enviarlo lo antes posible. Le mantendremos informado del estado del pedido por correo electr\u00f3nico.<\/p>\n\n\t\t<\/div>\n\t\t\t\t\t<\/div>\n\n\t\n\n<\/div>\n\t<div id=\"gap-640745324\" class=\"gap-element clearfix\" style=\"display:block; height:auto;\">\n\t\t\n<style>\n#gap-640745324 {\n  padding-top: 40px;\n}\n<\/style>\n\t<\/div>\n\t\n\n<div class=\"container section-title-container\" ><h2 class=\"section-title section-title-bold-center\"><b aria-hidden=\"true\"><\/b><span class=\"section-title-main\" >2. Transferencia bancaria directa<\/span><b aria-hidden=\"true\"><\/b><\/h2><\/div>\n\n\t<div id=\"gap-1764873152\" class=\"gap-element clearfix\" style=\"display:block; height:auto;\">\n\t\t\n<style>\n#gap-1764873152 {\n  padding-top: 30px;\n}\n<\/style>\n\t<\/div>\n\t\n\n<div class=\"row\"  id=\"row-1337086344\">\n\n\n\t<div id=\"col-1756193864\" class=\"col small-12 large-12\"  >\n\t\t\t\t<div class=\"col-inner text-center\"  >\n\t\t\t\n\t\t\t\n\n<p>Es posible realizar el pago por transferencia bancaria. Seleccione la opci\u00f3n \"Transferencia bancaria directa\" y siga los pasos. Una vez completado el pedido, recibir\u00e1 un correo electr\u00f3nico con la informaci\u00f3n necesaria y los datos de pago.<\/p>\n<p>Tenga en cuenta que, una vez realizado el pago, pueden transcurrir entre 1 y 3 d\u00edas hasta que recibamos el dinero. Por lo tanto, el env\u00edo del pedido puede tardar un poco m\u00e1s. Le mantendremos informado por correo electr\u00f3nico.<\/p>\n\n\t\t<\/div>\n\t\t\t\t\t<\/div>\n\n\t\n\n<\/div>\n\t<div id=\"gap-1549823555\" class=\"gap-element clearfix\" style=\"display:block; height:auto;\">\n\t\t\n<style>\n#gap-1549823555 {\n  padding-top: 30px;\n}\n<\/style>\n\t<\/div>\n\t\n\n<div class=\"container section-title-container\" ><h2 class=\"section-title section-title-bold-center\"><b aria-hidden=\"true\"><\/b><span class=\"section-title-main\" >3. Criptodivisas<\/span><b aria-hidden=\"true\"><\/b><\/h2><\/div>\n\n\t<div id=\"gap-472275465\" class=\"gap-element clearfix\" style=\"display:block; height:auto;\">\n\t\t\n<style>\n#gap-472275465 {\n  padding-top: 30px;\n}\n<\/style>\n\t<\/div>\n\t\n\n<div class=\"row\"  id=\"row-1743166175\">\n\n\n\t<div id=\"col-810198096\" class=\"col small-12 large-12\"  >\n\t\t\t\t<div class=\"col-inner text-center\"  >\n\t\t\t\n\t\t\t\n\n<p>Aceptamos pagos con m\u00faltiples tipos de criptomonedas. Estos pagos se procesan con Coinbase, el mayor exchange y broker de Bitcoin del mundo. Para pagar con criptomonedas puede seleccionar la opci\u00f3n de pago \"Bitcoin y otras criptomonedas\".<\/p>\n<p>Actualmente aceptamos Bitcoin, Ethereum, USD Coin, Litecoin y Bitcoin cash.<\/p>\n\t<div class=\"img has-hover x md-x lg-x y md-y lg-y\" id=\"image_893491856\">\n\t\t\t\t\t\t\t\t<div class=\"img-inner dark\" style=\"margin:0px 300px 0px 300px;\">\n\t\t\t<img loading=\"lazy\" decoding=\"async\" width=\"800\" height=\"125\" src=\"https:\/\/www.headshop.nl\/wp-content\/uploads\/2021\/08\/Crypto-icons-800x125.png\" class=\"attachment-large size-large\" alt=\"Criptomonedas aceptadas\" srcset=\"https:\/\/www.headshop.nl\/wp-content\/uploads\/2021\/08\/Crypto-icons-800x125.png 800w, https:\/\/www.headshop.nl\/wp-content\/uploads\/2021\/08\/Crypto-icons-420x66.png 420w, https:\/\/www.headshop.nl\/wp-content\/uploads\/2021\/08\/Crypto-icons-64x10.png 64w, https:\/\/www.headshop.nl\/wp-content\/uploads\/2021\/08\/Crypto-icons-600x94.png 600w, https:\/\/www.headshop.nl\/wp-content\/uploads\/2021\/08\/Crypto-icons-380x59.png 380w, https:\/\/www.headshop.nl\/wp-content\/uploads\/2021\/08\/Crypto-icons-768x120.png 768w, https:\/\/www.headshop.nl\/wp-content\/uploads\/2021\/08\/Crypto-icons-1536x240.png 1536w, https:\/\/www.headshop.nl\/wp-content\/uploads\/2021\/08\/Crypto-icons.png 1920w\" sizes=\"auto, (max-width: 800px) 100vw, 800px\" \/>\t\t\t\t\t\t\n\t\t\t\t\t<\/div>\n\t\t\t\t\t\t\t\t\n<style>\n#image_893491856 {\n  width: 100%;\n}\n<\/style>\n\t<\/div>\n\t\n\n\n\t\t<\/div>\n\t\t\t\t\t<\/div>\n\n\t\n\n<\/div>\n\t<div id=\"gap-1096675124\" class=\"gap-element clearfix\" style=\"display:block; height:auto;\">\n\t\t\n<style>\n#gap-1096675124 {\n  padding-top: 30px;\n}\n<\/style>\n\t<\/div>","protected":false},"excerpt":{"rendered":"","protected":false},"author":807,"featured_media":0,"parent":0,"menu_order":0,"comment_status":"closed","ping_status":"closed","template":"page-blank.php","meta":{"footnotes":""},"class_list":["post-999","page","type-page","status-publish","hentry"],"_links":{"self":[{"href":"https:\/\/www.headshop.nl\/es\/wp-json\/wp\/v2\/pages\/999","targetHints":{"allow":["GET"]}}],"collection":[{"href":"https:\/\/www.headshop.nl\/es\/wp-json\/wp\/v2\/pages"}],"about":[{"href":"https:\/\/www.headshop.nl\/es\/wp-json\/wp\/v2\/types\/page"}],"author":[{"embeddable":true,"href":"https:\/\/www.headshop.nl\/es\/wp-json\/wp\/v2\/users\/807"}],"replies":[{"embeddable":true,"href":"https:\/\/www.headshop.nl\/es\/wp-json\/wp\/v2\/comments?post=999"}],"version-history":[{"count":0,"href":"https:\/\/www.headshop.nl\/es\/wp-json\/wp\/v2\/pages\/999\/revisions"}],"wp:attachment":[{"href":"https:\/\/www.headshop.nl\/es\/wp-json\/wp\/v2\/media?parent=999"}],"curies":[{"name":"wp","href":"https:\/\/api.w.org\/{rel}","templated":true}]}}