{"id":85313,"date":"2025-07-15T08:01:32","date_gmt":"2025-07-15T08:01:32","guid":{"rendered":"https:\/\/www.headshop.nl\/?page_id=85313"},"modified":"2026-03-25T10:29:35","modified_gmt":"2026-03-25T10:29:35","slug":"discount","status":"publish","type":"page","link":"https:\/\/www.headshop.nl\/es\/discount\/","title":{"rendered":"Descuento"},"content":{"rendered":"<div id=\"text-2902606011\" class=\"text\">\n\t\t\n\n<h1>\u00daltimos descuentos<\/h1>\n\t\t\n<style>\n#text-2902606011 {\n  text-align: center;\n}\n<\/style>\n\t<\/div>\n\t\n<p style=\"text-align: center;\">Disfrute de grandes ahorros en sus productos favoritos The Headshop con nuestros \u00faltimos c\u00f3digos de descuento. Actualizamos regularmente esta p\u00e1gina para ofrecerte las ofertas m\u00e1s actuales, as\u00ed que cons\u00faltala a menudo. Aprovecha tu descuento mientras dure. \u00a1Feliz compra y disfruta de tus ahorros!<\/p>\n<div class=\"is-divider divider clearfix\" style=\"max-width:100%;height:1px;\"><\/div>\n\n<div class=\"row\"  id=\"row-740702517\">\n\n\n\t<div id=\"col-977651782\" class=\"col medium-6 small-12 large-6\"  >\n\t\t\t\t<div class=\"col-inner\"  >\n\t\t\t\n\t\t\t\n\n\n  <div class=\"banner has-hover\" id=\"banner-336078412\">\n          <div class=\"banner-inner fill\">\n        <div class=\"banner-bg fill\" >\n            <img loading=\"lazy\" decoding=\"async\" width=\"2560\" height=\"732\" src=\"https:\/\/www.headshop.nl\/wp-content\/uploads\/2026\/03\/Bunnys-Best-Shroomdeals_Wide_Steve_V4-scaled.png\" class=\"bg attachment-original size-original\" alt=\"\">                                    \n                    <\/div>\n\t\t\n        <div class=\"banner-layers container\">\n            <a class=\"fill\" href=\"https:\/\/www.headshop.nl\/es\/shroomshop\/\"><div class=\"fill banner-link\"><\/div><\/a>            \n\n\n        <\/div>\n      <\/div>\n\n            \n<style>\n#banner-336078412 {\n  padding-top: 146px;\n}\n<\/style>\n  <\/div>\n\n\n<div class=\"is-divider divider clearfix\" style=\"height:0px;\"><\/div>\n\n<h2>Bunny&#8217;s Best Shroomdeals<\/h2>\n<p class=\"p1\">Spring is here! Enjoy 25% off the entire shroomshop* and discover or stock up on your favorite products. Don\u2019t miss this seasonal deal! This promotion is active until the 20th of April.<\/p>\n<p><em>* No v\u00e1lido en combinaci\u00f3n con otras promociones.\u00a0<\/em><\/p>\n<div class=\"row\"  id=\"row-1180601505\">\n\n\n\t<div id=\"col-303364018\" class=\"col medium-6 small-6 large-6\"  >\n\t\t\t\t<div class=\"col-inner\"  >\n\t\t\t\n\t\t\t\n\n<a href=\"https:\/\/www.headshop.nl\/es\/shroomshop\/\" class=\"button primary\" >\n\t\t<span>Ir al descuento<\/span>\n\t<\/a>\n\n\n\n\t\t<\/div>\n\t\t\t\t\t<\/div>\n\n\t\n\n\t<div id=\"col-1004120237\" class=\"col medium-6 small-6 large-6\"  >\n\t\t\t\t<div class=\"col-inner text-right\"  >\n\t\t\t\n\t\t\t\n\n<a href=\"https:\/\/www.headshop.nl\/es\/shroomshop\/\" class=\"button success\" >\n\t\t<span>Activo<\/span>\n\t<i class=\"icon-checkmark\" aria-hidden=\"true\"><\/i><\/a>\n\n\n\n\t\t<\/div>\n\t\t\t\t\t<\/div>\n\n\t\n\n<\/div>\n<div class=\"is-divider divider clearfix\" style=\"max-width:100%;height:1px;\"><\/div>\n\n\n\t\t<\/div>\n\t\t\t\t\t<\/div>\n\n\t\n\n\t<div id=\"col-1057489744\" class=\"col medium-6 small-12 large-6\"  >\n\t\t\t\t<div class=\"col-inner\"  >\n\t\t\t\n\t\t\t\n\n\n  <div class=\"banner has-hover\" id=\"banner-913837199\">\n          <div class=\"banner-inner fill\">\n        <div class=\"banner-bg fill\" >\n            <img loading=\"lazy\" decoding=\"async\" width=\"1610\" height=\"460\" src=\"https:\/\/www.headshop.nl\/wp-content\/uploads\/2025\/07\/Bulkactie_wide_v2.jpg\" class=\"bg attachment-original size-original\" alt=\"\">                                    \n                    <\/div>\n\t\t\n        <div class=\"banner-layers container\">\n            <a class=\"fill\" href=\"https:\/\/www.headshop.nl\/es\/shroomshop\/magic-mushroom-grow-kits\/\"><div class=\"fill banner-link\"><\/div><\/a>            \n\n\n        <\/div>\n      <\/div>\n\n            \n<style>\n#banner-913837199 {\n  padding-top: 146px;\n}\n<\/style>\n  <\/div>\n\n\n<div class=\"is-divider divider clearfix\" style=\"height:0px;\"><\/div>\n\n<h2><strong>Kit de cultivo de setas m\u00e1gicas<\/strong><\/h2>\n<p>Para los aficionados al bricolaje y los amantes de la naturaleza. Viva una experiencia m\u00e1gica con nuestras trufas de alta calidad. Es muy sencillo: cuanto m\u00e1s compres, m\u00e1s ahorras*.<\/p>\n<p><em>* No v\u00e1lido en combinaci\u00f3n con otras promociones.\u00a0<\/em><\/p>\n<div class=\"row\"  id=\"row-515276530\">\n\n\n\t<div id=\"col-575156307\" class=\"col medium-6 small-6 large-6\"  >\n\t\t\t\t<div class=\"col-inner\"  >\n\t\t\t\n\t\t\t\n\n<a href=\"https:\/\/www.headshop.nl\/es\/shroomshop\/magic-mushroom-grow-kits\/\" class=\"button primary\" >\n\t\t<span>Ir al descuento<\/span>\n\t<\/a>\n\n\n\n\t\t<\/div>\n\t\t\t\t\t<\/div>\n\n\t\n\n\t<div id=\"col-744645151\" class=\"col medium-6 small-6 large-6\"  >\n\t\t\t\t<div class=\"col-inner text-right\"  >\n\t\t\t\n\t\t\t\n\n<a href=\"https:\/\/www.headshop.nl\/es\/shroomshop\/\" class=\"button success\" >\n\t\t<span>Activo<\/span>\n\t<i class=\"icon-checkmark\" aria-hidden=\"true\"><\/i><\/a>\n\n\n\n\t\t<\/div>\n\t\t\t\t\t<\/div>\n\n\t\n\n<\/div>\n<div class=\"is-divider divider clearfix\" style=\"max-width:100%;height:1px;\"><\/div>\n\n\n\t\t<\/div>\n\t\t\t\t\t<\/div>\n\n\t\n\n<\/div>\n<div class=\"row\"  id=\"row-328603122\">\n\n\n\t<div id=\"col-1359085754\" class=\"col medium-6 small-12 large-6\"  >\n\t\t\t\t<div class=\"col-inner\"  >\n\t\t\t\n\t\t\t\n\n\n  <div class=\"banner has-hover\" id=\"banner-298141250\">\n          <div class=\"banner-inner fill\">\n        <div class=\"banner-bg fill\" >\n            <img loading=\"lazy\" decoding=\"async\" width=\"1610\" height=\"460\" src=\"https:\/\/www.headshop.nl\/wp-content\/uploads\/2025\/07\/Bulkactie_wide_v3.jpg\" class=\"bg attachment-original size-original\" alt=\"\">                                    \n                    <\/div>\n\t\t\n        <div class=\"banner-layers container\">\n            <a class=\"fill\" href=\"https:\/\/www.headshop.nl\/es\/shroomshop\/magic-truffles\/\"><div class=\"fill banner-link\"><\/div><\/a>            \n\n\n        <\/div>\n      <\/div>\n\n            \n<style>\n#banner-298141250 {\n  padding-top: 146px;\n}\n<\/style>\n  <\/div>\n\n\n<div class=\"is-divider divider clearfix\" style=\"height:0px;\"><\/div>\n\n<h2><strong>Trufas m\u00e1gicas a granel con descuento<\/strong><\/h2>\n<p>Para los aventureros y exploradores. Viva una experiencia m\u00e1gica con nuestras trufas de alta calidad. Es sencillo: cuanto m\u00e1s compres, m\u00e1s ahorras*.\u00a0<\/p>\n<p><em>* No v\u00e1lido en combinaci\u00f3n con otras promociones.<\/em><\/p>\n<div class=\"row\"  id=\"row-1349280953\">\n\n\n\t<div id=\"col-2041868501\" class=\"col medium-6 small-6 large-6\"  >\n\t\t\t\t<div class=\"col-inner\"  >\n\t\t\t\n\t\t\t\n\n<a href=\"https:\/\/www.headshop.nl\/es\/shroomshop\/magic-truffles\/\" class=\"button primary\" >\n\t\t<span>Ir al descuento<\/span>\n\t<\/a>\n\n\n\n\t\t<\/div>\n\t\t\t\t\t<\/div>\n\n\t\n\n\t<div id=\"col-1339852655\" class=\"col medium-6 small-6 large-6\"  >\n\t\t\t\t<div class=\"col-inner text-right\"  >\n\t\t\t\n\t\t\t\n\n<a href=\"https:\/\/www.headshop.nl\/es\/shroomshop\/\" class=\"button success\" >\n\t\t<span>Activo<\/span>\n\t<i class=\"icon-checkmark\" aria-hidden=\"true\"><\/i><\/a>\n\n\n\n\t\t<\/div>\n\t\t\t\t\t<\/div>\n\n\t\n\n<\/div>\n<div class=\"is-divider divider clearfix\" style=\"max-width:100%;height:1px;\"><\/div>\n\n\n\t\t<\/div>\n\t\t\t\t\t<\/div>\n\n\t\n\n\t<div id=\"col-1939698413\" class=\"col medium-6 small-12 large-6\"  >\n\t\t\t\t<div class=\"col-inner\"  >\n\t\t\t\n\t\t\t\n\n\n  <div class=\"banner has-hover\" id=\"banner-1832672194\">\n          <div class=\"banner-inner fill\">\n        <div class=\"banner-bg fill\" >\n            <img loading=\"lazy\" decoding=\"async\" width=\"1610\" height=\"460\" src=\"https:\/\/www.headshop.nl\/wp-content\/uploads\/2025\/07\/Bulkactie_wide_v1.jpg\" class=\"bg attachment-original size-original\" alt=\"\">                                    \n                    <\/div>\n\t\t\n        <div class=\"banner-layers container\">\n            <a class=\"fill\" href=\"https:\/\/www.headshop.nl\/es\/shroomshop\/magic-mushroom-spore-prints\/\"><div class=\"fill banner-link\"><\/div><\/a>            \n\n\n        <\/div>\n      <\/div>\n\n            \n<style>\n#banner-1832672194 {\n  padding-top: 146px;\n}\n<\/style>\n  <\/div>\n\n\n<div class=\"is-divider divider clearfix\" style=\"height:0px;\"><\/div>\n\n<h2><strong>Esporas de hongos m\u00e1gicos descuento a granel<\/strong><\/h2>\n<p>Para los expertos conocedores y coleccionistas. Viva una experiencia m\u00e1gica con nuestras trufas de alta calidad. Es muy sencillo: cuanto m\u00e1s compre, m\u00e1s ahorrar\u00e1*.\u00a0<\/p>\n<p><em>* No v\u00e1lido en combinaci\u00f3n con otras promociones.<\/em><\/p>\n<div class=\"row\"  id=\"row-1882810128\">\n\n\n\t<div id=\"col-1148035263\" class=\"col medium-6 small-6 large-6\"  >\n\t\t\t\t<div class=\"col-inner\"  >\n\t\t\t\n\t\t\t\n\n<a href=\"https:\/\/www.headshop.nl\/es\/shroomshop\/magic-mushroom-spore-syringes\/\" class=\"button primary\" >\n\t\t<span>Ir al descuento<\/span>\n\t<\/a>\n\n\n\n\t\t<\/div>\n\t\t\t\t\t<\/div>\n\n\t\n\n\t<div id=\"col-789876818\" class=\"col medium-6 small-6 large-6\"  >\n\t\t\t\t<div class=\"col-inner text-right\"  >\n\t\t\t\n\t\t\t\n\n<a href=\"https:\/\/www.headshop.nl\/es\/shroomshop\/\" class=\"button success\" >\n\t\t<span>Activo<\/span>\n\t<i class=\"icon-checkmark\" aria-hidden=\"true\"><\/i><\/a>\n\n\n\n\t\t<\/div>\n\t\t\t\t\t<\/div>\n\n\t\n\n<\/div>\n<div class=\"is-divider divider clearfix\" style=\"max-width:100%;height:1px;\"><\/div>\n\n\n\t\t<\/div>\n\t\t\t\t\t<\/div>\n\n\t\n\n<\/div>\n\n\t<div id=\"text-2443355822\" class=\"text\">\n\t\t\n\n<h3><strong>Condiciones generales<\/strong><\/h3>\n\t\t\n<style>\n#text-2443355822 {\n  font-size: 1.55rem;\n  line-height: 0.75;\n}\n<\/style>\n\t<\/div>\n\t\n<p>Entendemos que todo el mundo ama una buena ganga, y es por eso que hemos hecho nuestra misi\u00f3n de traer especiales Tatanka c\u00f3digos de descuento para usted. Para asegurarnos de que todo el mundo entiende los descuentos de Tatanks encontrar\u00e1s los t\u00e9rminos y condiciones de los descuentos debajo.\u00a0<\/p>\n<p>Todas las ofertas est\u00e1n sujetas a disponibilidad y pueden cambiar durante el periodo promocional especificado. Los pedidos deben realizarse mientras la oferta est\u00e9 activa y disponible. Las ofertas actuales no pueden canjearse por productos alternativos ni por dinero en efectivo. Los descuentos por volumen se aplicar\u00e1n autom\u00e1ticamente. Los descuentos por volumen s\u00f3lo se aplican en l\u00ednea. Durante las grandes promociones, los descuentos por volumen se desactivan temporalmente. Nos esforzamos por proporcionar informaci\u00f3n precisa en todo momento, pero no somos responsables de ning\u00fan error u omisi\u00f3n. Nos reservamos el derecho a modificar detalles, descripciones y disponibilidad de ofertas y productos.<\/p>","protected":false},"excerpt":{"rendered":"","protected":false},"author":3768,"featured_media":0,"parent":0,"menu_order":0,"comment_status":"closed","ping_status":"closed","template":"","meta":{"footnotes":""},"class_list":["post-85313","page","type-page","status-publish","hentry"],"_links":{"self":[{"href":"https:\/\/www.headshop.nl\/es\/wp-json\/wp\/v2\/pages\/85313","targetHints":{"allow":["GET"]}}],"collection":[{"href":"https:\/\/www.headshop.nl\/es\/wp-json\/wp\/v2\/pages"}],"about":[{"href":"https:\/\/www.headshop.nl\/es\/wp-json\/wp\/v2\/types\/page"}],"author":[{"embeddable":true,"href":"https:\/\/www.headshop.nl\/es\/wp-json\/wp\/v2\/users\/3768"}],"replies":[{"embeddable":true,"href":"https:\/\/www.headshop.nl\/es\/wp-json\/wp\/v2\/comments?post=85313"}],"version-history":[{"count":63,"href":"https:\/\/www.headshop.nl\/es\/wp-json\/wp\/v2\/pages\/85313\/revisions"}],"predecessor-version":[{"id":90742,"href":"https:\/\/www.headshop.nl\/es\/wp-json\/wp\/v2\/pages\/85313\/revisions\/90742"}],"wp:attachment":[{"href":"https:\/\/www.headshop.nl\/es\/wp-json\/wp\/v2\/media?parent=85313"}],"curies":[{"name":"wp","href":"https:\/\/api.w.org\/{rel}","templated":true}]}}