{"id":80568,"date":"2024-07-22T08:54:10","date_gmt":"2024-07-22T08:54:10","guid":{"rendered":"https:\/\/www.headshop.nl\/?page_id=80568"},"modified":"2024-07-22T13:15:40","modified_gmt":"2024-07-22T13:15:40","slug":"shipping-insurance","status":"publish","type":"page","link":"https:\/\/www.headshop.nl\/es\/shipping-insurance\/","title":{"rendered":"Seguro de transporte"},"content":{"rendered":"<figure class=\"wp-block-image size-large\"><img loading=\"lazy\" decoding=\"async\" width=\"800\" height=\"518\" src=\"https:\/\/www.headshop.nl\/wp-content\/uploads\/2024\/07\/Shipping-Insurance-800x518.jpg\" alt=\"\" class=\"wp-image-80582\" srcset=\"https:\/\/www.headshop.nl\/wp-content\/uploads\/2024\/07\/Shipping-Insurance-800x518.jpg 800w, https:\/\/www.headshop.nl\/wp-content\/uploads\/2024\/07\/Shipping-Insurance-600x388.jpg 600w, https:\/\/www.headshop.nl\/wp-content\/uploads\/2024\/07\/Shipping-Insurance-380x246.jpg 380w, https:\/\/www.headshop.nl\/wp-content\/uploads\/2024\/07\/Shipping-Insurance-768x497.jpg 768w, https:\/\/www.headshop.nl\/wp-content\/uploads\/2024\/07\/Shipping-Insurance-1536x994.jpg 1536w, https:\/\/www.headshop.nl\/wp-content\/uploads\/2024\/07\/Shipping-Insurance-18x12.jpg 18w, https:\/\/www.headshop.nl\/wp-content\/uploads\/2024\/07\/Shipping-Insurance-420x272.jpg 420w, https:\/\/www.headshop.nl\/wp-content\/uploads\/2024\/07\/Shipping-Insurance-64x41.jpg 64w, https:\/\/www.headshop.nl\/wp-content\/uploads\/2024\/07\/Shipping-Insurance.jpg 1766w\" sizes=\"auto, (max-width: 800px) 100vw, 800px\" \/><\/figure>\n\n\n\n<h1 class=\"wp-block-heading has-text-align-left has-x-large-font-size\">Seguro de transporte<\/h1>\n\n\n\n<h2 class=\"wp-block-heading\">Reciba su paquete de forma f\u00e1cil y segura<\/h2>\n\n\n\n<p>Al pagar, ahora puede optar por nuestro seguro de env\u00edo. Este seguro ofrece protecci\u00f3n contra robos, p\u00e9rdidas y problemas aduaneros. Empieza a comprar sin preocupaciones y elige el Seguro de Env\u00edo por solo 9,95 \u20ac.<\/p>\n\n\n\n<h2 class=\"wp-block-heading\">\u00bfC\u00f3mo activar el seguro de transporte?<\/h2>\n\n\n\n<p>1. Seleccione Seguro de Env\u00edo al realizar el pago.<br>2. Reciba su paquete sin preocupaciones<\/p>\n\n\n\n<h2 class=\"wp-block-heading\">\u00bfC\u00f3mo funciona el seguro de transporte?<\/h2>\n\n\n\n<p>Si su paquete no ha sido entregado despu\u00e9s de 3 semanas, env\u00edenos un correo electr\u00f3nico. Le reenviaremos el pedido en un plazo de 1 a 2 d\u00edas laborables. En el raro caso de que vuelva a ocurrir, le devolveremos el importe \u00edntegro de la compra. El seguro de env\u00edo s\u00f3lo est\u00e1 disponible para pedidos inferiores a 500 euros.<\/p>\n\n\n\n<div class=\"wp-block-group is-nowrap is-layout-flex wp-container-core-group-is-layout-9123dee2 wp-block-group-is-layout-flex\">\n<figure class=\"wp-block-image size-full is-resized\"><img decoding=\"async\" src=\"https:\/\/www.tatanka.nl\/wp-content\/uploads\/2024\/04\/Eo_circle_green_checkmark.svg_.webp\" alt=\"\" class=\"wp-image-120528\" style=\"width:27px;height:auto\"><\/figure>\n\n\n\n<p>Su paquete siempre estar\u00e1 seguro<\/p>\n<\/div>\n\n\n\n<div class=\"wp-block-group is-nowrap is-layout-flex wp-container-core-group-is-layout-ad2f72ca wp-block-group-is-layout-flex\">\n<figure class=\"wp-block-image size-full is-resized\"><img decoding=\"async\" src=\"https:\/\/www.tatanka.nl\/wp-content\/uploads\/2024\/04\/Eo_circle_green_checkmark.svg_.webp\" alt=\"\" class=\"wp-image-120528\" style=\"width:27px;height:auto\"><\/figure>\n\n\n\n<p>Cobertura total por s\u00f3lo 9,95<\/p>\n<\/div>\n\n\n\n<div class=\"wp-block-group is-nowrap is-layout-flex wp-container-core-group-is-layout-ad2f72ca wp-block-group-is-layout-flex\">\n<figure class=\"wp-block-image size-full is-resized\"><img decoding=\"async\" src=\"https:\/\/www.tatanka.nl\/wp-content\/uploads\/2024\/04\/Eo_circle_green_checkmark.svg_.webp\" alt=\"\" class=\"wp-image-120528\" style=\"width:27px;height:auto\"><\/figure>\n\n\n\n<p>\u00bfNo ha llegado? Se lo reenviaremos o le devolveremos el importe \u00edntegro<\/p>\n<\/div>\n\n\n\n<div class=\"wp-block-group is-nowrap is-layout-flex wp-container-core-group-is-layout-ad2f72ca wp-block-group-is-layout-flex\">\n<figure class=\"wp-block-image size-full is-resized\"><img decoding=\"async\" src=\"https:\/\/www.tatanka.nl\/wp-content\/uploads\/2024\/04\/Eo_circle_green_checkmark.svg_.webp\" alt=\"\" class=\"wp-image-120528\" style=\"width:27px;height:auto\"><\/figure>\n\n\n\n<p>\u00bfProblemas? Inmediatamente una soluci\u00f3n adecuada<\/p>\n<\/div>\n\n\n\n<p>Elija nuestro seguro de env\u00edo al pagar hoy mismo y compre con confianza, sabiendo que sus compras est\u00e1n totalmente protegidas.<\/p>\n\n\n\n<h2 class=\"wp-block-heading\">\u00bfQu\u00e9 no cubre el seguro de transporte?<\/h2>\n\n\n\n<p>Entregas no realizadas en un domicilio o punto de servicio y direcciones rellenadas incorrectamente. En periodos de gran afluencia, como el Black Friday y otros eventos, el periodo de Seguro de Env\u00edo puede ampliarse de 3 a 5 semanas.<\/p>\n\n\n\n<h2 class=\"wp-block-heading\">\u00bfTiene alguna pregunta sobre el seguro de transporte?<\/h2>\n\n\n\n<p>Indique siempre su n\u00famero de pedido cuando se ponga en contacto con nosotros. Nuestro equipo estar\u00e1 encantado de ayudarle. <\/p>\n\n\n\n<div class=\"wp-block-buttons is-layout-flex wp-block-buttons-is-layout-flex\">\n<div class=\"wp-block-button\"><a class=\"wp-block-button__link wp-element-button\" href=\"mailto:info@tatanka.nl?subject=Insured%20Shipping%3A&amp;body=Hey%20Tatanka%2C%0A%0AUnfortunately%20i'm%20having%20a%20problem%20with%20my%20order.%0A%0AYou%20can%20find%20my%20order%20number%20below.%0A%0AOrder%20number%3A%0AMy%20shipping%20problems:%20is%3A\">P\u00f3ngase en contacto con<\/a><\/div>\n<\/div>","protected":false},"excerpt":{"rendered":"<p>Seguro de env\u00edo Reciba su paquete de forma f\u00e1cil y segura Al pagar, ahora puede optar por nuestro seguro de env\u00edo. Este seguro ofrece protecci\u00f3n contra robo, p\u00e9rdida y problemas aduaneros. Empiece a comprar sin preocupaciones y elija el Seguro de Env\u00edo por s\u00f3lo 9,95 euros. \u00bfC\u00f3mo activar el Seguro de Env\u00edo? 1. Seleccione Seguro de Env\u00edo al realizar el pago.2. \u00a1Reciba su paquete sin preocupaciones! C\u00f3mo...<\/p>","protected":false},"author":807,"featured_media":0,"parent":0,"menu_order":0,"comment_status":"closed","ping_status":"closed","template":"","meta":{"footnotes":""},"class_list":["post-80568","page","type-page","status-publish","hentry"],"_links":{"self":[{"href":"https:\/\/www.headshop.nl\/es\/wp-json\/wp\/v2\/pages\/80568","targetHints":{"allow":["GET"]}}],"collection":[{"href":"https:\/\/www.headshop.nl\/es\/wp-json\/wp\/v2\/pages"}],"about":[{"href":"https:\/\/www.headshop.nl\/es\/wp-json\/wp\/v2\/types\/page"}],"author":[{"embeddable":true,"href":"https:\/\/www.headshop.nl\/es\/wp-json\/wp\/v2\/users\/807"}],"replies":[{"embeddable":true,"href":"https:\/\/www.headshop.nl\/es\/wp-json\/wp\/v2\/comments?post=80568"}],"version-history":[{"count":0,"href":"https:\/\/www.headshop.nl\/es\/wp-json\/wp\/v2\/pages\/80568\/revisions"}],"wp:attachment":[{"href":"https:\/\/www.headshop.nl\/es\/wp-json\/wp\/v2\/media?parent=80568"}],"curies":[{"name":"wp","href":"https:\/\/api.w.org\/{rel}","templated":true}]}}