{"id":46270,"date":"2022-07-11T07:43:35","date_gmt":"2022-07-11T07:43:35","guid":{"rendered":"https:\/\/www.headshop.nl\/?page_id=46270"},"modified":"2022-07-11T07:50:38","modified_gmt":"2022-07-11T07:50:38","slug":"affiliate-program","status":"publish","type":"page","link":"https:\/\/www.headshop.nl\/es\/affiliate-program\/","title":{"rendered":"Headshop Programa de afiliados"},"content":{"rendered":"<div id=\"gap-1227807592\" class=\"gap-element clearfix\" style=\"display:block; height:auto;\">\n\t\t\n<style>\n#gap-1227807592 {\n  padding-top: 30px;\n}\n<\/style>\n\t<\/div>\n\t\n\n<div class=\"container section-title-container\" ><h1 class=\"section-title section-title-normal\"><b aria-hidden=\"true\"><\/b><span class=\"section-title-main\" style=\"font-size:149%;\">The Headshop Programa de afiliados<\/span><b aria-hidden=\"true\"><\/b><\/h1><\/div>\n\n<div class=\"row\"  id=\"row-302823516\">\n\n\n\t<div id=\"col-1843976925\" class=\"col medium-8 small-12 large-8\"  >\n\t\t\t\t<div class=\"col-inner\"  >\n\t\t\t\n\t\t\t\n\n<h2>Gane dinero promocionando nuestros productos<\/h2>\n<p>\u00bfTiene un sitio web o un canal multimedia y quiere ganar dinero promocionando nuestros productos? Entonces nos gustar\u00eda invitarle a inscribirse en el programa de afiliados Headshop.<\/p>\n<p>Nuestro programa de afiliados funciona en colaboraci\u00f3n con Daisycon. Reg\u00edstrate ahora como editor y gana altas comisiones por producto vendido.<\/p>\n\n<a href=\"https:\/\/www.daisycon.com\/nl\/campagnes\/17220-headshop\/\" target=\"_blank\" class=\"button primary\" rel=\"noopener\">\n\t\t<span>Inscr\u00edbete aqu\u00ed<\/span>\n\t<\/a>\n\n\n<h3>\u00bfPor qu\u00e9 afiliarse a The Headshop?<\/h3>\n<ul>\n<li>Alta comisi\u00f3n sobre la base del SPC<\/li>\n<li>Validaci\u00f3n r\u00e1pida de las ventas semanales. (m\u00ednimo 30 d\u00edas)<\/li>\n<li>Precios competitivos B2C<\/li>\n<li>Numerosos banners promocionales disponibles<\/li>\n<li>Posibilidad de pancartas personalizadas previa solicitud<\/li>\n<li>Equipo de asistencia activo para usted y el cliente<\/li>\n<li>Alimentaci\u00f3n de productos a petici\u00f3n<\/li>\n<\/ul>\n<a href=\"https:\/\/www.daisycon.com\/nl\/campagnes\/17220-headshop\/\" target=\"_blank\" class=\"button primary\" rel=\"noopener\">\n\t\t<span>Inscr\u00edbete aqu\u00ed<\/span>\n\t<\/a>\n\n\n<p>Si tiene alguna pregunta sobre nosotros o sobre el programa de afiliaci\u00f3n, no dude en preguntarnos. Estaremos encantados de ayudarle en su camino hacia una gran colaboraci\u00f3n.<\/p>\n\n\t\t<\/div>\n\t\t\t\t\t<\/div>\n\n\t\n\n\t<div id=\"col-274448436\" class=\"col medium-4 small-12 large-4 small-col-first\"  >\n\t\t\t\t<div class=\"col-inner\"  >\n\t\t\t\n\t\t\t\n\n\t<div class=\"img has-hover hide-for-small x md-x lg-x y md-y lg-y\" id=\"image_1770561729\">\n\t\t\t\t\t\t\t\t<div class=\"img-inner dark\" >\n\t\t\t<img loading=\"lazy\" decoding=\"async\" width=\"1500\" height=\"768\" src=\"https:\/\/www.headshop.nl\/wp-content\/uploads\/2019\/08\/Logo-The-Headshop-DEF.png\" class=\"attachment-original size-original\" alt=\"The Headshop Logotipo\" srcset=\"https:\/\/www.headshop.nl\/wp-content\/uploads\/2019\/08\/Logo-The-Headshop-DEF.png 1500w, https:\/\/www.headshop.nl\/wp-content\/uploads\/2019\/08\/Logo-The-Headshop-DEF-420x215.png 420w, https:\/\/www.headshop.nl\/wp-content\/uploads\/2019\/08\/Logo-The-Headshop-DEF-64x33.png 64w, https:\/\/www.headshop.nl\/wp-content\/uploads\/2019\/08\/Logo-The-Headshop-DEF-380x195.png 380w, https:\/\/www.headshop.nl\/wp-content\/uploads\/2019\/08\/Logo-The-Headshop-DEF-600x307.png 600w, https:\/\/www.headshop.nl\/wp-content\/uploads\/2019\/08\/Logo-The-Headshop-DEF-768x393.png 768w, https:\/\/www.headshop.nl\/wp-content\/uploads\/2019\/08\/Logo-The-Headshop-DEF-800x410.png 800w\" sizes=\"auto, (max-width: 1500px) 100vw, 1500px\" \/>\t\t\t\t\t\t\n\t\t\t\t\t<\/div>\n\t\t\t\t\t\t\t\t\n<style>\n#image_1770561729 {\n  width: 100%;\n}\n<\/style>\n\t<\/div>\n\t\n\n\t<div id=\"gap-1291920539\" class=\"gap-element clearfix\" style=\"display:block; height:auto;\">\n\t\t\n<style>\n#gap-1291920539 {\n  padding-top: 10px;\n}\n<\/style>\n\t<\/div>\n\t\n\n\n\t\t<\/div>\n\t\t\t\t\t<\/div>\n\n\t\n\n<\/div>","protected":false},"excerpt":{"rendered":"","protected":false},"author":865,"featured_media":0,"parent":0,"menu_order":0,"comment_status":"closed","ping_status":"closed","template":"page-blank.php","meta":{"footnotes":""},"class_list":["post-46270","page","type-page","status-publish","hentry"],"_links":{"self":[{"href":"https:\/\/www.headshop.nl\/es\/wp-json\/wp\/v2\/pages\/46270","targetHints":{"allow":["GET"]}}],"collection":[{"href":"https:\/\/www.headshop.nl\/es\/wp-json\/wp\/v2\/pages"}],"about":[{"href":"https:\/\/www.headshop.nl\/es\/wp-json\/wp\/v2\/types\/page"}],"author":[{"embeddable":true,"href":"https:\/\/www.headshop.nl\/es\/wp-json\/wp\/v2\/users\/865"}],"replies":[{"embeddable":true,"href":"https:\/\/www.headshop.nl\/es\/wp-json\/wp\/v2\/comments?post=46270"}],"version-history":[{"count":0,"href":"https:\/\/www.headshop.nl\/es\/wp-json\/wp\/v2\/pages\/46270\/revisions"}],"wp:attachment":[{"href":"https:\/\/www.headshop.nl\/es\/wp-json\/wp\/v2\/media?parent=46270"}],"curies":[{"name":"wp","href":"https:\/\/api.w.org\/{rel}","templated":true}]}}