{"id":36757,"date":"2021-09-20T13:47:44","date_gmt":"2021-09-20T13:47:44","guid":{"rendered":"https:\/\/www.headshop.nl\/?page_id=36757"},"modified":"2024-08-20T10:03:27","modified_gmt":"2024-08-20T10:03:27","slug":"partners","status":"publish","type":"page","link":"https:\/\/www.headshop.nl\/es\/partners\/","title":{"rendered":"Socios"},"content":{"rendered":"<div id=\"gap-1304456672\" class=\"gap-element clearfix\" style=\"display:block; height:auto;\">\n\t\t\n<style>\n#gap-1304456672 {\n  padding-top: 30px;\n}\n<\/style>\n\t<\/div>\n\t\n\n<div class=\"container section-title-container\" ><h1 class=\"section-title section-title-normal\"><b aria-hidden=\"true\"><\/b><span class=\"section-title-main\" style=\"font-size:149%;\">Socios<\/span><b aria-hidden=\"true\"><\/b><\/h1><\/div>\n\n<div class=\"row\"  id=\"row-502143471\">\n\n\n\t<div id=\"col-1798468420\" class=\"col medium-8 small-12 large-8\"  >\n\t\t\t\t<div class=\"col-inner\"  >\n\t\t\t\n\t\t\t\n\n<h2 data-animated=\"true\" data-animate=\"fadeInLeft\">The Headshop x Tatanka x Smartific<\/h2>\n<p data-animated=\"true\" data-animate=\"fadeInLeft\">Si s\u00f3lo ha o\u00eddo hablar de un smartshop o headshop, \u00e9se es The Headshop. Llevamos d\u00e9cadas trabajando duro para ofrecer la mejor experiencia y eso ha creado nuestra gran reputaci\u00f3n, \u00a1y estamos orgullosos de decirlo! \u00bfPero sab\u00eda tambi\u00e9n que los smartshops Tatanka forman parte de nuestra familia? Estos smartshops tambi\u00e9n son bien conocidos en toda Europa y juntos seguimos trabajando para satisfacer todas sus necesidades.<\/p>\n<p data-animated=\"true\" data-animate=\"fadeInLeft\">Por supuesto, no todo el mundo puede viajar a \u00c1msterdam para visitar nuestras tiendas. Como tambi\u00e9n queremos ayudar a los que no pueden venir a las tiendas, nos hemos asociado con una de las mejores tiendas online de smartshops de Europa: Smartific.<\/p>\n<p data-animated=\"true\" data-animate=\"fadeInLeft\">Smartific es una de las principales empresas del mercado neerland\u00e9s y est\u00e1 especializada en todo tipo de productos. Tambi\u00e9n se centran en ofrecer informaci\u00f3n clara sobre todos los productos. Estamos de acuerdo: \u00a1la educaci\u00f3n es muy importante en nuestro campo de juego! Sus art\u00edculos informativos son muy completos e impresionantes. No dejes de visitar su magn\u00edfica Smartwiki.<\/p>\n<p data-animated=\"true\" data-animate=\"fadeInLeft\">\u00bfSientes curiosidad por Smartific? Eche un vistazo a su sitio web holand\u00e9s: <span style=\"text-decoration: underline;\"><a href=\"https:\/\/www.smartific.nl\/\" target=\"_blank\" rel=\"noopener\">https:\/\/www.smartific.nl\/<\/a><\/span> o para el resto de Europa: <span style=\"text-decoration: underline;\"><a href=\"https:\/\/www.smartific.com\" target=\"_blank\" rel=\"noopener\">https:\/\/www.smartific.com<\/a>\/<\/span>. Y no te olvides de la incre\u00edble tienda Tatanka: <a href=\"https:\/\/www.tatanka.nl\/\" target=\"_blank\" rel=\"noopener\">https:\/\/www.tatanka.nl\/<\/a>.<\/p>\n<h3 data-animated=\"true\" data-animate=\"fadeInLeft\">The Headshop x MagicTruffels.Shop X Paddo.shop<\/h3>\n<p>The Headshop est\u00e1 repleto de grandes productos de smarts- y headshop. Probablemente el m\u00e1s popular de estos productos son las famosas Trufas M\u00e1gicas. Hemos establecido una colaboraci\u00f3n con los especialistas holandeses en trufas m\u00e1gicas online de MagicTruffels.shop. Son expertos en productos que contienen psilocibina. Juntos utilizamos nuestros conocimientos y resultados de investigaci\u00f3n para ofrecer a todos nuestros clientes la mejor experiencia posible. Echa un vistazo a su p\u00e1gina web: <span style=\"text-decoration: underline;\"><a href=\"https:\/\/www.magictruffels.shop\/\" target=\"_blank\" rel=\"noopener\">https:\/\/www.magictruffels.shop\/<\/a><\/span>.<\/p>\n<p>\u00bfPrefieres cultivar tus propios productos psicod\u00e9licos? \u00a1Qu\u00e9 suerte! Tambi\u00e9n tienen una gran tienda web dedicada a los kits de cultivo de setas m\u00e1gicas. \u00c9ste es su sitio web: <span style=\"text-decoration: underline;\"><a href=\"https:\/\/www.paddo.shop\/\" target=\"_blank\" rel=\"noopener\">https:\/\/www.paddo.shop\/<\/a><\/span><\/p>\n<h2 data-pm-slice=\"1 1 &#091;&#093;\">The Headshop x McSmart<\/h2>\n<p>La empresa Headshop est\u00e1 de acuerdo con nuestra colaboraci\u00f3n con <a href=\"https:\/\/www.mcsmart.com\/\" target=\"_blank\" rel=\"noopener\">McSmart<\/a>el mayor surtido de smartshops. Gracias a esta asociaci\u00f3n, podemos ofrecer una amplia gama de productos de alta gama, como trufas m\u00e1gicas, kits de cultivo y suplementos alimenticios. McSmart es conocida por su gran calidad y sus innovadores productos, que ofrecemos a nuestros clientes. Gracias a la combinaci\u00f3n de nuestros productos con McSmart, podemos ofrecer los mejores productos smartshop del mercado y ayudar a nuestros clientes con la mejor calidad. Descubra hoy mismo la amplia gama de McSmart y descubra la diferencia.<\/p>\n\n\t\t<\/div>\n\t\t\t\t\t<\/div>\n\n\t\n\n\t<div id=\"col-486097378\" class=\"col medium-4 small-12 large-4 small-col-first\"  >\n\t\t\t\t<div class=\"col-inner\"  >\n\t\t\t\n\t\t\t\n\n\t<div class=\"img has-hover x md-x lg-x y md-y lg-y\" id=\"image_604638784\">\n\t\t\t\t\t\t\t\t<div class=\"img-inner dark\" >\n\t\t\t<img loading=\"lazy\" decoding=\"async\" width=\"1500\" height=\"768\" src=\"https:\/\/www.headshop.nl\/wp-content\/uploads\/2019\/08\/Logo-The-Headshop-DEF.png\" class=\"attachment-original size-original\" alt=\"The Headshop Logotipo\" srcset=\"https:\/\/www.headshop.nl\/wp-content\/uploads\/2019\/08\/Logo-The-Headshop-DEF.png 1500w, https:\/\/www.headshop.nl\/wp-content\/uploads\/2019\/08\/Logo-The-Headshop-DEF-420x215.png 420w, https:\/\/www.headshop.nl\/wp-content\/uploads\/2019\/08\/Logo-The-Headshop-DEF-64x33.png 64w, https:\/\/www.headshop.nl\/wp-content\/uploads\/2019\/08\/Logo-The-Headshop-DEF-380x195.png 380w, https:\/\/www.headshop.nl\/wp-content\/uploads\/2019\/08\/Logo-The-Headshop-DEF-600x307.png 600w, https:\/\/www.headshop.nl\/wp-content\/uploads\/2019\/08\/Logo-The-Headshop-DEF-768x393.png 768w, https:\/\/www.headshop.nl\/wp-content\/uploads\/2019\/08\/Logo-The-Headshop-DEF-800x410.png 800w\" sizes=\"auto, (max-width: 1500px) 100vw, 1500px\" \/>\t\t\t\t\t\t\n\t\t\t\t\t<\/div>\n\t\t\t\t\t\t\t\t\n<style>\n#image_604638784 {\n  width: 100%;\n}\n<\/style>\n\t<\/div>\n\t\n\n\t<div id=\"gap-407909755\" class=\"gap-element clearfix\" style=\"display:block; height:auto;\">\n\t\t\n<style>\n#gap-407909755 {\n  padding-top: 10px;\n}\n<\/style>\n\t<\/div>\n\t\n\n\n\t\t<\/div>\n\t\t\t\t\t<\/div>\n\n\t\n\n<\/div>","protected":false},"excerpt":{"rendered":"","protected":false},"author":807,"featured_media":0,"parent":0,"menu_order":0,"comment_status":"closed","ping_status":"closed","template":"page-blank.php","meta":{"footnotes":""},"class_list":["post-36757","page","type-page","status-publish","hentry"],"_links":{"self":[{"href":"https:\/\/www.headshop.nl\/es\/wp-json\/wp\/v2\/pages\/36757","targetHints":{"allow":["GET"]}}],"collection":[{"href":"https:\/\/www.headshop.nl\/es\/wp-json\/wp\/v2\/pages"}],"about":[{"href":"https:\/\/www.headshop.nl\/es\/wp-json\/wp\/v2\/types\/page"}],"author":[{"embeddable":true,"href":"https:\/\/www.headshop.nl\/es\/wp-json\/wp\/v2\/users\/807"}],"replies":[{"embeddable":true,"href":"https:\/\/www.headshop.nl\/es\/wp-json\/wp\/v2\/comments?post=36757"}],"version-history":[{"count":1,"href":"https:\/\/www.headshop.nl\/es\/wp-json\/wp\/v2\/pages\/36757\/revisions"}],"predecessor-version":[{"id":80977,"href":"https:\/\/www.headshop.nl\/es\/wp-json\/wp\/v2\/pages\/36757\/revisions\/80977"}],"wp:attachment":[{"href":"https:\/\/www.headshop.nl\/es\/wp-json\/wp\/v2\/media?parent=36757"}],"curies":[{"name":"wp","href":"https:\/\/api.w.org\/{rel}","templated":true}]}}