{"id":36247,"date":"2021-08-24T11:26:14","date_gmt":"2021-08-24T11:26:14","guid":{"rendered":"https:\/\/www.headshop.nl\/?page_id=36247"},"modified":"2023-05-16T12:42:45","modified_gmt":"2023-05-16T12:42:45","slug":"complaints","status":"publish","type":"page","link":"https:\/\/www.headshop.nl\/es\/complaints\/","title":{"rendered":"Quejas"},"content":{"rendered":"<div id=\"gap-468635275\" class=\"gap-element clearfix\" style=\"display:block; height:auto;\">\n\t\t\n<style>\n#gap-468635275 {\n  padding-top: 40px;\n}\n<\/style>\n\t<\/div>\n\t\n\n<div class=\"row row-small\"  id=\"row-813591613\">\n\n\n\t<div id=\"col-1246172752\" class=\"col small-12 large-12 small-col-first\"  >\n\t\t\t\t<div class=\"col-inner text-left box-shadow-3\"  >\n\t\t\t\n\t\t\t\n\n\t<div class=\"img has-hover x md-x lg-x y md-y lg-y\" id=\"image_1369673915\">\n\t\t\t\t\t\t\t\t<div class=\"img-inner dark\" >\n\t\t\t<img loading=\"lazy\" decoding=\"async\" width=\"1920\" height=\"676\" src=\"https:\/\/www.headshop.nl\/wp-content\/uploads\/2019\/08\/recovery_headshop_smartshop_banner.jpg\" class=\"attachment-original size-original\" alt=\"\" srcset=\"https:\/\/www.headshop.nl\/wp-content\/uploads\/2019\/08\/recovery_headshop_smartshop_banner.jpg 1920w, https:\/\/www.headshop.nl\/wp-content\/uploads\/2019\/08\/recovery_headshop_smartshop_banner-420x148.jpg 420w, https:\/\/www.headshop.nl\/wp-content\/uploads\/2019\/08\/recovery_headshop_smartshop_banner-64x23.jpg 64w, https:\/\/www.headshop.nl\/wp-content\/uploads\/2019\/08\/recovery_headshop_smartshop_banner-380x134.jpg 380w, https:\/\/www.headshop.nl\/wp-content\/uploads\/2019\/08\/recovery_headshop_smartshop_banner-600x211.jpg 600w, https:\/\/www.headshop.nl\/wp-content\/uploads\/2019\/08\/recovery_headshop_smartshop_banner-768x270.jpg 768w, https:\/\/www.headshop.nl\/wp-content\/uploads\/2019\/08\/recovery_headshop_smartshop_banner-800x282.jpg 800w\" sizes=\"auto, (max-width: 1920px) 100vw, 1920px\">\t\t\t\t\t\t\n\t\t\t\t\t<\/div>\n\t\t\t\t\t\t\t\t\n<style>\n#image_1369673915 {\n  width: 100%;\n}\n<\/style>\n\t<\/div>\n\t\n\n<h1><span style=\"font-size: 120%;\">Quejas<\/span><\/h1>\n<p>Existe la posibilidad de que ocurra algo que no est\u00e9 de acuerdo con lo previsto. Le recomendamos que, en primer lugar, nos comunique sus quejas a trav\u00e9s del formulario de contacto que figura m\u00e1s abajo. Si esto no conduce a una soluci\u00f3n, es posible registrar su disputa para mediaci\u00f3n a trav\u00e9s del\u00a0<a href=\"https:\/\/www.webwinkelkeur.nl\/kennisbank\/consumenten\/geschil\/dispute\/\" target=\"_blank\" rel=\"noopener noreferrer\">Fundaci\u00f3n ValuedShops\/WebwinkelKeur<\/a>\u00a0(esto solo se aplica a los clientes neerlandeses y\/o belgas). Desde el 15 de febrero de 2016, los consumidores de la UE tambi\u00e9n pueden presentar reclamaciones a trav\u00e9s de la plataforma ODR de la Comisi\u00f3n Europea. La plataforma ODR se encuentra en\u00a0<a href=\"http:\/\/ec.europa.eu\/odr\" target=\"_blank\" rel=\"noopener noreferrer\">http:\/\/ec.europa.eu\/odr<\/a>. Si su queja a\u00fan no se ha tramitado en otro lugar, puede presentarla a trav\u00e9s de la plataforma de la Uni\u00f3n Europea.<\/p>\n<div class=\"is-divider divider clearfix\" style=\"max-width:0px;height:10px;\"><\/div>\n\n<div class=\"row\"  id=\"row-2101361786\">\n\n\n\t<div id=\"col-1206002409\" class=\"col medium-4 small-12 large-4\"  >\n\t\t\t\t<div class=\"col-inner\"  >\n\t\t\t\n\t\t\t\n\n<h2>Correo electr\u00f3nico<\/h2>\n<p>\u00bfTiene alguna pregunta sobre su pedido en l\u00ednea? Indique su n\u00famero de pedido. 1TP373Los mensajes suelen responderse en un d\u00eda laborable.<\/p>\n<a href=\"mailto:info@headshop.nl?subject=Complaint%3A&#038;body=Hey%20Headshop%2C%0A%0AUnfortunately%20i&#039;m%20not%20happy%20with%20my%20order%2Fproduct.%0A%0AYou%20can%20find%20my%20order%20number%20and%20complaint%20below.%0A%0AOrder%20number%3A%0AMy%20complaint%20is%3A%20\" class=\"button primary\" style=\"border-radius:10px;\">\n\t\t<span>Enviar un correo electr\u00f3nico<\/span>\n\t<i class=\"icon-envelop\" aria-hidden=\"true\"><\/i><\/a>\n\n\n\n\t\t<\/div>\n\t\t\t\t\t<\/div>\n\n\t\n\n\t<div id=\"col-926136434\" class=\"col medium-4 small-12 large-4\"  >\n\t\t\t\t<div class=\"col-inner\"  >\n\t\t\t\n\t\t\t\n\n<h2>Direcci\u00f3n<\/h2>\n<p>Headshop<br \/>PePePe BV<br \/>Sulky 6 J<br \/>Zeewolde<br \/>3897AJ<\/p>\n<p><strong>KVK:<\/strong> 34236211<br \/><strong>BTW:<\/strong> NL815030411B01<\/p>\n\n\t\t<\/div>\n\t\t\t\t\t<\/div>\n\n\t\n\n\t<div id=\"col-1038488814\" class=\"col medium-4 small-12 large-4\"  >\n\t\t\t\t<div class=\"col-inner\"  >\n\t\t\t\n\t\t\t\n\n<h2>Tel\u00e9fono<\/h2>\n<p>(0031)(0)20-6249061<\/p>\n\n\t\t<\/div>\n\t\t\t\t\t<\/div>\n\n\t\n\n<\/div>\n\n\t\t<\/div>\n\t\t\t\t\n<style>\n#col-1246172752 > .col-inner {\n  padding: 30px 30px 30px 30px;\n}\n<\/style>\n\t<\/div>\n\n\t\n\n<\/div>\n<div class=\"row row-small row-box-shadow-3\"  id=\"row-1687320804\">\n\n\n<\/div>\n\t<div id=\"gap-1699392816\" class=\"gap-element clearfix\" style=\"display:block; height:auto;\">\n\t\t\n<style>\n#gap-1699392816 {\n  padding-top: 20px;\n}\n<\/style>\n\t<\/div>","protected":false},"excerpt":{"rendered":"","protected":false},"author":807,"featured_media":0,"parent":0,"menu_order":0,"comment_status":"closed","ping_status":"closed","template":"page-blank.php","meta":{"footnotes":""},"class_list":["post-36247","page","type-page","status-publish","hentry"],"_links":{"self":[{"href":"https:\/\/www.headshop.nl\/es\/wp-json\/wp\/v2\/pages\/36247","targetHints":{"allow":["GET"]}}],"collection":[{"href":"https:\/\/www.headshop.nl\/es\/wp-json\/wp\/v2\/pages"}],"about":[{"href":"https:\/\/www.headshop.nl\/es\/wp-json\/wp\/v2\/types\/page"}],"author":[{"embeddable":true,"href":"https:\/\/www.headshop.nl\/es\/wp-json\/wp\/v2\/users\/807"}],"replies":[{"embeddable":true,"href":"https:\/\/www.headshop.nl\/es\/wp-json\/wp\/v2\/comments?post=36247"}],"version-history":[{"count":0,"href":"https:\/\/www.headshop.nl\/es\/wp-json\/wp\/v2\/pages\/36247\/revisions"}],"wp:attachment":[{"href":"https:\/\/www.headshop.nl\/es\/wp-json\/wp\/v2\/media?parent=36247"}],"curies":[{"name":"wp","href":"https:\/\/api.w.org\/{rel}","templated":true}]}}