{"id":1784,"date":"2017-09-13T15:56:09","date_gmt":"2017-09-13T15:56:09","guid":{"rendered":"http:\/\/headshop.nl\/?page_id=1784"},"modified":"2021-08-30T09:43:44","modified_gmt":"2021-08-30T09:43:44","slug":"privacy-policy","status":"publish","type":"page","link":"https:\/\/www.headshop.nl\/es\/privacy-policy\/","title":{"rendered":"Pol\u00edtica de privacidad"},"content":{"rendered":"<div class=\"container section-title-container\" ><h1 class=\"section-title section-title-bold-center\"><b aria-hidden=\"true\"><\/b><span class=\"section-title-main\" style=\"font-size:131%;\">Pol\u00edtica de privacidad<\/span><b aria-hidden=\"true\"><\/b><\/h1><\/div>\n\n\n\n<p><strong>Pol\u00edtica de privacidad Headshop.nl \/ PePePe BV<\/strong><\/p>\n\n\n\n<figure class=\"wp-block-embed is-type-wp-embed is-provider-tatanka-amsterdam-webshop wp-block-embed-tatanka-amsterdam-webshop\"><div class=\"wp-block-embed__wrapper\">\n<blockquote class=\"wp-embedded-content\" data-secret=\"X33Y55XFXD\"><a href=\"https:\/\/www.headshop.nl\/es\/\">P\u00e1gina de inicio<\/a><\/blockquote><iframe loading=\"lazy\" class=\"wp-embedded-content\" sandbox=\"allow-scripts\" security=\"restricted\" style=\"position: absolute; clip: rect(1px, 1px, 1px, 1px);\" title=\"&quot;P\u00e1gina de inicio&quot; - Headshop Amsterdam Webshop\" src=\"https:\/\/www.headshop.nl\/embed\/#?secret=X33Y55XFXD\" data-secret=\"X33Y55XFXD\" width=\"600\" height=\"338\" frameborder=\"0\" marginwidth=\"0\" marginheight=\"0\" scrolling=\"no\"><\/iframe>\n<\/div><\/figure>\n\n\n\n<p><strong>Acerca de nuestra pol\u00edtica de privacidad<\/strong><\/p>\n\n\n\n<p>PePePe BV se preocupa mucho por su privacidad. Procesamos exclusivamente los datos que necesitamos para (mejorar) nuestros servicios, y manejamos cuidadosamente toda la informaci\u00f3n recopilada sobre usted y el uso que hace de nuestros servicios. Sus datos no se comparten con terceros con fines comerciales. Esta pol\u00edtica de privacidad se aplica al uso del sitio web y los servicios proporcionados por PePePe BV. La fecha de inicio de validez de estos t\u00e9rminos y condiciones es 07\/07\/2021, con la publicaci\u00f3n de una nueva versi\u00f3n la validez de todas las versiones anteriores es cancelada. Esta pol\u00edtica de privacidad describe qu\u00e9 informaci\u00f3n sobre usted es recogida por nosotros, para qu\u00e9 son utilizados estos datos y con qui\u00e9n y bajo qu\u00e9 condiciones estos datos podr\u00edan ser compartidos con terceras partes. Tambi\u00e9n le explicamos c\u00f3mo almacenamos sus datos, c\u00f3mo los protegemos contra el uso indebido y qu\u00e9 derechos tiene en relaci\u00f3n con los datos personales que nos facilita.<\/p>\n\n\n\n<p>Si tiene alguna pregunta sobre nuestra pol\u00edtica de privacidad, p\u00f3ngase en contacto con nuestra persona de contacto de privacidad, encontrar\u00e1 los datos de contacto al final de nuestra pol\u00edtica de privacidad.<\/p>\n\n\n\n<p><strong>Acerca de nuestro tratamiento de datos<\/strong><\/p>\n\n\n\n<p>A continuaci\u00f3n puede leer c\u00f3mo procesamos sus datos, d\u00f3nde los guardamos, qu\u00e9 t\u00e9cnicas de seguridad utilizamos y a qui\u00e9n est\u00e1n visibles los datos.<\/p>\n\n\n\n<p><strong>Webshopsoftware<\/strong><\/p>\n\n\n\n<p><strong>WooCommerce<\/strong><\/p>\n\n\n\n<p>Utilizamos servicios de alojamiento web y correo electr\u00f3nico proporcionados por WooCommerce. Para nuestro alojamiento web utilizamos los servicios de OtherDigital Ocean. Los datos personales recogidos con el uso de nuestro sitio web y los servicios se comparte con OtherDigital Ocean requiere el acceso a estos detalles para ofrecer apoyo (t\u00e9cnico). No utilizar\u00e1n estos datos para ning\u00fan otro fin. OtherDigital Ocean tiene la obligaci\u00f3n, en base al acuerdo que tenemos con ellos, de tomar las precauciones y medidas de seguridad necesarias cuando se trata de sus datos personales.<\/p>\n\n\n\n<p><strong>WooCommerce<\/strong><\/p>\n\n\n\n<p>Nuestra tienda online ha sido desarrollada utilizando el software WooCommerce, alojamos nuestra tienda online en un servidor bajo nuestra propia gesti\u00f3n. Hemos tomado las precauciones necesarias y las medidas de seguridad cuando se trata de sus datos personales, tales como una encriptaci\u00f3n SSL y una pol\u00edtica de contrase\u00f1a fuerte.<\/p>\n\n\n\n<p><strong>Correo electr\u00f3nico y listas de correo <\/strong><strong>MailChimp<\/strong><\/p>\n\n\n\n<p>Utilizamos los servicios de correo electr\u00f3nico de MailChimp, un tercero que facilita el tr\u00e1fico de correo electr\u00f3nico de nuestros sitios web y posibles boletines informativos. Cualquier correo electr\u00f3nico de confirmaci\u00f3n que reciba de nuestro sitio web y formularios web se le enviar\u00e1 desde los servidores de MailChimp. MailChimp no utilizar\u00e1 su nombre y direcci\u00f3n de correo electr\u00f3nico para sus propios fines. En la parte inferior de cada correo electr\u00f3nico automatizado enviado desde nuestro sitio web encontrar\u00e1 un enlace para darse de baja. Al hacer clic en este enlace dejar\u00e1 de recibir correos electr\u00f3nicos automatizados de nuestro sitio web; tenga en cuenta que esto puede afectar en gran medida a la funcionalidad de nuestro sitio web. Sus datos personales ser\u00e1n almacenados, enviados y bloqueados de forma segura por MailChimp. MailChimp utiliza cookies y otras tecnolog\u00edas de Internet que rastrean si los correos electr\u00f3nicos se abren y se leen. Adem\u00e1s, MailChimp recopila informaci\u00f3n sobre usted como receptor y los asuntos de estos correos electr\u00f3nicos con el fin de mejorar la calidad de su servicio, estos datos se almacenan durante 30 d\u00edas. MailChimp se reserva el derecho de utilizar su informaci\u00f3n personal para mejorar su servicio.<\/p>\n\n\n\n<p>servicios y, en este contexto, compartirla con terceros.<\/p>\n\n\n\n<p><strong>Alojamiento web digital<\/strong><\/p>\n\n\n\n<p>Para nuestro correo electr\u00f3nico comercial habitual, utilizamos los servicios de correo electr\u00f3nico de Digital Ocean. Esta parte ha aplicado medidas t\u00e9cnicas y organizativas adecuadas para evitar el uso indebido, la p\u00e9rdida o la corrupci\u00f3n de sus datos. Digital Webhost no tiene acceso a nuestro buz\u00f3n y tratamos nuestro tr\u00e1fico de correo electr\u00f3nico de forma confidencial.<\/p>\n\n\n\n<p><strong>Procesadores de pagos<\/strong><\/p>\n\n\n\n<p><strong>Pay.nl<\/strong><\/p>\n\n\n\n<p>Para concluir y procesar (parte de) nuestros pagos en nuestra tienda web utilizamos el proveedor de pagos Pay.nl. Pay.nl procesa su nombre, direcci\u00f3n e informaci\u00f3n de residencia. Tambi\u00e9n procesa informaci\u00f3n de pago como su n\u00famero de cuenta bancaria o de tarjeta de cr\u00e9dito. Pay.nl ha implementado medidas t\u00e9cnicas y organizativas adecuadas para proteger sus datos personales. Pay.nl se reserva el derecho de utilizar su informaci\u00f3n personal (anonimizada) para seguir mejorando sus servicios y, en este contexto, compartirla con terceros. En caso de solicitar un pago aplazado (facilidad de cr\u00e9dito) Pay.nl compartir\u00e1 la informaci\u00f3n personal y del pedido con el proveedor de pagos correspondiente. Todas las garant\u00edas mencionadas anteriormente con respecto a la protecci\u00f3n de sus datos personales tambi\u00e9n son aplicables a cualquier servicio de Pay.nl que utilice terceros. Pay.nl no almacena sus datos m\u00e1s all\u00e1 de los plazos permitidos por los fundamentos jur\u00eddicos correspondientes.<\/p>\n\n\n\n<p><strong>Rese\u00f1as<\/strong><\/p>\n\n\n\n<p><strong>WebwinkelKeur<\/strong><\/p>\n\n\n\n<p>Utilizamos WebwinkelKeur para recopilar opiniones. Para dejar una opini\u00f3n, debe indicar su direcci\u00f3n de correo electr\u00f3nico, su nombre y su lugar de residencia. WebwinkelKeur comparte con nosotros ciertos datos necesarios para que podamos relacionar su opini\u00f3n con su pedido. Adem\u00e1s, WebwinkelKeur publica su nombre y lugar de residencia en su propio sitio web. En algunos casos, WebwinkelKeur puede ponerse en contacto con usted para pedirle que aclare, elabore o comente su rese\u00f1a. En caso de que le pidamos una rese\u00f1a, compartiremos su nombre y direcci\u00f3n de correo electr\u00f3nico con WebwinkelKeur, que utilizar\u00e1 esta informaci\u00f3n con el \u00fanico fin de invitarle a dejar una rese\u00f1a. WebwinkelKeur ha implementado medidas t\u00e9cnicas y organizativas adecuadas para proteger sus datos personales. WebwinkelKeur se reserva el derecho de utilizar tus datos personales para ofrecer sus servicios y compartirlos con terceros, para lo cual hemos dado permiso a WebwinkelKeur. Todas las garant\u00edas mencionadas en relaci\u00f3n con la protecci\u00f3n de sus datos personales son tambi\u00e9n aplicables a cualquier servicio de WebwinkelKeur que utilice terceros.<\/p>\n\n\n\n<p><strong>Transporte y log\u00edstica Contabilidad y tenedur\u00eda de libros Canales de venta externos<\/strong><\/p>\n\n\n\n<p><strong>Finalidad del tratamiento de datos<\/strong><\/p>\n\n\n\n<p><strong>Finalidad general del tratamiento de datos<\/strong><\/p>\n\n\n\n<p>Utilizamos sus datos con el \u00fanico fin de prestarle nuestros servicios. Esto significa que el objetivo del tratamiento de estos datos est\u00e1 en relaci\u00f3n directa con el encargo o tarea que usted nos ofrece. No utilizamos estos datos con fines de marketing (dirigido). Si comparte informaci\u00f3n con nosotros y utilizamos esta informaci\u00f3n para ponernos en contacto con usted m\u00e1s adelante (no en base a una solicitud), primero le pediremos su consentimiento expl\u00edcito. Sus datos no se comparten con terceros,<\/p>\n\n\n\n<p>con cualquier otro fin que no sea el cumplimiento de obligaciones contables y administrativas. Todos estos terceros est\u00e1n obligados a respetar un deber de confidencialidad basado en el acuerdo que tenemos con ellos, en un juramento o en una obligaci\u00f3n legal.<\/p>\n\n\n\n<p><strong>Datos recogidos autom\u00e1ticamente<\/strong><\/p>\n\n\n\n<p>La informaci\u00f3n recopilada autom\u00e1ticamente por nuestro sitio web se procesa con el \u00fanico fin de ofrecerle y\/o mejorar nuestros servicios. Esta informaci\u00f3n (por ejemplo, su direcci\u00f3n IP (anonimizada), navegador web y sistema operativo) no es informaci\u00f3n personal.<\/p>\n\n\n\n<p><strong>Cooperaci\u00f3n en materia de investigaci\u00f3n fiscal y penal<\/strong><\/p>\n\n\n\n<p>En algunos casos, podemos estar obligados por el gobierno a una obligaci\u00f3n legal de compartir su informaci\u00f3n con el fin de ayudar en una investigaci\u00f3n fiscal o penal. En tales casos estamos obligados a cumplir y ayudar, pero, bas\u00e1ndonos en posibilidades legales, ofreceremos objeci\u00f3n.<\/p>\n\n\n\n<p><strong>Periodos de conservaci\u00f3n<\/strong><\/p>\n\n\n\n<p>Almacenamos sus datos mientras sea cliente nuestro. Esto significa que mantenemos y conservamos su perfil de cliente hasta que nos comunique que no desea seguir utilizando nuestros servicios. Dicho mensaje tambi\u00e9n funciona como una solicitud de olvido. Estamos obligados a conservar las facturas con su informaci\u00f3n (personal) debido a las obligaciones administrativas pertinentes, esta informaci\u00f3n se almacena de forma segura mientras no haya transcurrido el plazo pertinente para estas obligaciones. El personal ya no tiene acceso a su perfil de cliente ni a los documentos realizados a causa de su encargo o tarea.<\/p>\n\n\n\n<p><strong>Sus derechos<\/strong><\/p>\n\n\n\n<p>En virtud de la legislaci\u00f3n neerlandesa y europea vigente, usted, como parte interesada, tiene determinados derechos en lo que respecta a los datos personales que procesamos nosotros o en nuestro nombre. A continuaci\u00f3n encontrar\u00e1 una explicaci\u00f3n de estos derechos y de c\u00f3mo usted, como parte interesada, puede invocarlos. En principio, para evitar abusos, s\u00f3lo enviamos facturas y copias de sus datos a las direcciones de correo electr\u00f3nico que usted nos ha comunicado. Si desea recibir estos datos en otra direcci\u00f3n de correo electr\u00f3nico o, por ejemplo, por correo postal, le pediremos que se identifique en consecuencia. Mantenemos una administraci\u00f3n de las solicitudes concluidas, en caso de una solicitud de olvido mantendremos una administraci\u00f3n de datos anonimizados. Recibir\u00e1 todas las facturas y copias de datos en archivos estructurados en un formato legible por m\u00e1quina basado en las clasificaciones de datos que utilizamos en nuestro sistema. Usted mantiene en todo momento el derecho a presentar una reclamaci\u00f3n ante Autoriteit Persoonsgegevens si sospecha que tratamos o utilizamos indebidamente sus datos personales.<\/p>\n\n\n\n<p><strong>Derecho de inspecci\u00f3n<\/strong><\/p>\n\n\n\n<p>Usted mantiene en todo momento el derecho a ver los datos que procesamos que tengan relaci\u00f3n o puedan ser reducibles a su persona. Puede solicitar dicha visualizaci\u00f3n a nuestro contacto encargado de asuntos de privacidad. Recibir\u00e1 una respuesta a su solicitud en un plazo de 30 d\u00edas. Si su solicitud es aprobada, le enviaremos, a trav\u00e9s de la direcci\u00f3n de correo electr\u00f3nico que conozcamos, una copia de todos los datos con un resumen a\u00f1adido de los procesadores que gestionan estos datos, mencionando tambi\u00e9n las categor\u00edas en las que almacenamos estos datos.<\/p>\n\n\n\n<p><strong>Derecho de rectificaci\u00f3n<\/strong><\/p>\n\n\n\n<p>Usted mantiene en todo momento el derecho a que se ajusten los datos que procesamos que tengan relaci\u00f3n o puedan ser reducibles a su persona. Puede solicitar dicho ajuste a nuestro contacto encargado de asuntos de privacidad. Recibir\u00e1 una respuesta a su solicitud en un plazo de 30 d\u00edas. Si su solicitud es aprobada, le enviaremos, a trav\u00e9s de la direcci\u00f3n de correo electr\u00f3nico que conozcamos, una confirmaci\u00f3n de que los datos han sido ajustados.<\/p>\n\n\n\n<p><strong>Derecho a la limitaci\u00f3n del tratamiento<\/strong><\/p>\n\n\n\n<p>Usted mantiene en todo momento el derecho a limitar los datos que procesamos que tengan relaci\u00f3n o puedan ser reducibles a su persona. Puede solicitar dicha limitaci\u00f3n a nuestro contacto encargado de asuntos de privacidad. Recibir\u00e1 una respuesta a su solicitud en un plazo de 30 d\u00edas. Si su solicitud es aprobada, le enviaremos, a trav\u00e9s de la direcci\u00f3n de correo electr\u00f3nico que conozcamos, una confirmaci\u00f3n de que el tratamiento de sus datos est\u00e1 limitado hasta que usted decida cancelar dicha limitaci\u00f3n.<\/p>\n\n\n\n<p><strong>Derecho de transmisibilidad<\/strong><\/p>\n\n\n\n<p>Usted mantiene en todo momento el derecho a solicitar que los datos que tratamos y que tienen relaci\u00f3n o pueden ser reducibles a su persona sean tratados por un tercero de su elecci\u00f3n. Puede enviar dicha solicitud a nuestro contacto encargado de asuntos de privacidad. Recibir\u00e1 una respuesta a su solicitud en un plazo de 30 d\u00edas. Si su solicitud es aprobada, le enviaremos, a trav\u00e9s de la direcci\u00f3n de correo electr\u00f3nico que conozcamos, sus facturas (personales) o copias de los datos que nosotros, o terceros en nuestro nombre, hayamos procesado. Es muy probable que en tal caso no podamos seguir ofreci\u00e9ndole nuestros servicios, pues ya no podemos garantizar la seguridad de los datos anteriores.<\/p>\n\n\n\n<p><strong>Derecho de oposici\u00f3n y otros derechos<\/strong><\/p>\n\n\n\n<p>Usted mantiene en todo momento el derecho a oponerse al tratamiento realizado por nosotros, o en nuestro nombre por terceros, de su<\/p>\n\n\n\n<p>datos personales. En caso de oposici\u00f3n, interrumpiremos inmediatamente el tratamiento de sus datos mientras se investiga y tramita su oposici\u00f3n. En caso de una objeci\u00f3n justificada, le devolveremos todas las facturas y\/o copias de los datos personales que nosotros, o terceros en nuestro nombre, hayamos procesado hasta ese momento y dejaremos de procesarlos a partir de entonces. Usted tambi\u00e9n mantiene el derecho a no ser objeto de procesos automatizados de toma de decisiones o elaboraci\u00f3n de perfiles. Tratamos sus datos de tal forma que este derecho no es aplicable. Si cree que este derecho es aplicable, le rogamos que se ponga en contacto con nuestro responsable de privacidad.<\/p>\n\n\n\n<p><strong>Cookies<\/strong><\/p>\n\n\n\n<p><strong>Google Analytics<\/strong><\/p>\n\n\n\n<p>En nuestro sitio web se colocan cookies de la empresa estadounidense Google, como parte del servicio \"Analytics\".<\/p>\n\n\n\n<p>Utilizamos este servicio para hacer un seguimiento y obtener informes sobre el uso que hacen los visitantes del sitio web. Este procesador puede estar obligado por ley a proporcionar acceso a estos datos. Recopilamos informaci\u00f3n sobre su comportamiento de navegaci\u00f3n y compartimos estos datos con Google. Google puede iniciar esta informaci\u00f3n junto con otros conjuntos de datos y as\u00ed rastrear sus movimientos en Internet. Google ha utilizado esta informaci\u00f3n para ofrecer, entre otras cosas, anuncios dirigidos (Adwords) y otros servicios y productos de Google.<\/p>\n\n\n\n<p><strong>Terceras Cookies Party<\/strong><\/p>\n\n\n\n<p>En caso de que las soluciones de software de terceros utilicen las cookies indicadas en esta declaraci\u00f3n de privacidad.<\/p>\n\n\n\n<p><strong>Cambios en la pol\u00edtica de privacidad<\/strong><\/p>\n\n\n\n<p>Nos reservamos en todo momento el derecho a modificar nuestra pol\u00edtica de privacidad. No obstante, esta p\u00e1gina siempre muestra la versi\u00f3n m\u00e1s reciente de nuestra pol\u00edtica de privacidad. En caso de que una nueva pol\u00edtica de privacidad tenga consecuencias para la forma en que procesamos los datos recopilados recientemente en relaci\u00f3n con su persona, se lo notificaremos por correo electr\u00f3nico.<\/p>\n\n\n\n<p><strong>Datos de la empresa <\/strong><strong>PePePe BV<\/strong><\/p>\n\n\n\n<p>Sulky 6 J Zeewolde Nederland | <strong>T <\/strong>(0031)(0)20-6249061 | <strong>E <\/strong>info@headshop.nl<\/p>","protected":false},"excerpt":{"rendered":"<p>Pol\u00edtica de privacidad Headshop.nl \/ PePePe BV Acerca de nuestra pol\u00edtica de privacidad PePePe BV se preocupa mucho por su privacidad. Procesamos exclusivamente los datos que necesitamos para (mejorar) nuestros servicios, y manejamos cuidadosamente toda la informaci\u00f3n recopilada sobre usted y el uso que hace de nuestros servicios. Sus datos no se comparten con terceros con fines comerciales. Esta pol\u00edtica de privacidad...<\/p>","protected":false},"author":807,"featured_media":0,"parent":0,"menu_order":0,"comment_status":"closed","ping_status":"closed","template":"","meta":{"footnotes":""},"class_list":["post-1784","page","type-page","status-publish","hentry"],"_links":{"self":[{"href":"https:\/\/www.headshop.nl\/es\/wp-json\/wp\/v2\/pages\/1784","targetHints":{"allow":["GET"]}}],"collection":[{"href":"https:\/\/www.headshop.nl\/es\/wp-json\/wp\/v2\/pages"}],"about":[{"href":"https:\/\/www.headshop.nl\/es\/wp-json\/wp\/v2\/types\/page"}],"author":[{"embeddable":true,"href":"https:\/\/www.headshop.nl\/es\/wp-json\/wp\/v2\/users\/807"}],"replies":[{"embeddable":true,"href":"https:\/\/www.headshop.nl\/es\/wp-json\/wp\/v2\/comments?post=1784"}],"version-history":[{"count":0,"href":"https:\/\/www.headshop.nl\/es\/wp-json\/wp\/v2\/pages\/1784\/revisions"}],"wp:attachment":[{"href":"https:\/\/www.headshop.nl\/es\/wp-json\/wp\/v2\/media?parent=1784"}],"curies":[{"name":"wp","href":"https:\/\/api.w.org\/{rel}","templated":true}]}}