{"id":16265,"date":"2018-05-05T18:03:54","date_gmt":"2018-05-05T18:03:54","guid":{"rendered":"http:\/\/headshop.nl\/?page_id=16265"},"modified":"2025-07-16T14:22:47","modified_gmt":"2025-07-16T14:22:47","slug":"contact-us","status":"publish","type":"page","link":"https:\/\/www.headshop.nl\/es\/contact-us\/","title":{"rendered":"P\u00f3ngase en contacto con"},"content":{"rendered":"<div id=\"gap-1006223791\" class=\"gap-element clearfix\" style=\"display:block; height:auto;\">\n\t\t\n<style>\n#gap-1006223791 {\n  padding-top: 40px;\n}\n<\/style>\n\t<\/div>\n\t\n\n<div class=\"row row-small\"  id=\"row-380406164\">\n\n\n\t<div id=\"col-274228075\" class=\"col small-12 large-12 small-col-first\"  >\n\t\t\t\t<div class=\"col-inner text-left box-shadow-3\"  >\n\t\t\t\n\t\t\t\n\n\t<div class=\"img has-hover x md-x lg-x y md-y lg-y\" id=\"image_474126574\">\n\t\t\t\t\t\t\t\t<div class=\"img-inner dark\" >\n\t\t\t<img loading=\"lazy\" decoding=\"async\" width=\"1920\" height=\"676\" src=\"https:\/\/www.headshop.nl\/wp-content\/uploads\/2019\/08\/recovery_headshop_smartshop_banner.jpg\" class=\"attachment-original size-original\" alt=\"\" srcset=\"https:\/\/www.headshop.nl\/wp-content\/uploads\/2019\/08\/recovery_headshop_smartshop_banner.jpg 1920w, https:\/\/www.headshop.nl\/wp-content\/uploads\/2019\/08\/recovery_headshop_smartshop_banner-420x148.jpg 420w, https:\/\/www.headshop.nl\/wp-content\/uploads\/2019\/08\/recovery_headshop_smartshop_banner-64x23.jpg 64w, https:\/\/www.headshop.nl\/wp-content\/uploads\/2019\/08\/recovery_headshop_smartshop_banner-380x134.jpg 380w, https:\/\/www.headshop.nl\/wp-content\/uploads\/2019\/08\/recovery_headshop_smartshop_banner-600x211.jpg 600w, https:\/\/www.headshop.nl\/wp-content\/uploads\/2019\/08\/recovery_headshop_smartshop_banner-768x270.jpg 768w, https:\/\/www.headshop.nl\/wp-content\/uploads\/2019\/08\/recovery_headshop_smartshop_banner-800x282.jpg 800w\" sizes=\"auto, (max-width: 1920px) 100vw, 1920px\">\t\t\t\t\t\t\n\t\t\t\t\t<\/div>\n\t\t\t\t\t\t\t\t\n<style>\n#image_474126574 {\n  width: 100%;\n}\n<\/style>\n\t<\/div>\n\t\n\n<h1><span style=\"font-size: 120%;\">P\u00f3ngase en contacto con<\/span><\/h1>\n<p>Puede ponerse en contacto con nosotros por correo electr\u00f3nico o por tel\u00e9fono. Se recomienda enviar un correo electr\u00f3nico, nuestro servicio de asistencia siempre responde a los correos electr\u00f3nicos en el plazo de 1 d\u00eda laborable. No podemos responder a preguntas sobre la tienda online en nuestras tiendas.<\/p>\n\n<div class=\"is-divider divider clearfix\" style=\"max-width:0px;height:10px;\"><\/div>\n\n<div class=\"row\"  id=\"row-228817557\">\n\n\n\t<div id=\"col-2039852938\" class=\"col medium-4 small-12 large-4\"  >\n\t\t\t\t<div class=\"col-inner\"  >\n\t\t\t\n\t\t\t\n\n<h2>Correo electr\u00f3nico<\/h2>\n<p>\u00bfTiene alguna pregunta sobre su pedido en l\u00ednea? Indique su n\u00famero de pedido. 1TP373Los mensajes suelen responderse en un d\u00eda laborable.<\/p>\n<a href=\"mailto:info@headshop.nl?subject=Support%20request%20%7C%20Headshop.nl&#038;body=Hey%20Headshop%2C%0A%0AI%E2%80%99ve%20a%20question%20about%20my%20order.%20%0A%0AYou%20can%20find%20my%20order%20number%20and%20question%20below.%0A%0AOrder%20number%3A%0AMy%20question%20is%3A%0A\" class=\"button primary\" style=\"border-radius:10px;\">\n\t\t<span>Enviar un correo electr\u00f3nico<\/span>\n\t<i class=\"icon-envelop\" aria-hidden=\"true\"><\/i><\/a>\n\n\n\n\t\t<\/div>\n\t\t\t\t\t<\/div>\n\n\t\n\n\t<div id=\"col-1635141791\" class=\"col medium-4 small-12 large-4\"  >\n\t\t\t\t<div class=\"col-inner\"  >\n\t\t\t\n\t\t\t\n\n<h2>Direcci\u00f3n<\/h2>\n<p>Headshop<br \/>PePePe BV<br \/>Sulky 6 J<br \/>Zeewolde<br \/>3897AJ<\/p>\n<p><strong>KVK:<\/strong> 34236211<br \/><strong>BTW:<\/strong> NL815030411B01<\/p>\n\n\n\t\t<\/div>\n\t\t\t\t\t<\/div>\n\n\t\n\n\t<div id=\"col-1928746955\" class=\"col medium-4 small-12 large-4\"  >\n\t\t\t\t<div class=\"col-inner\"  >\n\t\t\t\n\t\t\t\n\n<h2>Tel\u00e9fono<\/h2>\n<p>(0031)(0)30-2074448<\/p>\n\n\n\t\t<\/div>\n\t\t\t\t\t<\/div>\n\n\t\n\n<\/div>\n\n\t\t<\/div>\n\t\t\t\t\n<style>\n#col-274228075 > .col-inner {\n  padding: 30px 30px 30px 30px;\n}\n<\/style>\n\t<\/div>\n\n\t\n\n<\/div>\n<div class=\"row row-small row-box-shadow-3\"  id=\"row-886673994\">\n\n\n\n\n<style>\n#row-886673994 > .col > .col-inner {\n  padding: 30px 30px 30px 30px;\n}\n<\/style>\n<\/div>\n\t<div id=\"gap-313140852\" class=\"gap-element clearfix\" style=\"display:block; height:auto;\">\n\t\t\n<style>\n#gap-313140852 {\n  padding-top: 20px;\n}\n<\/style>\n\t<\/div>","protected":false},"excerpt":{"rendered":"","protected":false},"author":807,"featured_media":0,"parent":0,"menu_order":0,"comment_status":"closed","ping_status":"closed","template":"page-blank.php","meta":{"footnotes":""},"class_list":["post-16265","page","type-page","status-publish","hentry"],"_links":{"self":[{"href":"https:\/\/www.headshop.nl\/es\/wp-json\/wp\/v2\/pages\/16265","targetHints":{"allow":["GET"]}}],"collection":[{"href":"https:\/\/www.headshop.nl\/es\/wp-json\/wp\/v2\/pages"}],"about":[{"href":"https:\/\/www.headshop.nl\/es\/wp-json\/wp\/v2\/types\/page"}],"author":[{"embeddable":true,"href":"https:\/\/www.headshop.nl\/es\/wp-json\/wp\/v2\/users\/807"}],"replies":[{"embeddable":true,"href":"https:\/\/www.headshop.nl\/es\/wp-json\/wp\/v2\/comments?post=16265"}],"version-history":[{"count":4,"href":"https:\/\/www.headshop.nl\/es\/wp-json\/wp\/v2\/pages\/16265\/revisions"}],"predecessor-version":[{"id":85491,"href":"https:\/\/www.headshop.nl\/es\/wp-json\/wp\/v2\/pages\/16265\/revisions\/85491"}],"wp:attachment":[{"href":"https:\/\/www.headshop.nl\/es\/wp-json\/wp\/v2\/media?parent=16265"}],"curies":[{"name":"wp","href":"https:\/\/api.w.org\/{rel}","templated":true}]}}