{"id":8844,"date":"2018-01-12T09:39:40","date_gmt":"2018-01-12T09:39:40","guid":{"rendered":"http:\/\/headshop.nl\/?post_type=product&#038;p=8844"},"modified":"2024-09-17T10:49:32","modified_gmt":"2024-09-17T10:49:32","slug":"vegetarian-transparent-capsules-size-1","status":"publish","type":"product","link":"https:\/\/www.headshop.nl\/de\/vegetarian-transparent-capsules-size-1\/","title":{"rendered":"Vegetarische Kappen - Gr\u00f6\u00dfe 1"},"content":{"rendered":"<h2>Vegetarische Kappen - Gr\u00f6\u00dfe 1<\/h2>\n<p><span style=\"color: #000000;\"> Hergestellt aus 100% pflanzlichem HPMC (Hydroxylpropylmethylcellulose), enth\u00e4lt keine tierischen Nebenprodukte, BSE, Konservierungsstoffe, k\u00fcnstliche Farbstoffe, St\u00e4rke, Zucker, Mais, Weizen oder Milchprodukte.<\/span><\/p>","protected":false},"excerpt":{"rendered":"<p><span style=\"color: #000000;\">Sie k\u00f6nnen diese Kapseln im Grunde mit allem f\u00fcllen, was Sie wollen! Es ist 100% vegetarisch und transparent. Gr\u00f6\u00dfe 1, erh\u00e4ltlich in 100 Kapseln oder 1000 Kapseln.<br \/>\n<\/span><\/p>","protected":false},"featured_media":13054,"template":"","meta":[],"product_brand":[],"product_cat":[297,485,414],"product_tag":[],"class_list":{"0":"post-8844","1":"product","2":"type-product","3":"status-publish","4":"has-post-thumbnail","6":"product_cat-all-products","7":"product_cat-capsules","8":"product_cat-headshop","9":"product_shipping_class-creditcard-on","11":"first","12":"instock","13":"taxable","14":"shipping-taxable","15":"purchasable","16":"product-type-variable","17":"has-default-attributes"},"_links":{"self":[{"href":"https:\/\/www.headshop.nl\/de\/wp-json\/wp\/v2\/product\/8844","targetHints":{"allow":["GET"]}}],"collection":[{"href":"https:\/\/www.headshop.nl\/de\/wp-json\/wp\/v2\/product"}],"about":[{"href":"https:\/\/www.headshop.nl\/de\/wp-json\/wp\/v2\/types\/product"}],"wp:featuredmedia":[{"embeddable":true,"href":"https:\/\/www.headshop.nl\/de\/wp-json\/wp\/v2\/media\/13054"}],"wp:attachment":[{"href":"https:\/\/www.headshop.nl\/de\/wp-json\/wp\/v2\/media?parent=8844"}],"wp:term":[{"taxonomy":"product_brand","embeddable":true,"href":"https:\/\/www.headshop.nl\/de\/wp-json\/wp\/v2\/product_brand?post=8844"},{"taxonomy":"product_cat","embeddable":true,"href":"https:\/\/www.headshop.nl\/de\/wp-json\/wp\/v2\/product_cat?post=8844"},{"taxonomy":"product_tag","embeddable":true,"href":"https:\/\/www.headshop.nl\/de\/wp-json\/wp\/v2\/product_tag?post=8844"}],"curies":[{"name":"wp","href":"https:\/\/api.w.org\/{rel}","templated":true}]}}