{"id":8711,"date":"2018-01-09T15:17:44","date_gmt":"2018-01-09T15:17:44","guid":{"rendered":"http:\/\/headshop.nl\/?post_type=product&#038;p=8711"},"modified":"2024-09-17T10:49:38","modified_gmt":"2024-09-17T10:49:38","slug":"smoking-silver-kingsize-box","status":"publish","type":"product","link":"https:\/\/www.headshop.nl\/de\/smoking-silver-kingsize-box\/","title":{"rendered":"Smoking Silber, hauchd\u00fcnn"},"content":{"rendered":"<h2><span style=\"color: #000000; font-size: 95%;\">Smoking Silbernes Rolling Paper, Kingsize-Schachtel.<\/span><\/h2>\n<p><span style=\"color: #000000;\">Jedes einzelne Blatt besteht aus reinem Reispapier mit Wasserzeichen, das f\u00fcr Sicherheit sorgt, und aus Naturkautschuk, der jedes Mal klebt. Ein mit den Bl\u00e4ttern gefalteter Zettel erinnert dich daran, wenn dein Vorrat zur Neige geht. Eine einzelne Packung enth\u00e4lt 33 Bl\u00e4ttchen. Die volle Box enth\u00e4lt 50 Packungen.<\/span><\/p>\n<p><span style=\"color: #000000;\"><strong>Art:<\/strong> Reines Reispapier + 100% Nat\u00fcrliches Pflanzengummi<\/span><br \/>\n<span style=\"color: #000000;\"><strong> Papier:<\/strong> Ultra-Leichtgewicht + Extra schlank<\/span><br \/>\n<span style=\"color: #000000;\"><strong> Papier zum Rollen:<\/strong> 33 Bl\u00e4tter pro Packung<\/span><br \/>\n<span style=\"color: #000000;\"><strong> Box:<\/strong> Enth\u00e4lt 50 Packungen<\/span><br \/>\n<span style=\"color: #000000;\"><strong> Gr\u00f6\u00dfe:<\/strong> 108mm x 37mm<\/span><br \/>\n<span style=\"color: #000000;\"><strong> Weight:<\/strong> 13 g\/m2<\/span><\/p>","protected":false},"excerpt":{"rendered":"<p><span style=\"color: #000000;\">Smoking Silver Extra Slim Rolling Papers sind ultraleicht und brennen langsam. Diese Rolling Papers sind leicht zu rollen. Die Breite jedes Papiers ist nur 37mm, wenn Sie also gerne weniger Papier rauchen, dann ist Smoking Silver genau das Richtige f\u00fcr Sie. Enth\u00e4lt 50 Packungen.<\/span><\/p>","protected":false},"featured_media":13283,"template":"","meta":[],"product_brand":[],"product_cat":[297,414,446,421],"product_tag":[],"class_list":{"0":"post-8711","1":"product","2":"type-product","3":"status-publish","4":"has-post-thumbnail","6":"product_cat-all-products","7":"product_cat-headshop","8":"product_cat-papers","9":"product_cat-rolling-papers","10":"product_shipping_class-creditcard-on","12":"first","13":"instock","14":"taxable","15":"shipping-taxable","16":"purchasable","17":"product-type-simple"},"_links":{"self":[{"href":"https:\/\/www.headshop.nl\/de\/wp-json\/wp\/v2\/product\/8711","targetHints":{"allow":["GET"]}}],"collection":[{"href":"https:\/\/www.headshop.nl\/de\/wp-json\/wp\/v2\/product"}],"about":[{"href":"https:\/\/www.headshop.nl\/de\/wp-json\/wp\/v2\/types\/product"}],"wp:featuredmedia":[{"embeddable":true,"href":"https:\/\/www.headshop.nl\/de\/wp-json\/wp\/v2\/media\/13283"}],"wp:attachment":[{"href":"https:\/\/www.headshop.nl\/de\/wp-json\/wp\/v2\/media?parent=8711"}],"wp:term":[{"taxonomy":"product_brand","embeddable":true,"href":"https:\/\/www.headshop.nl\/de\/wp-json\/wp\/v2\/product_brand?post=8711"},{"taxonomy":"product_cat","embeddable":true,"href":"https:\/\/www.headshop.nl\/de\/wp-json\/wp\/v2\/product_cat?post=8711"},{"taxonomy":"product_tag","embeddable":true,"href":"https:\/\/www.headshop.nl\/de\/wp-json\/wp\/v2\/product_tag?post=8711"}],"curies":[{"name":"wp","href":"https:\/\/api.w.org\/{rel}","templated":true}]}}