{"id":8706,"date":"2018-01-09T14:48:00","date_gmt":"2018-01-09T14:48:00","guid":{"rendered":"http:\/\/headshop.nl\/?post_type=product&#038;p=8706"},"modified":"2024-09-17T10:49:39","modified_gmt":"2024-09-17T10:49:39","slug":"smoking-hemp-kingsize-box","status":"publish","type":"product","link":"https:\/\/www.headshop.nl\/de\/smoking-hemp-kingsize-box\/","title":{"rendered":"Smoking Gr\u00fcn, Hanf"},"content":{"rendered":"<h2><span style=\"color: #000000; font-size: 95%;\">Smoking Gr\u00fcnes Hanf-Rollingpapier, Kingsize-Schachtel.<\/span><\/h2>\n<p><span style=\"color: #000000;\">Jedes einzelne Blatt besteht aus reinem Hanfpapier mit Wasserzeichen f\u00fcr Sicherheit und nat\u00fcrlichem Gummi, das jedes Mal klebt. Ein mit den Bl\u00e4ttern gefalteter Zettel erinnert dich daran, wenn dein Vorrat zur Neige geht. Eine einzelne Packung enth\u00e4lt 33 Bl\u00e4ttchen. Die volle Box enth\u00e4lt 50 Packungen.<\/span><\/p>\n<p><span style=\"color: #000000;\"><strong> Art:<\/strong> Reiner Hanf Langsam brennendes Papier<\/span><br \/>\n<span style=\"color: #000000;\"><strong> Rolling Papers:<\/strong> 33 Bl\u00e4tter pro Packung<\/span><br \/>\n<span style=\"color: #000000;\"><strong> Box:<\/strong> Enth\u00e4lt 50 Packungen<\/span><br \/>\n<span style=\"color: #000000;\"><strong> Gr\u00f6\u00dfe:<\/strong> 108mm x 52mm<\/span><br \/>\n<span style=\"color: #000000;\"><strong> Weight:<\/strong> 15 g\/m2<\/span><\/p>","protected":false},"excerpt":{"rendered":"<p><span style=\"color: #000000;\">Smoking Green Hemp Smoking Papers sind aus 100% reinem Hanf hergestellt und brennen sehr langsam und verwendet nur nat\u00fcrliches Gummi. V\u00f6llig frei von Chemikalien Smoking Hanf ist eine beliebte Wahl, da etwas breiter sind leichter zu rollen. Enth\u00e4lt 50 Packungen.<\/span><\/p>","protected":false},"featured_media":13229,"template":"","meta":[],"product_brand":[],"product_cat":[297,414,446,421],"product_tag":[],"class_list":{"0":"post-8706","1":"product","2":"type-product","3":"status-publish","4":"has-post-thumbnail","6":"product_cat-all-products","7":"product_cat-headshop","8":"product_cat-papers","9":"product_cat-rolling-papers","10":"product_shipping_class-creditcard-on","12":"first","13":"instock","14":"taxable","15":"shipping-taxable","16":"purchasable","17":"product-type-simple"},"_links":{"self":[{"href":"https:\/\/www.headshop.nl\/de\/wp-json\/wp\/v2\/product\/8706","targetHints":{"allow":["GET"]}}],"collection":[{"href":"https:\/\/www.headshop.nl\/de\/wp-json\/wp\/v2\/product"}],"about":[{"href":"https:\/\/www.headshop.nl\/de\/wp-json\/wp\/v2\/types\/product"}],"wp:featuredmedia":[{"embeddable":true,"href":"https:\/\/www.headshop.nl\/de\/wp-json\/wp\/v2\/media\/13229"}],"wp:attachment":[{"href":"https:\/\/www.headshop.nl\/de\/wp-json\/wp\/v2\/media?parent=8706"}],"wp:term":[{"taxonomy":"product_brand","embeddable":true,"href":"https:\/\/www.headshop.nl\/de\/wp-json\/wp\/v2\/product_brand?post=8706"},{"taxonomy":"product_cat","embeddable":true,"href":"https:\/\/www.headshop.nl\/de\/wp-json\/wp\/v2\/product_cat?post=8706"},{"taxonomy":"product_tag","embeddable":true,"href":"https:\/\/www.headshop.nl\/de\/wp-json\/wp\/v2\/product_tag?post=8706"}],"curies":[{"name":"wp","href":"https:\/\/api.w.org\/{rel}","templated":true}]}}