{"id":8697,"date":"2018-01-09T11:53:35","date_gmt":"2018-01-09T11:53:35","guid":{"rendered":"http:\/\/headshop.nl\/?post_type=product&#038;p=8697"},"modified":"2024-09-17T10:49:40","modified_gmt":"2024-09-17T10:49:40","slug":"smoking-gold","status":"publish","type":"product","link":"https:\/\/www.headshop.nl\/de\/smoking-gold\/","title":{"rendered":"Smoking Gold, ultrad\u00fcnn"},"content":{"rendered":"<h2><span style=\"color: #000000; font-size: 95%;\">Smoking Gold Rolling Paper, Schachtel.<\/span><strong><br \/>\n<\/strong><\/h2>\n<p><span style=\"color: #000000;\">Jedes einzelne Papier besteht aus Reispapier mit Wasserzeichen und verwendet Naturkautschuk. Ein in den Bl\u00e4ttern gefalteter Zettel erinnert Sie daran, wenn der Vorrat zur Neige geht. Eine Packung enth\u00e4lt 33 Papiere. Eine Schachtel enth\u00e4lt 50 Packungen.<\/span><\/p>\n<p><span style=\"color: #000000;\"><strong>Art:<\/strong> Reines Reispapier, schlankes Ultraleichtgewicht plus Naturkautschuk<\/span><br \/>\n<span style=\"color: #000000;\"><strong> Rolling Papers:<\/strong> 33 Papiere pro Packung<\/span><br \/>\n<span style=\"color: #000000;\"><strong> Box:<\/strong> Enth\u00e4lt 50 Packungen<\/span><br \/>\n<span style=\"color: #000000;\"><strong> Offiziell:<\/strong> FSC\u00ae-zertifiziert<\/span><br \/>\n<span style=\"color: #000000;\"><strong> Gr\u00f6\u00dfe:<\/strong> 108x44mm<\/span><br \/>\n<span style=\"color: #000000;\"><strong> Weight:<\/strong> 13 g\/m2<\/span><\/p>","protected":false},"excerpt":{"rendered":"<p><span style=\"color: #000000;\">Gold Smoking Kingsize Rolling Papers sind ultraleicht und werden aus reinem Reispapier hergestellt. Durch die Verwendung von Naturgummi bleibt jedes Blatt immer haften. Eine Packung enth\u00e4lt 33 Bl\u00e4tter. Eine Kingsize-Schachtel enth\u00e4lt 50 Packungen.<br \/>\n<\/span><\/p>","protected":false},"featured_media":13227,"template":"","meta":[],"product_brand":[],"product_cat":[297,414,446,421],"product_tag":[],"class_list":{"0":"post-8697","1":"product","2":"type-product","3":"status-publish","4":"has-post-thumbnail","6":"product_cat-all-products","7":"product_cat-headshop","8":"product_cat-papers","9":"product_cat-rolling-papers","10":"product_shipping_class-creditcard-on","12":"first","13":"instock","14":"taxable","15":"shipping-taxable","16":"purchasable","17":"product-type-simple"},"_links":{"self":[{"href":"https:\/\/www.headshop.nl\/de\/wp-json\/wp\/v2\/product\/8697","targetHints":{"allow":["GET"]}}],"collection":[{"href":"https:\/\/www.headshop.nl\/de\/wp-json\/wp\/v2\/product"}],"about":[{"href":"https:\/\/www.headshop.nl\/de\/wp-json\/wp\/v2\/types\/product"}],"wp:featuredmedia":[{"embeddable":true,"href":"https:\/\/www.headshop.nl\/de\/wp-json\/wp\/v2\/media\/13227"}],"wp:attachment":[{"href":"https:\/\/www.headshop.nl\/de\/wp-json\/wp\/v2\/media?parent=8697"}],"wp:term":[{"taxonomy":"product_brand","embeddable":true,"href":"https:\/\/www.headshop.nl\/de\/wp-json\/wp\/v2\/product_brand?post=8697"},{"taxonomy":"product_cat","embeddable":true,"href":"https:\/\/www.headshop.nl\/de\/wp-json\/wp\/v2\/product_cat?post=8697"},{"taxonomy":"product_tag","embeddable":true,"href":"https:\/\/www.headshop.nl\/de\/wp-json\/wp\/v2\/product_tag?post=8697"}],"curies":[{"name":"wp","href":"https:\/\/api.w.org\/{rel}","templated":true}]}}