{"id":8690,"date":"2018-01-08T19:28:37","date_gmt":"2018-01-08T19:28:37","guid":{"rendered":"http:\/\/headshop.nl\/?post_type=product&#038;p=8690"},"modified":"2024-09-17T10:49:41","modified_gmt":"2024-09-17T10:49:41","slug":"smoking-brown","status":"publish","type":"product","link":"https:\/\/www.headshop.nl\/de\/smoking-brown\/","title":{"rendered":"Smoking Braun, hauchd\u00fcnn"},"content":{"rendered":"<h2><span style=\"color: #000000; font-size: 95%;\">Smoking Braunes Rolling Paper, Kingsize-Schachtel.<\/span><strong><br \/>\n<\/strong><\/h2>\n<p><span style=\"color: #000000;\">Mit diesem Rolling Paper reagiert das Unternehmen auf die neuesten Rauchtrends. Das Rolling Paper ist ungebleicht, hauchd\u00fcnn und brennt langsam ab. Das macht das Rauchen viel angenehmer. Eine Schachtel enth\u00e4lt 50 Packungen Rolling Paper und jede Packung enth\u00e4lt 33 Rolling Papers. Die volle Schachtel enth\u00e4lt 50 Packungen. Mit diesem Produkt werden Sie also eine ganze Weile auskommen!<\/span><\/p>\n<p><span style=\"color: #000000;\"><strong> Art:<\/strong> Chlorfreies Papier und Naturkautschuk<\/span><br \/>\n<span style=\"color: #000000;\"><strong> Weight:<\/strong> 13 g\/m2<\/span><br \/>\n<span style=\"color: #000000;\"><strong> Offiziell:<\/strong> FSC\u00ae-zertifiziert<\/span><br \/>\n<span style=\"color: #000000;\"><strong> Rolling Paper:<\/strong> 33 Bl\u00e4tter pro Packung<\/span><br \/>\n<span style=\"color: #000000;\"><strong> Packungen:<\/strong> Box enth\u00e4lt 50 Packungen<\/span><\/p>","protected":false},"excerpt":{"rendered":"<p><span style=\"color: #000000;\">Das braune ungebleichte Kingsize Slim Rolling Papers ist eine relativ neue Erg\u00e4nzung der Smoking-Produktfamilie. Das Papier selbst ist ungebleicht, chlorfrei und geschmacksneutral, also perfekt, um das volle Aroma zu genie\u00dfen! Eine Kingsize-Schachtel enth\u00e4lt 50 Packungen.<br \/>\n<\/span><\/p>","protected":false},"featured_media":13218,"template":"","meta":[],"product_brand":[],"product_cat":[297,414,446,421],"product_tag":[],"class_list":{"0":"post-8690","1":"product","2":"type-product","3":"status-publish","4":"has-post-thumbnail","6":"product_cat-all-products","7":"product_cat-headshop","8":"product_cat-papers","9":"product_cat-rolling-papers","10":"product_shipping_class-creditcard-on","12":"first","13":"instock","14":"taxable","15":"shipping-taxable","16":"purchasable","17":"product-type-simple"},"_links":{"self":[{"href":"https:\/\/www.headshop.nl\/de\/wp-json\/wp\/v2\/product\/8690","targetHints":{"allow":["GET"]}}],"collection":[{"href":"https:\/\/www.headshop.nl\/de\/wp-json\/wp\/v2\/product"}],"about":[{"href":"https:\/\/www.headshop.nl\/de\/wp-json\/wp\/v2\/types\/product"}],"wp:featuredmedia":[{"embeddable":true,"href":"https:\/\/www.headshop.nl\/de\/wp-json\/wp\/v2\/media\/13218"}],"wp:attachment":[{"href":"https:\/\/www.headshop.nl\/de\/wp-json\/wp\/v2\/media?parent=8690"}],"wp:term":[{"taxonomy":"product_brand","embeddable":true,"href":"https:\/\/www.headshop.nl\/de\/wp-json\/wp\/v2\/product_brand?post=8690"},{"taxonomy":"product_cat","embeddable":true,"href":"https:\/\/www.headshop.nl\/de\/wp-json\/wp\/v2\/product_cat?post=8690"},{"taxonomy":"product_tag","embeddable":true,"href":"https:\/\/www.headshop.nl\/de\/wp-json\/wp\/v2\/product_tag?post=8690"}],"curies":[{"name":"wp","href":"https:\/\/api.w.org\/{rel}","templated":true}]}}