{"id":8685,"date":"2018-01-08T18:45:00","date_gmt":"2018-01-08T18:45:00","guid":{"rendered":"http:\/\/headshop.nl\/?post_type=product&#038;p=8685"},"modified":"2024-09-17T10:49:43","modified_gmt":"2024-09-17T10:49:43","slug":"smoking-black","status":"publish","type":"product","link":"https:\/\/www.headshop.nl\/de\/smoking-black\/","title":{"rendered":"Smoking Schwarz, Ultra-Thin"},"content":{"rendered":"<h2><span style=\"color: #000000; font-size: 95%;\">Smoking Schwarz <\/span><span style=\"color: #000000; font-size: 95%;\">Rolling Paper, Kingsize-Box.<\/span><strong><br \/>\n<\/strong><\/h2>\n<p><span style=\"color: #000000;\">Smoking Papers, auch bekannt als Smoking Rolling Papers, ist wahrscheinlich die bekannteste Marke f\u00fcr langes Rolling Paper in der Welt. Aufgrund seiner engen Abmessungen ist Smoking Black besonders f\u00fcr den fortgeschrittenen Dreher geeignet. Mit diesem langen Flow ist es nicht notwendig, die Joints nach au\u00dfen zu drehen.<\/span><\/p>\n<p><span style=\"color: #000000;\"><strong>Art:<\/strong> Schlankes Format.<\/span><br \/>\n<span style=\"color: #000000;\"><strong>Pakete:<\/strong> 50 Pakete.<\/span><br \/>\n<span style=\"color: #000000;\"><strong> Rolling Papers:<\/strong> 33 Papiere pro Packung.<\/span><br \/>\n<strong><span style=\"color: #000000;\"> Abmessungen:<\/span><\/strong><span style=\"color: #000000;\"> 110 x 44<\/span><br \/>\n<span style=\"color: #000000;\"><strong>Weight:<\/strong> 13 gr \/ m2<\/span><br \/>\n<span style=\"color: #000000;\"><strong>Offiziell:<\/strong> FSC\u00ae-zertifiziert.<\/span><\/p>","protected":false},"excerpt":{"rendered":"<p><span style=\"color: #000000;\">Smoking Black wird von den erfahreneren Rauchern geliebt. Das Material ist leicht und d\u00fcnn! Mit dieser extrem dichten langen Str\u00f6mung des ber\u00fchmten Smoking Papers ziehen Sie die engsten Joints \u00fcberhaupt. Enth\u00e4lt 50 Packungen.<br \/>\n<\/span><\/p>","protected":false},"featured_media":13222,"template":"","meta":[],"product_brand":[],"product_cat":[297,414,446,421],"product_tag":[],"class_list":{"0":"post-8685","1":"product","2":"type-product","3":"status-publish","4":"has-post-thumbnail","6":"product_cat-all-products","7":"product_cat-headshop","8":"product_cat-papers","9":"product_cat-rolling-papers","10":"product_shipping_class-creditcard-on","12":"first","13":"instock","14":"taxable","15":"shipping-taxable","16":"purchasable","17":"product-type-simple"},"_links":{"self":[{"href":"https:\/\/www.headshop.nl\/de\/wp-json\/wp\/v2\/product\/8685","targetHints":{"allow":["GET"]}}],"collection":[{"href":"https:\/\/www.headshop.nl\/de\/wp-json\/wp\/v2\/product"}],"about":[{"href":"https:\/\/www.headshop.nl\/de\/wp-json\/wp\/v2\/types\/product"}],"wp:featuredmedia":[{"embeddable":true,"href":"https:\/\/www.headshop.nl\/de\/wp-json\/wp\/v2\/media\/13222"}],"wp:attachment":[{"href":"https:\/\/www.headshop.nl\/de\/wp-json\/wp\/v2\/media?parent=8685"}],"wp:term":[{"taxonomy":"product_brand","embeddable":true,"href":"https:\/\/www.headshop.nl\/de\/wp-json\/wp\/v2\/product_brand?post=8685"},{"taxonomy":"product_cat","embeddable":true,"href":"https:\/\/www.headshop.nl\/de\/wp-json\/wp\/v2\/product_cat?post=8685"},{"taxonomy":"product_tag","embeddable":true,"href":"https:\/\/www.headshop.nl\/de\/wp-json\/wp\/v2\/product_tag?post=8685"}],"curies":[{"name":"wp","href":"https:\/\/api.w.org\/{rel}","templated":true}]}}