{"id":8656,"date":"2018-01-08T14:12:55","date_gmt":"2018-01-08T14:12:55","guid":{"rendered":"http:\/\/headshop.nl\/?post_type=product&#038;p=8656"},"modified":"2024-09-17T10:49:45","modified_gmt":"2024-09-17T10:49:45","slug":"solinder-grinder-big","status":"publish","type":"product","link":"https:\/\/www.headshop.nl\/de\/solinder-grinder-big\/","title":{"rendered":"Solinder Grinder, Rot"},"content":{"rendered":"<h2>Solinder Grinder, Rot<\/h2>\n<p><span style=\"color: #000000;\">Der Solinder war in den letzten Jahren nicht mehr wegzudenken: Eine Schleifmaschine mit perfektem Finish, die ein Schleifen von unvergleichlicher Qualit\u00e4t bietet. Sein Design ist etwas schlichter als das des Thorinder, erf\u00fcllt aber die gleiche Aufgabe. Die Z\u00e4hne haben die Form einer Haifischflosse, genau wie bei seinem Vorg\u00e4nger.<\/span><\/p>\n<p><span style=\"color: #000000;\">Es besteht aus 4 Teilen und wird in einer Schachtel mit einem Spatel f\u00fcr die R\u00fcckgewinnung der Partikel geliefert.<\/span><\/p>\n<p><span style=\"color: #000000;\">\u00a0<\/span><\/p>","protected":false},"excerpt":{"rendered":"<p><span style=\"color: #000000;\">Dieser Solinder Red Grinder kann Sie mit seiner tadellosen Verarbeitung und seinem unverwechselbaren Logo an etwas erinnern. Hier ist das neue Modell der Marke. Der Solinder ist aus eloxiertem Aluminium gefertigt, das Sie sprachlos machen wird!<\/span><\/p>","protected":false},"featured_media":12393,"template":"","meta":[],"product_brand":[],"product_cat":[440,297,420,414,437],"product_tag":[],"class_list":{"0":"post-8656","1":"product","2":"type-product","3":"status-publish","4":"has-post-thumbnail","6":"product_cat-4-part-grinders","7":"product_cat-all-products","8":"product_cat-grinders","9":"product_cat-headshop","10":"product_cat-metal","11":"product_shipping_class-creditcard-on","13":"first","14":"instock","15":"taxable","16":"shipping-taxable","17":"purchasable","18":"product-type-simple"},"_links":{"self":[{"href":"https:\/\/www.headshop.nl\/de\/wp-json\/wp\/v2\/product\/8656","targetHints":{"allow":["GET"]}}],"collection":[{"href":"https:\/\/www.headshop.nl\/de\/wp-json\/wp\/v2\/product"}],"about":[{"href":"https:\/\/www.headshop.nl\/de\/wp-json\/wp\/v2\/types\/product"}],"wp:featuredmedia":[{"embeddable":true,"href":"https:\/\/www.headshop.nl\/de\/wp-json\/wp\/v2\/media\/12393"}],"wp:attachment":[{"href":"https:\/\/www.headshop.nl\/de\/wp-json\/wp\/v2\/media?parent=8656"}],"wp:term":[{"taxonomy":"product_brand","embeddable":true,"href":"https:\/\/www.headshop.nl\/de\/wp-json\/wp\/v2\/product_brand?post=8656"},{"taxonomy":"product_cat","embeddable":true,"href":"https:\/\/www.headshop.nl\/de\/wp-json\/wp\/v2\/product_cat?post=8656"},{"taxonomy":"product_tag","embeddable":true,"href":"https:\/\/www.headshop.nl\/de\/wp-json\/wp\/v2\/product_tag?post=8656"}],"curies":[{"name":"wp","href":"https:\/\/api.w.org\/{rel}","templated":true}]}}