{"id":8564,"date":"2018-01-05T14:47:41","date_gmt":"2018-01-05T14:47:41","guid":{"rendered":"http:\/\/headshop.nl\/?post_type=product&#038;p=8564"},"modified":"2025-01-29T13:04:59","modified_gmt":"2025-01-29T13:04:59","slug":"100-guarana-powder","status":"publish","type":"product","link":"https:\/\/www.headshop.nl\/de\/100-guarana-powder\/","title":{"rendered":"Guarana Pulver"},"content":{"rendered":"<h2>Was ist Guarana?<\/h2>\n<p>Guarana (Paullinia Cupana) ist eine tropische Kletterpflanze, die im Amazonasgebiet, insbesondere in Brasilien, heimisch ist. Indigene St\u00e4mme nutzen ihre kleinen, rotbraunen Beeren und Samen seit Jahrhunderten nicht nur als Nahrungsquelle, sondern auch wegen ihrer energiespendenden Eigenschaften. Als kulturelles Symbol hat Guarana eine wichtige Rolle in ihrer Lebensweise gespielt und wurde oft zur Steigerung der Energie und Wachsamkeit bei der Jagd und im Krieg verwendet.<\/p>\n<p>Das bemerkenswerteste Merkmal von Guarana ist sein au\u00dfergew\u00f6hnlich hoher Koffeingehalt, der 4 bis 6 Mal h\u00f6her ist als bei Kaffee. Im Gegensatz zu Kaffee, der einen schnellen Energieschub liefert, setzt Guarana das Koffein allm\u00e4hlich frei und sorgt so f\u00fcr einen gleichm\u00e4\u00dfigen Energieschub ohne Absturz. Dies macht es zu einem ausgezeichneten nat\u00fcrlichen Nahrungserg\u00e4nzungsmittel f\u00fcr diejenigen, die eine anhaltende Vitalit\u00e4t suchen, die sowohl die geistige als auch die k\u00f6rperliche Leistungsf\u00e4higkeit unterst\u00fctzt.<\/p>\n<h2>Geschichte von Guarana<\/h2>\n<p>Guarana hat tiefe historische Wurzeln im Amazonasgebiet, wo indigene St\u00e4mme seit Jahrhunderten auf diese Pflanze angewiesen sind. Die f\u00fcr ihre anregenden Eigenschaften bekannte Pflanze wurde traditionell bei Jagdexpeditionen und vor Schlachten verwendet, um Ausdauer und Konzentration zu steigern. Die St\u00e4mme mahlten die Beeren zu einem feinen Pulver oder mischten sie mit Wasser, um energiereiche Getr\u00e4nke herzustellen.<\/p>\n<p>Neben seiner traditionellen Verwendung hat Guarana auch eine kulturelle Bedeutung als wesentlicher Bestandteil von \u00dcberlebens- und Stammesritualen. Im Laufe der Zeit wurden seine Vorteile allgemein anerkannt, was zu seiner modernen Verwendung in Energydrinks, Nahrungserg\u00e4nzungsmitteln und Produkten zur Gewichtsabnahme f\u00fchrte. Indian Elements Guarana setzt diese Tradition fort und bietet eine nat\u00fcrliche und wirksame L\u00f6sung zur Steigerung der Energie.<\/p>\n<h2>So verwenden Sie Guarana<\/h2>\n<p>Die empfohlene Dosierung von Indian Elements Guarana ist <strong>1 Gramm pro Tag<\/strong>Dadurch ist es eine einfache und bequeme Erg\u00e4nzung zu Ihrer Routine. Mischen Sie das Pulver einfach in ein Getr\u00e4nk, einen Smoothie oder einen Shake. Das langsam freisetzende Koffein sorgt f\u00fcr anhaltende Energie, verbesserte Konzentration und mehr geistige Klarheit w\u00e4hrend des ganzen Tages.<\/p>\n<p>Die besten Ergebnisse erzielen Sie, wenn Sie Guarana in der <strong>morgens oder am fr\u00fchen Nachmittag<\/strong> um eine Beeintr\u00e4chtigung des Schlafs zu vermeiden. Es ist besonders vorteilhaft f\u00fcr die Aufrechterhaltung der Konzentration bei langen Arbeits- oder Studiensitzungen. Sportler k\u00f6nnen Guarana auch verwenden, um die Ausdauer zu verbessern und die M\u00fcdigkeit bei intensiven k\u00f6rperlichen Aktivit\u00e4ten zu verringern.<\/p>\n<h2>Inhaltsstoffe von Guarana<\/h2>\n<p>Indian Elements Guarana enth\u00e4lt <strong>nur eine Zutat<\/strong>-der gemahlene Samen des <strong>Paullinia Cupana<\/strong> Pflanze. Dieses reine, nat\u00fcrliche Pulver beh\u00e4lt alle gesundheitlichen Vorteile von Guarana, einschlie\u00dflich seines hohen Koffeingehalts und der Antioxidantien, die das allgemeine Wohlbefinden unterst\u00fctzen.<\/p>\n<p>Guarana hat auch leicht appetitz\u00fcgelnde Eigenschaften, was es zu einer beliebten Wahl f\u00fcr das Gewichtsmanagement macht. Seine Antioxidantien helfen bei der Bek\u00e4mpfung von oxidativem Stress und tragen zu einer langfristigen Vitalit\u00e4t bei. Mit seiner Kombination aus Koffein und nat\u00fcrlichen Stoffen ist Guarana eine leistungsstarke Erg\u00e4nzung f\u00fcr Energie, Konzentration und Ausdauer.<\/p>\n<h3>Warnung<\/h3>\n<ul>\n<li>Zur Verwendung durch Einzelpersonen <strong>18 Jahre und \u00e4lter<\/strong> nur.<\/li>\n<li>Au\u00dferhalb der Reichweite von Kindern aufbewahren.<\/li>\n<li>Nicht empfohlen f\u00fcr Personen mit Herzproblemen.<\/li>\n<li>Dieses Produkt ist ein Nahrungserg\u00e4nzungsmittel und sollte als solches verwendet werden.<\/li>\n<li>Kaufen Sie nicht, wenn das Siegel gebrochen ist.<\/li>\n<\/ul>","protected":false},"excerpt":{"rendered":"<p><span style=\"color: #000000;\">Guarana-Pulver enth\u00e4lt Koffein, die Vitamine B und C, Gerbstoffe, Cholin, Guaranin, Theobromin und Theophyllin. Guarana ist 5-mal st\u00e4rker und h\u00e4lt l\u00e4nger an als das Koffein von Bohnenkaffee und liefert anhaltende Energie.<\/span><\/p>","protected":false},"featured_media":82160,"template":"","meta":[],"product_brand":[],"product_cat":[297,455,389,457,814,407,384,456],"product_tag":[],"class_list":{"0":"post-8564","1":"product","2":"type-product","3":"status-publish","4":"has-post-thumbnail","6":"product_cat-all-products","7":"product_cat-healthshop","8":"product_cat-herbs","9":"product_cat-herbs-healthshop","10":"product_cat-indian-elements","11":"product_cat-medicinal-herbs","12":"product_cat-smartshop","13":"product_cat-supplements","15":"first","16":"instock","17":"taxable","18":"shipping-taxable","19":"purchasable","20":"product-type-variable","21":"has-default-attributes"},"_links":{"self":[{"href":"https:\/\/www.headshop.nl\/de\/wp-json\/wp\/v2\/product\/8564","targetHints":{"allow":["GET"]}}],"collection":[{"href":"https:\/\/www.headshop.nl\/de\/wp-json\/wp\/v2\/product"}],"about":[{"href":"https:\/\/www.headshop.nl\/de\/wp-json\/wp\/v2\/types\/product"}],"wp:featuredmedia":[{"embeddable":true,"href":"https:\/\/www.headshop.nl\/de\/wp-json\/wp\/v2\/media\/82160"}],"wp:attachment":[{"href":"https:\/\/www.headshop.nl\/de\/wp-json\/wp\/v2\/media?parent=8564"}],"wp:term":[{"taxonomy":"product_brand","embeddable":true,"href":"https:\/\/www.headshop.nl\/de\/wp-json\/wp\/v2\/product_brand?post=8564"},{"taxonomy":"product_cat","embeddable":true,"href":"https:\/\/www.headshop.nl\/de\/wp-json\/wp\/v2\/product_cat?post=8564"},{"taxonomy":"product_tag","embeddable":true,"href":"https:\/\/www.headshop.nl\/de\/wp-json\/wp\/v2\/product_tag?post=8564"}],"curies":[{"name":"wp","href":"https:\/\/api.w.org\/{rel}","templated":true}]}}