{"id":85443,"date":"2025-07-21T10:00:55","date_gmt":"2025-07-21T10:00:55","guid":{"rendered":"https:\/\/www.headshop.nl\/?post_type=product&#038;p=85443"},"modified":"2025-07-23T12:23:49","modified_gmt":"2025-07-23T12:23:49","slug":"kanna-blitz-speed","status":"publish","type":"product","link":"https:\/\/www.headshop.nl\/de\/kanna-blitz-speed\/","title":{"rendered":"Kanna Blitz Speed"},"content":{"rendered":"<h2 dir=\"ltr\" data-pm-slice=\"1 1 []\">Was ist Kanna Blitz Speed?<\/h2>\n<p dir=\"ltr\">Kanna Blitz Speed ist ein belebendes Nahrungserg\u00e4nzungsmittel, das die nat\u00fcrlichen Eigenschaften von Sceletium tortuosum, einer s\u00fcdafrikanischen Sukkulente, in Kombination mit Taurin, Theobromin und Koffein nutzt, um einen dynamischen Energieschub zu liefern. Der Kanna-Extrakt, der reich an Mesembrin ist, hebt die Stimmung und sch\u00e4rft die geistige Klarheit, w\u00e4hrend das Koffein die Wachsamkeit steigert. Taurin unterst\u00fctzt das Durchhalteverm\u00f6gen, und Theobromin sorgt f\u00fcr anhaltende Konzentration ohne Nervosit\u00e4t. Diese sorgf\u00e4ltig zusammengestellte Mischung ist ideal f\u00fcr alle, die energiereiche Aufgaben bew\u00e4ltigen m\u00fcssen, vom intensiven Training bis hin zu anspruchsvollen Projekten. Kanna Blitz Speed zeichnet sich durch seine ausgewogene, synergetische Formel aus, die eine sanfte, kraftvolle Wirkung ohne den Absturz typischer Energieerg\u00e4nzungen bietet. Es ist frei von k\u00fcnstlichen Zusatzstoffen und bietet eine saubere, nat\u00fcrliche L\u00f6sung, um motiviert und energiegeladen zu bleiben. Egal, ob Sie Sportler, Profi oder kreativ t\u00e4tig sind, Kanna Blitz Speed erm\u00f6glicht es Ihnen, H\u00f6chstleistungen zu erbringen, indem es Ihnen best\u00e4ndige Energie und Konzentration liefert, um arbeitsreiche Tage oder k\u00f6rperliche Herausforderungen mit Selbstvertrauen und Vitalit\u00e4t zu meistern.<\/p>\n<h2 dir=\"ltr\">Geschichte des Kanna Blitz Speed<\/h2>\n<p dir=\"ltr\">Das Erbe von Kanna Blitz Speed hat seine Wurzeln in der uralten Verwendung von Kana durch die s\u00fcdafrikanischen Khoikhoi- und San-St\u00e4mme, die Sceletium tortuosum f\u00fcr seine F\u00e4higkeit sch\u00e4tzten, Stimmung und Energie zu steigern. Traditionell wurde Kanna konsumiert, um die Ausdauer bei der Jagd oder bei Zeremonien zu steigern. Seine Alkaloide, wie Mesembrin, waren der Schl\u00fcssel zu seiner aufbauenden Wirkung. Moderne Fortschritte haben Kanna zu potenten Extrakten verfeinert, und Kanna Blitz Speed baut darauf auf, indem es mit Taurin, Theobromin und Koffein gemischt wird. Das im K\u00f6rper nat\u00fcrlich vorkommende Taurin unterst\u00fctzt die k\u00f6rperliche Leistungsf\u00e4higkeit, w\u00e4hrend das aus dem Kakao stammende Theobromin die st\u00e4ndige Wachsamkeit f\u00f6rdert. Koffein verst\u00e4rkt den nat\u00fcrlichen Schub von Kanna und schafft so eine Formel, die f\u00fcr die heutige schnelllebige Welt geeignet ist. Diese Verschmelzung von traditionellem Wissen und moderner Wissenschaft hat Kanna Blitz Speed zu einem Favoriten unter denjenigen gemacht, die nat\u00fcrliche Energiel\u00f6sungen suchen. Seine Entwicklung spiegelt das Engagement f\u00fcr saubere Nahrungserg\u00e4nzungsmittel auf pflanzlicher Basis wider und bietet eine zuverl\u00e4ssige Alternative zu synthetischen Stimulanzien f\u00fcr Sportler, Berufst\u00e4tige und Kreative, die in anspruchsvollen Situationen H\u00f6chstleistungen erbringen wollen.<\/p>\n<h2 dir=\"ltr\">Inhaltsstoffe von Kanna Blitz Speed<\/h2>\n<p dir=\"ltr\">Kanna Blitz Speed ist mit einer wirksamen Mischung aus Sceletium tortuosum-Extrakt, Taurin, Theobromin und Koffein formuliert. Der Kanna-Extrakt, der einen hohen Anteil an Mesembrin enth\u00e4lt, unterst\u00fctzt die Stimmung und die geistige Klarheit und bildet die Grundlage der Formel. Taurin, eine Aminos\u00e4ure, steigert die k\u00f6rperliche Ausdauer und verringert die M\u00fcdigkeit, ideal f\u00fcr aktive Anwender. Theobromin, das aus Kakao gewonnen wird, f\u00f6rdert eine gleichm\u00e4\u00dfige, anhaltende Konzentration und erg\u00e4nzt die Wirkung von Kanna. Koffein erh\u00f6ht die Wachsamkeit und verst\u00e4rkt den allgemeinen Energieschub. Diese synergistische Mischung ist frei von k\u00fcnstlichen Zus\u00e4tzen und garantiert ein reines, nat\u00fcrliches Produkt. Jeder Inhaltsstoff wurde sorgf\u00e4ltig ausgew\u00e4hlt und standardisiert, um eine gleichbleibende Potenz zu gew\u00e4hrleisten und eine ausgewogene und dennoch starke Wirkung zu erzielen. Das optimierte Alkaloid-Verh\u00e4ltnis maximiert die Wirksamkeit und macht Kanna Blitz Speed zu einer hervorragenden Wahl f\u00fcr alle, die eine nat\u00fcrliche Unterst\u00fctzung f\u00fcr geistige und k\u00f6rperliche Anforderungen ben\u00f6tigen. Ob beim Sport, bei der Arbeit oder bei kreativen T\u00e4tigkeiten, diese Formel liefert zuverl\u00e4ssige Energie und Konzentration, zugeschnitten auf einen leistungsstarken Lebensstil, ohne Kompromisse bei der Qualit\u00e4t oder den nat\u00fcrlichen Vorteilen einzugehen.<\/p>\n<p dir=\"ltr\"><strong>Warnung<\/strong><br \/>\nKanna Blitz Speed ist nur f\u00fcr Erwachsene bestimmt und nicht f\u00fcr schwangere oder stillende Personen geeignet. Konsultieren Sie vor der Einnahme einen Arzt, wenn Sie gesundheitliche Probleme haben, insbesondere Herzprobleme, oder wenn Sie Medikamente wie Stimulanzien oder Antidepressiva einnehmen, da es zu Wechselwirkungen kommen kann. Vermeiden Sie es, die empfohlene Dosis zu \u00fcberschreiten, um Nebenwirkungen wie Nervosit\u00e4t oder Schlaflosigkeit zu vermeiden. Nicht mit Alkohol oder anderen Stimulanzien kombinieren. Au\u00dferhalb der Reichweite von Kindern aufbewahren und sicher lagern.<\/p>","protected":false},"excerpt":{"rendered":"<p dir=\"ltr\" data-pm-slice=\"1 1 []\">Kanna Blitz Speed ist eine leistungsstarke Mischung aus Kanna, Taurin, Theobromin und Koffein, die f\u00fcr einen kr\u00e4ftigen Energieschub sorgt. Perfekt f\u00fcr Workouts, lange Arbeitstage oder kreative Aufgaben, verbessert diese synergetische Formel die Aufmerksamkeit, Ausdauer und Konzentration und bietet einen nat\u00fcrlichen Schub f\u00fcr einen aktiven Lebensstil.<\/p>","protected":false},"featured_media":85445,"template":"","meta":[],"product_brand":[],"product_cat":[385,297,384],"product_tag":[],"class_list":{"0":"post-85443","1":"product","2":"type-product","3":"status-publish","4":"has-post-thumbnail","6":"product_cat-kanna","7":"product_cat-all-products","8":"product_cat-smartshop","10":"first","11":"instock","12":"taxable","13":"shipping-taxable","14":"purchasable","15":"product-type-variable","16":"has-default-attributes"},"_links":{"self":[{"href":"https:\/\/www.headshop.nl\/de\/wp-json\/wp\/v2\/product\/85443","targetHints":{"allow":["GET"]}}],"collection":[{"href":"https:\/\/www.headshop.nl\/de\/wp-json\/wp\/v2\/product"}],"about":[{"href":"https:\/\/www.headshop.nl\/de\/wp-json\/wp\/v2\/types\/product"}],"wp:featuredmedia":[{"embeddable":true,"href":"https:\/\/www.headshop.nl\/de\/wp-json\/wp\/v2\/media\/85445"}],"wp:attachment":[{"href":"https:\/\/www.headshop.nl\/de\/wp-json\/wp\/v2\/media?parent=85443"}],"wp:term":[{"taxonomy":"product_brand","embeddable":true,"href":"https:\/\/www.headshop.nl\/de\/wp-json\/wp\/v2\/product_brand?post=85443"},{"taxonomy":"product_cat","embeddable":true,"href":"https:\/\/www.headshop.nl\/de\/wp-json\/wp\/v2\/product_cat?post=85443"},{"taxonomy":"product_tag","embeddable":true,"href":"https:\/\/www.headshop.nl\/de\/wp-json\/wp\/v2\/product_tag?post=85443"}],"curies":[{"name":"wp","href":"https:\/\/api.w.org\/{rel}","templated":true}]}}