{"id":84409,"date":"2025-05-09T09:03:13","date_gmt":"2025-05-09T09:03:13","guid":{"rendered":"https:\/\/www.headshop.nl\/?post_type=product&#038;p=84409"},"modified":"2025-10-16T07:05:22","modified_gmt":"2025-10-16T07:05:22","slug":"san-pedro-cutting-peruvianus-25-29-cm","status":"publish","type":"product","link":"https:\/\/www.headshop.nl\/de\/san-pedro-cutting-peruvianus-25-29-cm\/","title":{"rendered":"San Pedro Cutting Peruvianus - 25 - 29 cm"},"content":{"rendered":"<h2 dir=\"ltr\" data-pm-slice=\"1 1 []\">Was sind schneidende Peruvianus-Kakteen?<\/h2>\n<p dir=\"ltr\">Der Cutting Peruvianus Kaktus, auch bekannt als <em>Echinopsis peruviana<\/em> oder Peruanische Fackel, ist ein schnell wachsender S\u00e4ulenkaktus, der im Hochland von Peru beheimatet ist. Er ist bekannt f\u00fcr seine bl\u00e4ulich-gr\u00fcne Haut und seine ausgepr\u00e4gten Rippen und wird wegen seines hohen Gehalts an Meskalin, einer nat\u00fcrlichen psychedelischen Verbindung, sehr gesch\u00e4tzt. Als Steckling kann sie vermehrt oder f\u00fcr zeremonielle Zwecke zubereitet werden. Sie ist bekannt daf\u00fcr, dass sie die innere Vision, die emotionale Heilung und eine tiefe Verbindung zur Natur und zum Universum f\u00f6rdert und eine intensive introspektive und erleuchtende Erfahrung vermittelt. Als verehrter Pflanzenlehrer f\u00fchrt der Cutting Peruvianus Kaktus den Anwender zu Klarheit, Ausgeglichenheit und erweitertem Bewusstsein bei schamanischer oder pers\u00f6nlicher Erforschung.<\/p>\n<h2 dir=\"ltr\">Geschichte des Cutting Peruvianus<\/h2>\n<p dir=\"ltr\">Der Cutting Peruvianus-Kaktus ist tief in das spirituelle und kulturelle Erbe Perus eingebettet und wird seit Jahrtausenden bei Zeremonien in den Anden verwendet. Indigene Gemeinschaften betrachten ihn als heilige Verbindung zwischen der physischen und der spirituellen Welt. Arch\u00e4ologische Funde wie Tempelschnitzereien belegen seine Rolle bei religi\u00f6sen Riten, die von Schamanen geleitet werden. Verglichen mit dem gebr\u00e4uchlicheren San Pedro bietet es einen schnelleren Wirkungseintritt und lebendigere visuelle Effekte, die dazu dienen, energetische Blockaden zu l\u00f6sen und innere Weisheit zu wecken. Auch heute noch ist sie in der Pflanzenheilkunde ein beliebtes Mittel, das alte Traditionen mit modernen spirituellen Bestrebungen verbindet und einen wirksamen, nat\u00fcrlichen Weg zu Einsicht und Transformation bietet.<\/p>\n<h2 dir=\"ltr\">Wie verwendet man Cutting Peruvianus?<\/h2>\n<p dir=\"ltr\">Der Cutting Peruvianus-Kaktus wird normalerweise als zeremonieller Tee getrunken. Bei der Zubereitung werden die Stacheln und die dunkle Au\u00dfenhaut entfernt, das innere Fruchtfleisch in Scheiben geschnitten und stundenlang gekocht, um ein dickes, bitteres Gebr\u00e4u zu erhalten. Dieser Tee wird langsam in einer ruhigen, bewussten Umgebung getrunken, idealerweise in Begleitung eines n\u00fcchternen Sitzenden oder Vermittlers. Auf n\u00fcchternen Magen tritt die Wirkung innerhalb von 1 bis 2 Stunden ein, erreicht ihren H\u00f6hepunkt nach 4 bis 6 Stunden und h\u00e4lt bis zu 12 bis 15 Stunden an. Die Nutzer erleben oft eine emotionale Befreiung, visuelle Ph\u00e4nomene und ein tiefes Gef\u00fchl von Einheit und Liebe. Ein sicheres, geerdetes Umfeld und eine Integration nach der Erfahrung, wie z.B. das F\u00fchren eines Tagebuchs, sind unerl\u00e4sslich. Ein vorheriges Fasten minimiert die \u00dcbelkeit und verst\u00e4rkt die Wirkung und verwandelt den Kaktus in ein heiliges Tor zur Selbstentdeckung, wenn er mit Ehrfurcht verwendet wird.<\/p>\n<h2 dir=\"ltr\">Zutaten von Cutting Peruvianus<\/h2>\n<p dir=\"ltr\">Der Hauptwirkstoff des Cutting Peruvianus-Kaktus ist Meskalin, ein Alkaloid, das die Serotoninrezeptoren anspricht und so die Wahrnehmung, die Emotionen und das Denken ver\u00e4ndert, um tiefe spirituelle Erkundungen zu erm\u00f6glichen. Zus\u00e4tzliche Alkaloide wie Anhalonidin und Hordenin k\u00f6nnen sein energetisches Profil verst\u00e4rken. Physisch besteht der Kaktus aus wasserreichem faserigem Gewebe, dicker Haut und sch\u00fctzenden Stacheln, wobei seine bl\u00e4uliche, gerippte Struktur hervorsticht. Seine Potenz variiert je nach Alter und Anbaubedingungen, aber er z\u00e4hlt zu den st\u00e4rksten seiner Gattung. Bei der Zubereitung bietet sie eine tiefgreifende spirituelle Reise, bei der die nat\u00fcrliche Chemie mit uralter Weisheit als heiliges Werkzeug und Verk\u00f6rperung der heilenden Intelligenz der Natur verschmilzt.<\/p>\n<p dir=\"ltr\"><strong>Warnung<\/strong><\/p>\n<p dir=\"ltr\">Konsumieren Sie den Cutting Peruvianus Kaktus nicht, wenn Sie schwanger sind, stillen, unter 18 Jahre alt sind oder wenn Sie an Herzkrankheiten, Blutdruckproblemen oder psychiatrischen St\u00f6rungen leiden. Vermeide es, ihn mit Alkohol, Medikamenten oder anderen Substanzen zu mischen. Nimm den Kaktus nur in einer sicheren, friedlichen Umgebung mit einer vertrauensw\u00fcrdigen, n\u00fcchternen Begleitperson. Fahren Sie nicht Auto und unternehmen Sie keine riskanten Aktivit\u00e4ten w\u00e4hrend der Erfahrung. Behandeln Sie den Cutting Peruvianus Kaktus mit Respekt, als heilige Medizin, nicht als Freizeitdroge.<\/p>","protected":false},"excerpt":{"rendered":"<p dir=\"ltr\" data-pm-slice=\"1 1 []\">Der Cutting Peruvianus Kaktus, eine verehrte Andenpflanze, ist f\u00fcr seine gro\u00dfe spirituelle Tiefe und seine angeborene Heilkraft bekannt. Durch die \u00d6ffnung des Herzens und die Anhebung des Bewusstseins wirkt er als starker F\u00fchrer f\u00fcr innere Transformation und energetische Verj\u00fcngung.<\/p>","protected":false},"featured_media":84412,"template":"","meta":[],"product_brand":[],"product_cat":[394,297,384],"product_tag":[],"class_list":{"0":"post-84409","1":"product","2":"type-product","3":"status-publish","4":"has-post-thumbnail","6":"product_cat-mescaline-cacti","7":"product_cat-all-products","8":"product_cat-smartshop","9":"product_shipping_class-group-7","11":"first","12":"instock","13":"taxable","14":"shipping-taxable","15":"purchasable","16":"product-type-variable","17":"has-default-attributes"},"_links":{"self":[{"href":"https:\/\/www.headshop.nl\/de\/wp-json\/wp\/v2\/product\/84409","targetHints":{"allow":["GET"]}}],"collection":[{"href":"https:\/\/www.headshop.nl\/de\/wp-json\/wp\/v2\/product"}],"about":[{"href":"https:\/\/www.headshop.nl\/de\/wp-json\/wp\/v2\/types\/product"}],"wp:featuredmedia":[{"embeddable":true,"href":"https:\/\/www.headshop.nl\/de\/wp-json\/wp\/v2\/media\/84412"}],"wp:attachment":[{"href":"https:\/\/www.headshop.nl\/de\/wp-json\/wp\/v2\/media?parent=84409"}],"wp:term":[{"taxonomy":"product_brand","embeddable":true,"href":"https:\/\/www.headshop.nl\/de\/wp-json\/wp\/v2\/product_brand?post=84409"},{"taxonomy":"product_cat","embeddable":true,"href":"https:\/\/www.headshop.nl\/de\/wp-json\/wp\/v2\/product_cat?post=84409"},{"taxonomy":"product_tag","embeddable":true,"href":"https:\/\/www.headshop.nl\/de\/wp-json\/wp\/v2\/product_tag?post=84409"}],"curies":[{"name":"wp","href":"https:\/\/api.w.org\/{rel}","templated":true}]}}