{"id":83209,"date":"2025-02-04T15:24:38","date_gmt":"2025-02-04T15:24:38","guid":{"rendered":"https:\/\/www.headshop.nl\/?post_type=product&#038;p=83209"},"modified":"2026-02-19T01:26:18","modified_gmt":"2026-02-19T01:26:18","slug":"love-caps-6-capsules","status":"publish","type":"product","link":"https:\/\/www.headshop.nl\/de\/love-caps-6-capsules\/","title":{"rendered":"Love Caps - 6 Kapseln"},"content":{"rendered":"<p><strong>Inhalt:<\/strong> 6 Kapseln<br \/>\n<strong>Marke:<\/strong> Ultimativ69<\/p>\n<p>Die Love Caps von Ultimate69 wurden entwickelt, um sowohl ihr als auch ihm das gewisse Extra an erotischem Vergn\u00fcgen zu bieten. Erleben Sie das ultimative Gef\u00fchl zusammen mit diesen neuen Kapseln, die aus sorgf\u00e4ltig ausgew\u00e4hlten Kr\u00e4uterextrakten hergestellt werden. Sie steigern Ihre Libido, Energie und Ausdauer und sorgen f\u00fcr ein leichtes Kribbeln. Gemeinsam werden Sie den ultimativen H\u00f6hepunkt erreichen! Haben Sie Spa\u00df und genie\u00dfen Sie die Love Caps Ultimate 69!<\/p>\n<p><strong>Zutaten:<\/strong><\/p>\n<p>150 mg GABA, 100 mg L-Arginin, 100 mg L-Citrullin, 100 mg schwarzer Maca-Extrakt, 50 mg Kanna, 50 mg Ginsengextrakt, 50 mg Damiana-Extrakt, 50 mg Passionsblumenextrakt, 50 mg Taurin, 50 mg Kakaoextrakt, 50 mg Vitamin C, 25 mg Melissenextrakt, 10 mg Niacin, 10 mg Zink, 2 mg Piperin und Reisst\u00e4rke als Hilfsstoff.<\/p>\n<p><strong>Dosierung:<\/strong><\/p>\n<p>Nehmen Sie die Love Caps eine Stunde vor der sexuellen Aktivit\u00e4t ein. Beginnen Sie mit 1 Kapsel, um die Wirkung zu erleben, und nehmen Sie bei Bedarf nach einer halben Stunde eine zweite Kapsel. Die maximale Anzahl von Kapseln pro Person und Tag ist 2.<\/p>\n<p><strong>Warnung:<\/strong><\/p>\n<p>Au\u00dferhalb der Reichweite von Kindern aufbewahren. Konsultieren Sie vor der Einnahme Ihren Arzt, wenn Sie schwanger sind, stillen oder gesundheitliche Bedenken haben. Dies ist ein Nahrungserg\u00e4nzungsmittel und sollte als solches verwendet werden.<\/p>\n<p><strong>Ratschl\u00e4ge zur Lagerung:<\/strong><\/p>\n<p>An einem k\u00fchlen, dunklen Ort aufbewahren.<\/p>","protected":false},"excerpt":{"rendered":"<p>Verbessern Sie die Intimit\u00e4t mit den Ultimate69 Love Caps, die sowohl f\u00fcr Sie als auch f\u00fcr Ihn entwickelt wurden. Aus sorgf\u00e4ltig ausgew\u00e4hlten Kr\u00e4uterextrakten hergestellt, steigern sie Libido, Energie und Ausdauer und sorgen f\u00fcr ein leichtes Kribbeln.<\/p>","protected":false},"featured_media":83213,"template":"","meta":[],"product_brand":[],"product_cat":[705,297,395,384],"product_tag":[],"class_list":{"0":"post-83209","1":"product","2":"type-product","3":"status-publish","4":"has-post-thumbnail","6":"product_cat-sex-shop","7":"product_cat-all-products","8":"product_cat-aphrodisiacs","9":"product_cat-smartshop","11":"first","12":"instock","13":"taxable","14":"shipping-taxable","15":"purchasable","16":"product-type-variable","17":"has-default-attributes"},"_links":{"self":[{"href":"https:\/\/www.headshop.nl\/de\/wp-json\/wp\/v2\/product\/83209","targetHints":{"allow":["GET"]}}],"collection":[{"href":"https:\/\/www.headshop.nl\/de\/wp-json\/wp\/v2\/product"}],"about":[{"href":"https:\/\/www.headshop.nl\/de\/wp-json\/wp\/v2\/types\/product"}],"wp:featuredmedia":[{"embeddable":true,"href":"https:\/\/www.headshop.nl\/de\/wp-json\/wp\/v2\/media\/83213"}],"wp:attachment":[{"href":"https:\/\/www.headshop.nl\/de\/wp-json\/wp\/v2\/media?parent=83209"}],"wp:term":[{"taxonomy":"product_brand","embeddable":true,"href":"https:\/\/www.headshop.nl\/de\/wp-json\/wp\/v2\/product_brand?post=83209"},{"taxonomy":"product_cat","embeddable":true,"href":"https:\/\/www.headshop.nl\/de\/wp-json\/wp\/v2\/product_cat?post=83209"},{"taxonomy":"product_tag","embeddable":true,"href":"https:\/\/www.headshop.nl\/de\/wp-json\/wp\/v2\/product_tag?post=83209"}],"curies":[{"name":"wp","href":"https:\/\/api.w.org\/{rel}","templated":true}]}}