{"id":82816,"date":"2025-01-10T13:47:34","date_gmt":"2025-01-10T13:47:34","guid":{"rendered":"https:\/\/www.headshop.nl\/?post_type=product&#038;p=82816"},"modified":"2025-05-23T09:10:06","modified_gmt":"2025-05-23T09:10:06","slug":"somango-autoflower-soma-sacred-seeds","status":"publish","type":"product","link":"https:\/\/www.headshop.nl\/de\/somango-autoflower-soma-sacred-seeds\/","title":{"rendered":"Somango Autoflower - Soma Sacred Seeds"},"content":{"rendered":"<h2>Was ist Somango Autoflower?<\/h2>\n<p>Somango Autoflower ist eine hybride Cannabis-Sorte, die aus der Kombination von Jack Herer und Big Skunk koreanischer Genetik hervorgeht. Diese f\u00fcr ihr tropisches Mango-Aroma und ihren Geschmack bekannte Sorte weist eine 75% Indica- und 25% Sativa-Zusammensetzung auf und bietet ein abgerundetes Erlebnis, das sowohl k\u00f6rperlich entspannend als auch geistig anregend ist. Ihre autoflowering Natur macht sie zu einer ausgezeichneten Wahl f\u00fcr Z\u00fcchter, die Einfachheit suchen, da sie kein strenges Lichtzyklusmanagement erfordert.<\/p>\n<p>Die f\u00fcr ihre erhebende Wirkung bekannte Somango Autoflower liefert einen euphorischen Rausch, der die Kreativit\u00e4t steigert, ohne eine starke Sedierung hervorzurufen. Mit einer Bl\u00fctezeit von 9-10 Wochen produziert jede Pflanze etwa 25 Gramm Knospen. Die Knospen sind kristallbeschichtet, was sie perfekt f\u00fcr die Herstellung von Fingerhut macht. Die Sorte gedeiht am besten mit organischen N\u00e4hrstoffen und ihre leuchtend violetten Bl\u00e4tter tragen zu ihrer optischen Attraktivit\u00e4t bei. Ob f\u00fcr den Anbau oder den Genuss, Somango Autoflower eignet sich sowohl f\u00fcr Anf\u00e4nger als auch f\u00fcr erfahrene Cannabis-Enthusiasten.<\/p>\n<h2>Geschichte von Somango Autoflower<\/h2>\n<p>Die Abstammung der Somango Autoflower stammt von ihren Elternsorten Jack Herer und Big Skunk Korean ab. Original, die fr\u00fcher Soma #5 hie\u00df, wurde in Somango umbenannt, um ihren unverwechselbaren tropischen Mangoduft hervorzuheben, der sie von anderen Sorten abhebt. Dieser Hybrid vereint die erhebende Wirkung von Jack Herer mit den erdigen, scharfen Aromen von Big Skunk Korean und schafft so eine Sorte, die das Beste aus beiden Welten bietet.<\/p>\n<p>Entwickelt von Soma Sacred Seeds, einem f\u00fchrenden Unternehmen in der Cannabiszucht, wurde Somango so konzipiert, dass sie au\u00dfergew\u00f6hnliche fruchtige Aromen und starke Wirkungen liefert. Die autoflowering Version wurde eingef\u00fchrt, um den Anbau zu vereinfachen und den Z\u00fcchtern zu erm\u00f6glichen, das Lichtzyklusmanagement zu umgehen. Im Laufe der Zeit hat Somango eine treue Anh\u00e4ngerschaft gewonnen, die f\u00fcr ihre Potenz, ihren Geschmack und ihre Vielseitigkeit gefeiert wird. Ihre euphorische Wirkung und ihr charakteristisches Mango-Aroma haben sie zu einer herausragenden Sorte in der Soma-Kollektion gemacht.<\/p>\n<h2>Wie man Somango Autoflower verwendet<\/h2>\n<p>Somango Autoflower kann auf verschiedene Arten genossen werden, um unterschiedlichen Vorlieben gerecht zu werden. Raucher k\u00f6nnen sie in Joints rollen, in Pfeifen stopfen oder in Bongs verwenden, um ihr tropisches Mango-Aroma und den sanften Rauch voll zu genie\u00dfen. Das Verdampfen ist eine weitere gro\u00dfartige Option, da es die delikaten Terpene der Sorte bewahrt und einen saubereren, geschmacksintensiveren Zug liefert.<\/p>\n<p>Die erhebende und anregende Wirkung dieser Sorte macht sie ideal f\u00fcr kreative T\u00e4tigkeiten, wie z.B. Schreiben, Kunst oder Brainstorming-Sessions. Sie ist eine ausgezeichnete Option f\u00fcr den Tag, da sie einen geistigen Schub bietet, ohne Lethargie oder Sedierung zu verursachen. F\u00fcr Anbauer ist Somango Autoflower einfach zu z\u00fcchten und erfordert nur minimale Pflege, w\u00e4hrend sie hochwertige Knospen produziert. Ihre autoflowering Genetik stellt sicher, dass die Pflanze selbstst\u00e4ndig reift, was sie auch f\u00fcr Anbauer mit wenig Erfahrung geeignet macht.<\/p>\n<h2>Inhaltsstoffe von Somango Autoflower<\/h2>\n<p>Die einzigartigen Wirkungen und Aromen von Somango Autoflower resultieren aus ihrer Hybridgenetik, die Jack Herer und Big Skunk Korean Traits mischt. Die Zusammensetzung aus 75% Indica und 25% Sativa sorgt f\u00fcr k\u00f6rperliche Entspannung und beruhigende Effekte durch die Indica, w\u00e4hrend die Sativa zu einem erhebenden, euphorischen Rausch beitr\u00e4gt, was sie zu einer ausgewogenen Sorte macht.<\/p>\n<p>Das charakteristische tropische Mango-Aroma der Sorte stammt von ihrem reichhaltigen Terpenprofil, das Zitrus- und s\u00fc\u00dfe Fruchtnoten enth\u00e4lt. Diese Terpene verbessern nicht nur den Geschmack, sondern auch das aromatische Erlebnis. Die Knospen der Somango sind mit einer dicken Schicht von Kristallen \u00fcberzogen, was auf eine hohe Harzproduktion hindeutet, die die Sorte ideal f\u00fcr die Haschischherstellung macht. Die harzreiche Qualit\u00e4t erm\u00f6glicht die Herstellung von au\u00dfergew\u00f6hnlichem Fingerhut, wobei das Aroma und die Potenz der Sorte erhalten bleiben. Diese Eigenschaften machen Somango Autoflower zu einer ausgezeichneten Wahl f\u00fcr alle, die ein geschmackvolles, hochwertiges Cannabis-Erlebnis suchen.<\/p>\n<p>&nbsp;<\/p>\n<p><strong>Warnung<\/strong><\/p>\n<p>Wie jede Cannabissorte sollte auch Somango Autoflower mit Bedacht konsumiert werden. Ihre erhebende Wirkung kann zu einer mentalen Stimulation f\u00fchren, die in Situationen, die eine hohe Konzentration erfordern, hinderlich sein kann. Anf\u00e4nger sollten mit einer kleinen Dosis beginnen, um die Wirkung abzusch\u00e4tzen. Bewahren Sie diese Sorte immer au\u00dferhalb der Reichweite von Kindern und Haustieren auf und vermeiden Sie es, nach dem Konsum schwere Maschinen zu bedienen.<\/p>","protected":false},"excerpt":{"rendered":"<p>Somango Autoflower ist eine fruchtige, geschmackvolle Cannabissorte, die f\u00fcr ihre erhebende und geistig anregende Wirkung bekannt ist. Als Hybrid aus Jack Herer und Big Skunk Korean bietet diese Sorte ein tropisches Mango-Aroma und ist eine gute Wahl f\u00fcr kreative Menschen, die eine euphorische und wache Erfahrung suchen. Mit moderaten Ertr\u00e4gen und einem lebendigen violetten Farbton produziert Somango Autoflower aufgrund ihrer harzreichen Knospen auch au\u00dfergew\u00f6hnliches Fingerhasch.<\/p>","protected":false},"featured_media":82820,"template":"","meta":[],"product_brand":[],"product_cat":[949,297,466,465],"product_tag":[],"class_list":{"0":"post-82816","1":"product","2":"type-product","3":"status-publish","4":"has-post-thumbnail","6":"product_cat-soma-sacred-seeds","7":"product_cat-all-products","8":"product_cat-autoflowering-seeds","9":"product_cat-seedshop","11":"first","12":"instock","13":"taxable","14":"shipping-taxable","15":"purchasable","16":"product-type-variable","17":"has-default-attributes"},"_links":{"self":[{"href":"https:\/\/www.headshop.nl\/de\/wp-json\/wp\/v2\/product\/82816","targetHints":{"allow":["GET"]}}],"collection":[{"href":"https:\/\/www.headshop.nl\/de\/wp-json\/wp\/v2\/product"}],"about":[{"href":"https:\/\/www.headshop.nl\/de\/wp-json\/wp\/v2\/types\/product"}],"wp:featuredmedia":[{"embeddable":true,"href":"https:\/\/www.headshop.nl\/de\/wp-json\/wp\/v2\/media\/82820"}],"wp:attachment":[{"href":"https:\/\/www.headshop.nl\/de\/wp-json\/wp\/v2\/media?parent=82816"}],"wp:term":[{"taxonomy":"product_brand","embeddable":true,"href":"https:\/\/www.headshop.nl\/de\/wp-json\/wp\/v2\/product_brand?post=82816"},{"taxonomy":"product_cat","embeddable":true,"href":"https:\/\/www.headshop.nl\/de\/wp-json\/wp\/v2\/product_cat?post=82816"},{"taxonomy":"product_tag","embeddable":true,"href":"https:\/\/www.headshop.nl\/de\/wp-json\/wp\/v2\/product_tag?post=82816"}],"curies":[{"name":"wp","href":"https:\/\/api.w.org\/{rel}","templated":true}]}}