{"id":82781,"date":"2025-01-10T13:11:11","date_gmt":"2025-01-10T13:11:11","guid":{"rendered":"https:\/\/www.headshop.nl\/?post_type=product&#038;p=82781"},"modified":"2025-05-23T09:10:45","modified_gmt":"2025-05-23T09:10:45","slug":"lavender-soma-sacred-seeds","status":"publish","type":"product","link":"https:\/\/www.headshop.nl\/de\/lavender-soma-sacred-seeds\/","title":{"rendered":"Lavendel - Soma Sacred Seeds"},"content":{"rendered":"<h2>Was ist Lavendel?<\/h2>\n<p>Lavender ist eine auff\u00e4llige Cannabissorte, die f\u00fcr ihr lebhaftes Aussehen und ihr vielf\u00e4ltiges genetisches Erbe bekannt ist. Sie ist das Ergebnis einer einzigartigen Drei-Wege-Kreuzung, die Genetik aus Afghanistan, Hawaii, Korea, den USA und Europa vermischt. Diese Kombination f\u00fchrt zu einer visuell fesselnden Pflanze mit tief violetten Farbt\u00f6nen, die sich an den Blattspitzen fast schwarz f\u00e4rben k\u00f6nnen.<\/p>\n<p>Die dichten Knospen von Lavender verstr\u00f6men ein w\u00fcrziges Aroma, das an afghanisches Haschisch erinnert, was ihren exotischen Reiz noch verst\u00e4rkt. Die Sorte ist dank ihres hohen Kelch-zu-Blatt-Verh\u00e4ltnisses einfach zu manik\u00fcren, was sie zu einem Favoriten unter den Z\u00fcchtern macht. Lavender ist zwar nicht so hoch wie Haze-Sorten, kann aber mit einer l\u00e4ngeren Vegetationsperiode eine beachtliche H\u00f6he erreichen. Diese vielseitige Sorte gedeiht sowohl drinnen als auch drau\u00dfen und bietet einen gro\u00dfz\u00fcgigen Ertrag an hochwertigen Knospen. Ob sie in einem Meer von Gr\u00fcn oder als mehrfach verzweigte Pflanze angebaut wird, Lavender bietet ein ebenso beeindruckendes Erlebnis wie ihr Aussehen.<\/p>\n<h2>Geschichte des Lavendels<\/h2>\n<p>Die reiche Geschichte der Lavender spiegelt ihre globale genetische Abstammung wider, die Einfl\u00fcsse aus Afghanistan, Hawaii, Korea, den USA und Europa enth\u00e4lt. Diese Mischung aus regionalen Cannabissorten f\u00fchrt zu einer Sorte, die die besten Eigenschaften jeder einzelnen Sorte in sich vereint und ein au\u00dfergew\u00f6hnliches Erlebnis bietet.<\/p>\n<p>Die afghanische Genetik verleiht Lavender sein ausgepr\u00e4gtes w\u00fcrziges, haschisch anmutendes Aroma, w\u00e4hrend die Hawaiian und die amerikanischen Einfl\u00fcsse seine Potenz und Attraktivit\u00e4t steigern. Im Laufe der Zeit wurden die einzigartigen Eigenschaften von Lavender sorgf\u00e4ltig verfeinert, was zu einer Pflanze f\u00fchrte, die sowohl vielseitig als auch widerstandsf\u00e4hig ist. Sie gedeiht unter verschiedenen Anbaubedingungen, ob drinnen oder drau\u00dfen, was sie zu einem Favoriten unter den Z\u00fcchtern macht. Die sch\u00f6ne lila F\u00e4rbung und das komplexe Geschmacksprofil der Sorte haben ihren Ruf als herausragende Wahl in der Cannabiswelt gefestigt, die f\u00fcr ihre beruhigende Wirkung und ihren \u00e4sthetischen Reiz geliebt wird.<\/p>\n<h2>Wie man Lavendel verwendet<\/h2>\n<p>Lavender ist eine vielseitige Sorte, die verschiedene Vorlieben befriedigt, egal ob Sie gerne rauchen, verdampfen oder Konzentrate verwenden. Ihr reichhaltiges, w\u00fcrziges Aroma, das an afghanisches Haschisch erinnert, verbessert das Gesamterlebnis und macht sie zu einem Favoriten f\u00fcr Cannabis-Kenner.<\/p>\n<p>F\u00fcr Anf\u00e4nger ist es ratsam, mit einer kleinen Dosis zu beginnen, um die Wirkung zu verstehen. Die beruhigenden Eigenschaften von Lavendel machen ihn zu einer ausgezeichneten Wahl f\u00fcr den abendlichen Gebrauch, da er hilft, Stress und \u00c4ngste abzubauen und die Entspannung zu f\u00f6rdern. Viele Anwender halten ihn f\u00fcr ein wirksames Schlafmittel, das Ruhe und ein Gef\u00fchl der Zufriedenheit vermittelt. Ganz gleich, ob Sie nach einem langen Tag entspannen m\u00f6chten oder auf der Suche nach einem beruhigenden Begleiter f\u00fcr einen ruhigen Abend sind, Lavendel bietet eine zuverl\u00e4ssige und angenehme Erfahrung, die auf Entspannung zugeschnitten ist.<\/p>\n<h2>Inhaltsstoffe von Lavendel<\/h2>\n<p>Die einzigartige Wirkung und der Geschmack von Lavender sind das Ergebnis der reichhaltigen Zusammensetzung von Cannabinoiden und Terpenen. Mit einem hohen THC-Gehalt liefert Lavender einen starken und entspannenden Rausch, perfekt zum Entspannen. Ihr Cannabinoidprofil enth\u00e4lt auch CBD, das ihre therapeutischen Eigenschaften, wie Stressabbau und Entspannung, verst\u00e4rkt.<\/p>\n<p>Die Terpene in Lavendel tragen wesentlich zu seinem Geschmack und Aroma bei. Myrcen, das vorherrschende Terpen, sorgt f\u00fcr erdige und moschusartige Untert\u00f6ne, w\u00e4hrend Limonen einen Hauch von Zitrusschalen hinzuf\u00fcgt. Caryophyllen sorgt f\u00fcr ein w\u00fcrziges, pfeffriges Aroma, das das Gesamtprofil abrundet. Zusammen sorgen diese Verbindungen f\u00fcr den unverwechselbaren w\u00fcrzigen und erdigen Geschmack von Lavendel und machen ihn zu einer herausragenden Wahl f\u00fcr alle, die komplexe Aromen und eine beruhigende Wirkung sch\u00e4tzen.<\/p>\n<p>&nbsp;<\/p>\n<p><strong>Warnung:<\/strong><br \/>\nLavendel ist eine potente Sorte, deren Wirkung f\u00fcr neue Konsumenten oder solche mit einer geringen Toleranz sehr intensiv sein kann. Beginnen Sie mit einer kleinen Menge, um die Wirkung abzusch\u00e4tzen und einen \u00fcberm\u00e4\u00dfigen Konsum zu vermeiden. Aufgrund ihrer entspannenden Eigenschaften ist sie am besten f\u00fcr den abendlichen Konsum geeignet, da sie Schl\u00e4frigkeit hervorrufen kann. Konsumieren Sie verantwortungsbewusst, insbesondere bei Aktivit\u00e4ten, die Konzentration erfordern, und halten Sie sich stets an die \u00f6rtlichen Cannabisgesetze und -vorschriften.<\/p>","protected":false},"excerpt":{"rendered":"<p>Lavender ist eine auff\u00e4llige und exotische Cannabissorte mit einer reichen genetischen Geschichte, die Einfl\u00fcsse aus Afghanistan, Hawaii, Korea, den USA und Europa vereint. Bekannt f\u00fcr ihre intensive lila F\u00e4rbung und dichten Knospen, bietet diese Sorte ein w\u00fcrziges, afghanisches Haschisch-Aroma und einen beruhigenden, sanften Rausch. Lavender gedeiht in gem\u00e4\u00dfigten Klimazonen und liefert einen au\u00dfergew\u00f6hnlichen Ertrag mit einem vereinfachten Anbauverfahren. Sie ist ideal f\u00fcr den abendlichen Gebrauch und hat eine entspannende, beruhigende Wirkung, die perfekt zum Entspannen oder zum Einschlafen ist.<\/p>","protected":false},"featured_media":82785,"template":"","meta":[],"product_brand":[],"product_cat":[949,297,467,465],"product_tag":[],"class_list":{"0":"post-82781","1":"product","2":"type-product","3":"status-publish","4":"has-post-thumbnail","6":"product_cat-soma-sacred-seeds","7":"product_cat-all-products","8":"product_cat-feminized-seeds","9":"product_cat-seedshop","11":"first","12":"instock","13":"taxable","14":"shipping-taxable","15":"purchasable","16":"product-type-variable","17":"has-default-attributes"},"_links":{"self":[{"href":"https:\/\/www.headshop.nl\/de\/wp-json\/wp\/v2\/product\/82781","targetHints":{"allow":["GET"]}}],"collection":[{"href":"https:\/\/www.headshop.nl\/de\/wp-json\/wp\/v2\/product"}],"about":[{"href":"https:\/\/www.headshop.nl\/de\/wp-json\/wp\/v2\/types\/product"}],"wp:featuredmedia":[{"embeddable":true,"href":"https:\/\/www.headshop.nl\/de\/wp-json\/wp\/v2\/media\/82785"}],"wp:attachment":[{"href":"https:\/\/www.headshop.nl\/de\/wp-json\/wp\/v2\/media?parent=82781"}],"wp:term":[{"taxonomy":"product_brand","embeddable":true,"href":"https:\/\/www.headshop.nl\/de\/wp-json\/wp\/v2\/product_brand?post=82781"},{"taxonomy":"product_cat","embeddable":true,"href":"https:\/\/www.headshop.nl\/de\/wp-json\/wp\/v2\/product_cat?post=82781"},{"taxonomy":"product_tag","embeddable":true,"href":"https:\/\/www.headshop.nl\/de\/wp-json\/wp\/v2\/product_tag?post=82781"}],"curies":[{"name":"wp","href":"https:\/\/api.w.org\/{rel}","templated":true}]}}