{"id":82744,"date":"2025-01-10T08:11:03","date_gmt":"2025-01-10T08:11:03","guid":{"rendered":"https:\/\/www.headshop.nl\/?post_type=product&#038;p=82744"},"modified":"2025-10-16T07:04:36","modified_gmt":"2025-10-16T07:04:36","slug":"mexican-sporeprint","status":"publish","type":"product","link":"https:\/\/www.headshop.nl\/de\/mexican-sporeprint\/","title":{"rendered":"Mexican Sporenabdruck"},"content":{"rendered":"<h2>Was sind Mexican Sporenabdr\u00fccke?<\/h2>\n<p>Mexican Sporeprints sind qualitativ hochwertige Produkte, die f\u00fcr die Kultivierung des ikonischen <em>Psilocybe cubensis<\/em> Mexican Stamm. Diese von McSmart erstellten Sporenabdr\u00fccke enthalten Millionen von Sporen, die sorgf\u00e4ltig von reifen Mexican-Pilzen gesammelt wurden, und bieten einen zuverl\u00e4ssigen und authentischen Ausgangspunkt f\u00fcr die Pilzzucht.<\/p>\n<p>Mexican-Pilze werden wegen ihrer kulturellen und historischen Bedeutung gefeiert und seit Jahrhunderten f\u00fcr ihre Rolle bei spirituellen und mystischen Erfahrungen verehrt. Die Sporen in diesen Sporenabdr\u00fccken sind auf einem sterilen Medium konserviert, um sowohl Qualit\u00e4t als auch Verwendbarkeit zu gew\u00e4hrleisten. Die Mexican Sporenabdr\u00fccke sind ideal f\u00fcr fortgeschrittene Z\u00fcchter und Forscher und bieten eine hervorragende Grundlage f\u00fcr den Anbau von Pilzen oder f\u00fcr weiterf\u00fchrende mykologische Studien.<\/p>\n<p>Der Sporenabdruck Mexican ist mehr als nur ein Kultivierungswerkzeug, er bietet einen Einblick in den bemerkenswerten Lebenszyklus von Pilzen. Ob zur pers\u00f6nlichen Weiterentwicklung oder zur wissenschaftlichen Erforschung, dieser Sporenabdruck ist eine unsch\u00e4tzbare Ressource f\u00fcr das Verst\u00e4ndnis der faszinierenden Welt der Pilze.<\/p>\n<hr \/>\n<h2>Geschichte der Mexican Sporenabdr\u00fccke<\/h2>\n<p>Die Geschichte des Mexican-Pilzes reicht Tausende von Jahren zur\u00fcck und ist tief mit den Traditionen und Ritualen alter Mesoamerikanischer Kulturen verwoben. Indigene V\u00f6lker, wie die Azteken und die Mazateken, verehrten diese Pilze wegen ihrer psychoaktiven Eigenschaften und verwendeten sie oft in heiligen Zeremonien. Sie nannten sie <em>teonan\u00e1catl<\/em>und bedeutet \"Fleisch der G\u00f6tter\".<\/p>\n<p>Mitte des 20. Jahrhunderts wurde durch die Arbeit von Forschern wie R. Gordon Wasson das weltweite Interesse an diesen Pilzen wiederbelebt und ihre kulturelle, spirituelle und psychoaktive Bedeutung hervorgehoben. Diese Wiederentdeckung f\u00fchrte zur Entwicklung moderner Anbautechniken, einschlie\u00dflich der Verwendung von Sporenabdr\u00fccken, wodurch diese Pilze f\u00fcr Liebhaber auf der ganzen Welt zug\u00e4nglich wurden.<\/p>\n<p>Die Mexican Sporeprint verk\u00f6rpert dieses reiche Erbe und verbindet moderne Z\u00fcchter mit der tiefgreifenden Geschichte und Mystik der <em>Psilocybe cubensis<\/em> Mexican-Sorte. Durch den Anbau k\u00f6nnen die Nutzer dieses dauerhafte Erbe ehren und erforschen.<\/p>\n<hr \/>\n<h2>Verwendung von Mexican Sporenabdr\u00fccken<\/h2>\n<p><strong>Schritt 1: Vorbereiten der Petrischale<\/strong><br \/>\nBereiten Sie eine sterile Petrischale mit einer selbst hergestellten oder gekauften Agarl\u00f6sung vor. \u00d6ffnen Sie die Schale in einer sterilen Umgebung, um die Kontamination zu minimieren.<\/p>\n<p><strong>Schritt 2: Hinzuf\u00fcgen der Sporen<\/strong><br \/>\nWenn Sie einen Sporenabdruck verwenden, kratzen Sie vorsichtig eine kleine Anzahl von Sporen auf die Agaroberfl\u00e4che. Alternativ k\u00f6nnen Sie eine sterile Spritze verwenden, um Sporenfl\u00fcssigkeit aufzutragen.<\/p>\n<p><strong>Schritt 3: Inkubation<\/strong><br \/>\nVerschlie\u00dfen Sie die Petrischale und stellen Sie sie in eine kontrollierte Umgebung, um das Pilzwachstum zu f\u00f6rdern. Die Sporen keimen und entwickeln sich je nach den Bedingungen \u00fcber mehrere Tage bis Wochen zu Myzel.<\/p>\n<p><strong>Schritt 4: Reinigen des Myzels<\/strong><br \/>\nSobald das Myzel ausreichend gewachsen ist, w\u00e4hlen Sie einen gesunden Abschnitt aus, um eine saubere Kultur f\u00fcr das weitere Wachstum zu gew\u00e4hrleisten.<\/p>\n<p><strong>Schritt 5: Schneiden des Myzels<\/strong><br \/>\nSchneiden Sie mit einem sterilen Skalpell einen kleinen Abschnitt (etwa 6 x 6 mm) des Myzels ab. Dieses St\u00fcck wird als Starter f\u00fcr eine neue Kultur dienen.<\/p>\n<p><strong>Schritt 6: Beimpfen eines Wachstums Medium<\/strong><br \/>\n\u00dcbertragen Sie das Myzelst\u00fcck auf ein frisches Wachstumsmedium, z. B. eine neue Agarschale. Halten Sie sterile Bedingungen ein, um eine Kontamination w\u00e4hrend des Prozesses zu vermeiden.<\/p>\n<p>Mit Geduld und Pr\u00e4zision k\u00f6nnen Sie lebendige, gesunde Mexican-Pilze z\u00fcchten. Jeder Schritt bietet die Gelegenheit, mehr \u00fcber die Biologie der Pilze zu lernen, so dass der Prozess ebenso lohnend ist wie das Ergebnis.<\/p>\n<hr \/>\n<h2>Inhaltsstoffe von Mexican Sporeprints<\/h2>\n<p>Ein Mexican Sporeprint enth\u00e4lt Millionen von Sporen aus reifen <em>Psilocybe cubensis<\/em> Mexican-Pilze. Diese Sporen werden sorgf\u00e4ltig geerntet und auf einem sterilen Medium konserviert, um ihre Reinheit und Lebensf\u00e4higkeit zu gew\u00e4hrleisten.<\/p>\n<p>Obwohl der Sporeprint selbst keine psychoaktiven Verbindungen enth\u00e4lt, produzieren die aus diesen Sporen gez\u00fcchteten Pilze auf nat\u00fcrliche Weise Psilocybin und Psilocin, die Wirkstoffe, die f\u00fcr ihre halluzinogene Wirkung verantwortlich sind. Dies macht den Mexican Sporeprint zu einer ausgezeichneten Wahl f\u00fcr diejenigen, die eine zuverl\u00e4ssige Quelle f\u00fcr genetisches Material f\u00fcr den Anbau oder die Forschung suchen.<\/p>\n<hr \/>\n<p><strong>Warnung<\/strong><\/p>\n<p>Mexican Zauberpilze enthalten Psilocybin und Psilocin, starke psychoaktive Verbindungen, die die Wahrnehmung ver\u00e4ndern und Halluzinationen hervorrufen k\u00f6nnen. Verwenden Sie sie verantwortungsbewusst und lagern Sie sie sicher und au\u00dferhalb der Reichweite von Kindern. Achten Sie stets auf die Wirkung dieser Substanzen und halten Sie sich an die \u00f6rtlichen Gesetze und Vorschriften zu deren Verwendung.<\/p>","protected":false},"excerpt":{"rendered":"<p>Tauchen Sie ein in die faszinierende Welt des Mexican Sporeprint von McSmart, der f\u00fcr erfahrene Psychedelic-Liebhaber entwickelt wurde. Entdecken Sie die komplizierten Details und besonderen Merkmale dieses hochwertigen Sporenabdrucks - ein Eckpfeiler f\u00fcr die moderne Pilzzucht und mykologische Forschung.<\/p>","protected":false},"featured_media":82746,"template":"","meta":[],"product_brand":[],"product_cat":[970,297,399,384],"product_tag":[978],"class_list":{"0":"post-82744","1":"product","2":"type-product","3":"status-publish","4":"has-post-thumbnail","6":"product_cat-magic-mushroom-spore-prints","7":"product_cat-all-products","8":"product_cat-shroomshop","9":"product_cat-smartshop","10":"product_tag-shrdeal","11":"product_shipping_class-group-7","13":"first","14":"instock","15":"taxable","16":"shipping-taxable","17":"purchasable","18":"product-type-variable","19":"has-default-attributes"},"_links":{"self":[{"href":"https:\/\/www.headshop.nl\/de\/wp-json\/wp\/v2\/product\/82744","targetHints":{"allow":["GET"]}}],"collection":[{"href":"https:\/\/www.headshop.nl\/de\/wp-json\/wp\/v2\/product"}],"about":[{"href":"https:\/\/www.headshop.nl\/de\/wp-json\/wp\/v2\/types\/product"}],"wp:featuredmedia":[{"embeddable":true,"href":"https:\/\/www.headshop.nl\/de\/wp-json\/wp\/v2\/media\/82746"}],"wp:attachment":[{"href":"https:\/\/www.headshop.nl\/de\/wp-json\/wp\/v2\/media?parent=82744"}],"wp:term":[{"taxonomy":"product_brand","embeddable":true,"href":"https:\/\/www.headshop.nl\/de\/wp-json\/wp\/v2\/product_brand?post=82744"},{"taxonomy":"product_cat","embeddable":true,"href":"https:\/\/www.headshop.nl\/de\/wp-json\/wp\/v2\/product_cat?post=82744"},{"taxonomy":"product_tag","embeddable":true,"href":"https:\/\/www.headshop.nl\/de\/wp-json\/wp\/v2\/product_tag?post=82744"}],"curies":[{"name":"wp","href":"https:\/\/api.w.org\/{rel}","templated":true}]}}