{"id":78389,"date":"2023-10-11T10:42:19","date_gmt":"2023-10-11T10:42:19","guid":{"rendered":"https:\/\/www.headshop.nl\/?post_type=product&#038;p=78389"},"modified":"2025-10-10T01:26:26","modified_gmt":"2025-10-10T01:26:26","slug":"smart-x","status":"publish","type":"product","link":"https:\/\/www.headshop.nl\/de\/smart-x\/","title":{"rendered":"Smart X"},"content":{"rendered":"<h2>Was ist Smart X?<\/h2>\n<p>Smart X ist eine revolution\u00e4re Party-Pille, die Ihre Feier auf die n\u00e4chste Stufe hebt. Dieses Produkt enth\u00e4lt 6 Kapseln, jede mit einer Mischung aus potenten nat\u00fcrlichen Inhaltsstoffen, die entwickelt wurden, um Ihr Partyerlebnis zu verbessern. Die Smart X besteht aus 3 verschiedenen Formeln: 2 rote Speed X-Kapseln f\u00fcr Turbo-Energie, 2 rosa Sexy X-Kapseln f\u00fcr euphorische Gef\u00fchle und 2 orange Party X-Kapseln f\u00fcr die ultimative holl\u00e4ndische Party-Stimmung. Jede Kapsel wurde sorgf\u00e4ltig mit einer Mischung von Inhaltsstoffen hergestellt, die Energie und Stimmung steigern und Euphorie f\u00f6rdern, um eine lustige und lebhafte Atmosph\u00e4re zu schaffen.<\/p>\n<p>Smart X wurde f\u00fcr diejenigen entwickelt, die die ultimative Partynacht mit Energie und Aufregung erleben wollen. Die Kapseln bieten die Flexibilit\u00e4t, verschiedene Formeln zu mischen und aufeinander abzustimmen, so dass Sie ein ma\u00dfgeschneidertes Party-Erlebnis schaffen k\u00f6nnen. Egal, ob du nach mehr Energie oder erh\u00f6htem Genuss suchst, Smart X bietet eine ma\u00dfgeschneiderte L\u00f6sung, um deine Nacht unvergesslich zu machen. Mit gen\u00fcgend Kapseln f\u00fcr zwei Personen ist es der perfekte Begleiter f\u00fcr jeden, der eine unglaubliche Zeit erleben m\u00f6chte.<\/p>\n<h2>Geschichte von Smart X<\/h2>\n<p>Smart X wurde mit dem Ziel entwickelt, ein einzigartiges Party-Erlebnis zu bieten, das die besten Aspekte von Energie, Euphorie und Spa\u00df vereint. Das Produkt ist eine Weiterentwicklung der Party-Pillenlinie DNX, die seit Jahren bei Partyg\u00e4ngern beliebt ist. Die Kombination von Speed X, Sexy X und Party X ist das Ergebnis umfangreicher Forschung und Experimente, um die perfekte Mischung von Inhaltsstoffen zu schaffen, die die Partyatmosph\u00e4re heben k\u00f6nnen.<\/p>\n<p>Die Geschichte von Smart X ist tief in dem Wunsch verwurzelt, den Verbrauchern ein sicheres, angenehmes und wirkungsvolles Produkt anzubieten. Seine nat\u00fcrlichen Inhaltsstoffe wurden sorgf\u00e4ltig ausgew\u00e4hlt, um sowohl die k\u00f6rperliche Energie als auch das geistige Wohlbefinden zu steigern und ein unvergessliches Erlebnis zu schaffen. Im Laufe der Zeit hat sich Smart X zu einer der ersten Wahl f\u00fcr diejenigen entwickelt, die eine erstklassige Party-Pille suchen, die eine ausgewogene Mischung aus Euphorie und Energie bietet. Heute ist Smart X bekannt daf\u00fcr, dass es die erste Wahl unter Party-Enthusiasten ist, die einen Schub wollen, der die ganze Nacht anh\u00e4lt.<\/p>\n<h2>So verwenden Sie Smart X<\/h2>\n<p>Die Anwendung von Smart X ist einfach und unkompliziert. Um die besten Ergebnisse zu erzielen, wird empfohlen, die gew\u00fcnschte Kombination von Kapseln 30 bis 45 Minuten vor der gew\u00fcnschten Wirkung mit Wasser oder Fruchtsaft einzunehmen. Die empfohlene Tagesdosis betr\u00e4gt 3 Kapseln, und Sie sollten die maximal zul\u00e4ssige Tagesdosis nicht \u00fcberschreiten.<\/p>\n<p>Die Flexibilit\u00e4t von Smart X erm\u00f6glicht es Ihnen, die Kapseln nach Ihren Bed\u00fcrfnissen zu mischen und zu kombinieren. Kombiniert man beispielsweise die rosafarbenen Sexy X-Kapseln mit den roten Speed X-Kapseln, entsteht eine perfekte Balance aus Energie und Euphorie. Oder mischen Sie alle drei Farben - Rot, Pink und Orange - f\u00fcr ein intensives Erlebnis, das f\u00fcr eine Hardcore-Party-Atmosph\u00e4re konzipiert ist. H\u00f6ren Sie immer auf Ihren K\u00f6rper und beginnen Sie mit einer niedrigeren Dosierung, wenn Sie Smart X zum ersten Mal einnehmen, und passen Sie die Dosierung nach Bedarf an Ihre pers\u00f6nlichen Vorlieben an.<\/p>\n<h2>Inhaltsstoffe von Smart X<\/h2>\n<p>Smart X enth\u00e4lt eine wirksame Kombination von Inhaltsstoffen, die sorgf\u00e4ltig nach ihrer F\u00e4higkeit ausgew\u00e4hlt wurden, Ihr Partyerlebnis zu verbessern. Die rote Speed X-Kapsel enth\u00e4lt DL-Phenylalanin, Eviodiamin, Koffein und Citrus aurantium f\u00fcr einen starken Energieschub. Die rosafarbene Sexy X-Kapsel enth\u00e4lt Inhaltsstoffe wie Damiana, Gaba, Ginkgo Biloba, Kanna-Extrakt und Passionsblume, die zusammen f\u00fcr Euphorie, Entspannung und geistige Klarheit sorgen. Die orangefarbene Party X-Kapsel enth\u00e4lt Black Maca, Kanna-Extrakt und Zink, um die Stimmung und die Ausdauer zu verbessern.<\/p>\n<p>Jeder dieser Inhaltsstoffe spielt eine Schl\u00fcsselrolle bei der Erzielung der gew\u00fcnschten Wirkungen, wie z. B. gesteigerte Energie, erh\u00f6hte Stimmung und gesteigertes Vergn\u00fcgen. Diese nat\u00fcrlichen Inhaltsstoffe werden in pr\u00e4zisen Proportionen gemischt, um eine ausgewogene und effektive Erfahrung zu gew\u00e4hrleisten. Die Formulierung von Smart X wurde mit Sorgfalt entwickelt, um konsistente und starke Ergebnisse zu liefern, die Ihnen das Vertrauen geben, Ihre Party zu genie\u00dfen, ohne sich um die Qualit\u00e4t oder Sicherheit des Produkts zu sorgen.<\/p>\n<p><strong>Warnungen:<\/strong><\/p>\n<p>Smart X sollte nicht als Ersatz f\u00fcr eine abwechslungsreiche Ern\u00e4hrung verwendet werden. Au\u00dferhalb der Reichweite von Kindern aufbewahren. Die Einnahme ist nur f\u00fcr Personen \u00fcber 18 Jahren erlaubt. Vermeiden Sie die Kombination mit Medikamenten oder anderen Stimulanzien, insbesondere bei Personen mit hohem oder niedrigem Blutdruck, Herzerkrankungen, Schilddr\u00fcsenst\u00f6rungen, Nierenerkrankungen, Depressionen, Nervosit\u00e4t, k\u00f6rperlichen oder geistigen Beschwerden oder bei der Verwendung von MAO-Hemmern. Seien Sie vorsichtig bei \u00fcberm\u00e4\u00dfigem Alkoholkonsum. Konsultieren Sie im Zweifelsfall einen Arzt.<\/p>","protected":false},"excerpt":{"rendered":"<p>Entfesseln Sie das ultimative Party-Erlebnis mit Smart X! Diese revolution\u00e4re Party-Pille vereint Energie, Euphorie und unvergleichliche Party-Sensationen in einem magischen Mix aus sechs nat\u00fcrlichen Kapseln. Egal, ob Sie auf der Suche nach turbogeladener Energie, einem euphorischen, sinnlichen Erlebnis oder dem echten holl\u00e4ndischen Party-Vibe sind, Smart X bietet alles. Dieses Set eignet sich perfekt, um es mit einem Freund oder Partner zu teilen und gibt dir die Freiheit, deine ideale Party-Kombination zusammenzustellen. Entscheiden Sie sich f\u00fcr den Hardcore Sex Party, indem Sie Pink, Rot und Orange kombinieren, und erleben Sie das ultimative Vergn\u00fcgen. Mit Smart X wird jede Party zu einem unvergesslichen Abenteuer. Mix, match &amp; enjoy mit Smart X - dein Ticket zu endlosem Partyvergn\u00fcgen!<\/p>","protected":false},"featured_media":78397,"template":"","meta":[],"product_brand":[],"product_cat":[408,386,384,412],"product_tag":[],"class_list":{"0":"post-78389","1":"product","2":"type-product","3":"status-publish","4":"has-post-thumbnail","6":"product_cat-dnx","7":"product_cat-party-pills","8":"product_cat-smartshop","9":"product_cat-trippy-pills","11":"first","12":"instock","13":"taxable","14":"shipping-taxable","15":"purchasable","16":"product-type-variable","17":"has-default-attributes"},"_links":{"self":[{"href":"https:\/\/www.headshop.nl\/de\/wp-json\/wp\/v2\/product\/78389","targetHints":{"allow":["GET"]}}],"collection":[{"href":"https:\/\/www.headshop.nl\/de\/wp-json\/wp\/v2\/product"}],"about":[{"href":"https:\/\/www.headshop.nl\/de\/wp-json\/wp\/v2\/types\/product"}],"wp:featuredmedia":[{"embeddable":true,"href":"https:\/\/www.headshop.nl\/de\/wp-json\/wp\/v2\/media\/78397"}],"wp:attachment":[{"href":"https:\/\/www.headshop.nl\/de\/wp-json\/wp\/v2\/media?parent=78389"}],"wp:term":[{"taxonomy":"product_brand","embeddable":true,"href":"https:\/\/www.headshop.nl\/de\/wp-json\/wp\/v2\/product_brand?post=78389"},{"taxonomy":"product_cat","embeddable":true,"href":"https:\/\/www.headshop.nl\/de\/wp-json\/wp\/v2\/product_cat?post=78389"},{"taxonomy":"product_tag","embeddable":true,"href":"https:\/\/www.headshop.nl\/de\/wp-json\/wp\/v2\/product_tag?post=78389"}],"curies":[{"name":"wp","href":"https:\/\/api.w.org\/{rel}","templated":true}]}}