{"id":77217,"date":"2021-08-09T12:30:58","date_gmt":"2021-08-09T12:30:58","guid":{"rendered":"https:\/\/www.headshop.nl\/?post_type=product&#038;p=77217"},"modified":"2026-02-08T13:26:32","modified_gmt":"2026-02-08T13:26:32","slug":"mcmicrodose-starterkit","status":"publish","type":"product","link":"https:\/\/www.headshop.nl\/de\/mcmicrodose-starterkit\/","title":{"rendered":"McMicrodose Starterkit"},"content":{"rendered":"<h2>McMicrodose Starterkit Magische Tr\u00fcffel f\u00fcr Microdosing<\/h2>\n<p>McMicrodose Starter Kit enth\u00e4lt einen Blister mit dosierten Mexicana Tr\u00fcffeln von 6x 1 Gramm. Die Tr\u00fcffel enthalten nat\u00fcrliches Psilocybin und wurden speziell f\u00fcr Eigenschaften f\u00fcr die beste Mikrodosierung ausgew\u00e4hlt. Das Starter Kit ist ideal f\u00fcr diejenigen, die sich mit der Mikrodosierung von Tr\u00fcffeln vertraut machen wollen.<\/p>\n<p>Wenn Sie bereits Erfahrung mit der Mikrodosierung haben, k\u00f6nnen Sie auf diese umsteigen: <a href=\"https:\/\/www.headshop.nl\/de\/mcmicrodose-magic-truffles\/\">McMicrodose 2\u00d75 Gramm oder 2\u00d710 Gramm<\/a>. Diese Produkte bieten die M\u00f6glichkeit, die Mikrodosierung st\u00e4rker auf die pers\u00f6nlichen Bed\u00fcrfnisse abzustimmen.<\/p>","protected":false},"excerpt":{"rendered":"<p>McMicrodose ist ein innovatives Produkt f\u00fcr alle, die die aufregende und wohltuende Welt der Psychedelika erkunden und dabei sicher unterhalb der Wahrnehmungsschwelle bleiben wollen. Nehmen Sie McMicrodose so viel wie einmal t\u00e4glich (Mikrodosierer variieren, wie viele Tage pro Woche sie mikrodosieren) f\u00fcr sich selbst oder teilen Sie sie mit Ihren Freunden! Microdosing wird wissenschaftlich erforscht, sollte aber, wie jede andere psychoaktive Substanz, nicht ohne angemessene Aufkl\u00e4rung und Anleitung durch erfahrene Fachleute eingenommen werden.<\/p>","protected":false},"featured_media":77225,"template":"","meta":[],"product_brand":[],"product_cat":[401,297,831,402,925,812,706,398,399,384],"product_tag":[978],"class_list":{"0":"post-77217","1":"product","2":"type-product","3":"status-publish","4":"has-post-thumbnail","6":"product_cat-microdosing","7":"product_cat-all-products","8":"product_cat-beginner-magic-truffles","9":"product_cat-magic-truffles","10":"product_cat-mcmicrodose","11":"product_cat-mcsmart-truffles","12":"product_cat-microdosing-truffles","13":"product_cat-mushrooms","14":"product_cat-shroomshop","15":"product_cat-smartshop","16":"product_tag-shrdeal","17":"product_shipping_class-group-7","19":"first","20":"instock","21":"taxable","22":"shipping-taxable","23":"purchasable","24":"product-type-variable","25":"has-default-attributes"},"_links":{"self":[{"href":"https:\/\/www.headshop.nl\/de\/wp-json\/wp\/v2\/product\/77217","targetHints":{"allow":["GET"]}}],"collection":[{"href":"https:\/\/www.headshop.nl\/de\/wp-json\/wp\/v2\/product"}],"about":[{"href":"https:\/\/www.headshop.nl\/de\/wp-json\/wp\/v2\/types\/product"}],"wp:featuredmedia":[{"embeddable":true,"href":"https:\/\/www.headshop.nl\/de\/wp-json\/wp\/v2\/media\/77225"}],"wp:attachment":[{"href":"https:\/\/www.headshop.nl\/de\/wp-json\/wp\/v2\/media?parent=77217"}],"wp:term":[{"taxonomy":"product_brand","embeddable":true,"href":"https:\/\/www.headshop.nl\/de\/wp-json\/wp\/v2\/product_brand?post=77217"},{"taxonomy":"product_cat","embeddable":true,"href":"https:\/\/www.headshop.nl\/de\/wp-json\/wp\/v2\/product_cat?post=77217"},{"taxonomy":"product_tag","embeddable":true,"href":"https:\/\/www.headshop.nl\/de\/wp-json\/wp\/v2\/product_tag?post=77217"}],"curies":[{"name":"wp","href":"https:\/\/api.w.org\/{rel}","templated":true}]}}