{"id":60094,"date":"2023-01-16T12:03:25","date_gmt":"2023-01-16T12:03:25","guid":{"rendered":"https:\/\/www.headshop.nl\/?post_type=product&#038;p=60094"},"modified":"2025-05-23T09:24:32","modified_gmt":"2025-05-23T09:24:32","slug":"cbd-sleep-well-gummies","status":"publish","type":"product","link":"https:\/\/www.headshop.nl\/de\/cbd-sleep-well-gummies\/","title":{"rendered":"CBD Sleep Well Gummies"},"content":{"rendered":"<p><strong>CBD Schlaf gut Gummies:<\/strong><br \/>\nSchlafprobleme sind weit verbreitet und haben einen gro\u00dfen negativen Einfluss auf Ihr t\u00e4gliches Leben. Leiden Sie unter schlaflosen N\u00e4chten, dann sollten Sie Dr. Candy CBD Sleep Well Gummies mit CBD und Melatonin einnehmen. CBD ist f\u00fcr seine beruhigenden und schmerzlindernden Eigenschaften bekannt. Melatonin ist eine k\u00f6rpereigene Substanz, die eine Rolle bei der Regulierung des Schlaf-Wach-Rhythmus spielt.<\/p>\n<p>Es gibt nur wenige Dinge, die frustrierender sind als Schlafprobleme. Tags\u00fcber f\u00fchlt man sich schl\u00e4frig, unkonzentriert und gereizt, weil man nicht genug geschlafen hat. Aber wenn Sie nachts ins Bett gehen und ungest\u00f6rt schlafen wollen, liegen Sie mit offenen Augen wach. Vielleicht kreisen Ihre Gedanken st\u00e4ndig oder Sie schaffen es nicht, sich k\u00f6rperlich zu entspannen. Manche Menschen schlafen ein, wachen aber pl\u00f6tzlich mitten in der Nacht auf. Je mehr Sie sich bem\u00fchen, einzuschlafen, desto weniger gelingt es Ihnen.<\/p>\n<p>F\u00fcr einen gest\u00f6rten Schlafrhythmus kann es viele Ursachen geben. Zum Beispiel k\u00f6nnen Stress und Angst ein Grund daf\u00fcr sein, dass man wach liegt, ein gest\u00f6rter Tag- und Nachtrhythmus oder sogar Schmerzen. Gl\u00fccklicherweise k\u00f6nnen CBD und Melatonin bei vielen dieser Beschwerden helfen. Beides sind nat\u00fcrliche Substanzen, die K\u00f6rper und Geist entspannen, so dass man leichter einschlafen und besser schlafen kann. Jeder Sleep Well Gummie enth\u00e4lt 10 mg CBD und 0,3 mg Melatonin.<\/p>\n<p><strong>Verwendung:<\/strong><br \/>\nCBD wirkt im K\u00f6rper, wenn ein Spiegel aufgebaut worden ist. Sie bauen diesen Spiegel auf, indem Sie jeden Tag Cannabidiol einnehmen. Wir empfehlen immer, in der ersten Woche mit einem oder mehreren Gummib\u00e4rchen pro Tag zu beginnen und die Menge nach Wunsch zu erh\u00f6hen. CBD hat viele positive Eigenschaften. Eine \u00dcberdosierung von CBD ist sehr unwahrscheinlich. Wir empfehlen jedoch nicht, mehr als 100 mg CBD pro Tag einzunehmen.<\/p>\n<p><strong>Hinweise zur Lagerung:<\/strong><br \/>\nBewahren Sie dieses Produkt von Dr. Candy an einem k\u00fchlen und dunklen Ort auf, z. B. in einem K\u00fcchenschrank, und halten Sie es au\u00dferhalb der Reichweite von Kindern.<\/p>\n<p><strong>Zutaten:<\/strong><br \/>\nGlukose, Zucker, nat\u00fcrliche Farbstoffe und Aromen, Gelatine, Zitronens\u00e4ure, CBD, Melatonin<\/p>\n<p><strong>Warnung:<\/strong><br \/>\nDieses Produkt ist nicht f\u00fcr schwangere Frauen und Kinder geeignet.<\/p>","protected":false},"excerpt":{"rendered":"<p>Die CBD Sleep Well Gummies Bonbons sind aus der Bonbonkollektion von Dr. Candy und enthalten CBD. Genie\u00dfe die S\u00fc\u00dfe und profitiere von den vielen Vorteilen, die CBD f\u00fcr K\u00f6rper und Geist bietet. Perfekt f\u00fcr zwischendurch oder einfach nur, weil es lecker ist. Dr. Candy ist die Marke, wenn es um CBD-Bonbons geht, probieren Sie es jetzt.<\/p>","protected":false},"featured_media":58142,"template":"","meta":[],"product_brand":[],"product_cat":[839,297,847],"product_tag":[],"class_list":{"0":"post-60094","1":"product","2":"type-product","3":"status-publish","4":"has-post-thumbnail","6":"product_cat-dr-candy","7":"product_cat-all-products","8":"product_cat-edibles-2","10":"first","11":"instock","12":"taxable","13":"shipping-taxable","14":"purchasable","15":"product-type-variable","16":"has-default-attributes"},"_links":{"self":[{"href":"https:\/\/www.headshop.nl\/de\/wp-json\/wp\/v2\/product\/60094","targetHints":{"allow":["GET"]}}],"collection":[{"href":"https:\/\/www.headshop.nl\/de\/wp-json\/wp\/v2\/product"}],"about":[{"href":"https:\/\/www.headshop.nl\/de\/wp-json\/wp\/v2\/types\/product"}],"wp:featuredmedia":[{"embeddable":true,"href":"https:\/\/www.headshop.nl\/de\/wp-json\/wp\/v2\/media\/58142"}],"wp:attachment":[{"href":"https:\/\/www.headshop.nl\/de\/wp-json\/wp\/v2\/media?parent=60094"}],"wp:term":[{"taxonomy":"product_brand","embeddable":true,"href":"https:\/\/www.headshop.nl\/de\/wp-json\/wp\/v2\/product_brand?post=60094"},{"taxonomy":"product_cat","embeddable":true,"href":"https:\/\/www.headshop.nl\/de\/wp-json\/wp\/v2\/product_cat?post=60094"},{"taxonomy":"product_tag","embeddable":true,"href":"https:\/\/www.headshop.nl\/de\/wp-json\/wp\/v2\/product_tag?post=60094"}],"curies":[{"name":"wp","href":"https:\/\/api.w.org\/{rel}","templated":true}]}}