{"id":60086,"date":"2023-01-16T12:03:18","date_gmt":"2023-01-16T12:03:18","guid":{"rendered":"https:\/\/www.headshop.nl\/?post_type=product&#038;p=60086"},"modified":"2025-05-23T09:24:49","modified_gmt":"2025-05-23T09:24:49","slug":"cbd-cannabis-leaves","status":"publish","type":"product","link":"https:\/\/www.headshop.nl\/de\/cbd-cannabis-leaves\/","title":{"rendered":"CBD-Cannabis-Bl\u00e4tter"},"content":{"rendered":"<p><strong>CBD Cannabis Bl\u00e4tter Cannabis:<\/strong><br \/>\nDie Cannabis Leaves Cannabis von Dr. Candy enthalten leckere Bonbons, die mit der Substanz CBD versehen sind! Cannabidiol (CBD) spielt eine wichtige Rolle als aktiver Hauptbestandteil in diesen gummierten Cannabisbl\u00e4ttern. Die Substanz CBD wird aus der Hanf-\/Cannabispflanze gewonnen und hat eine positive Wirkung auf K\u00f6rper und Geist. Cannabidiol kann das Angst- oder Stressniveau im K\u00f6rper senken und enth\u00e4lt m\u00f6glicherweise entz\u00fcndungshemmende Eigenschaften. Die Cannabispflanze ist vollgepackt mit wertvollen Substanzen wie Terpenen, Flavonoiden und Cannabinoiden. Diese Stoffe k\u00f6nnen sich sowohl auf den K\u00f6rper als auch auf den Geist positiv auswirken. Zum vollen Spektrum der Hanfpflanze geh\u00f6ren auch die Stoffe Cannabinol (CBN), Cannabigerol (CBG) und Cannabichromen (CBC). Cannabinol kann eine positive Wirkung auf den Schlaf und die Nachtruhe haben. Es kann auch bei \u00dcbelkeit helfen. Cannabigerol ist ein unverzichtbarer Baustein f\u00fcr die Cannabinoide und enth\u00e4lt viele antibakterielle Eigenschaften. Cannabichromen kann Schmerzen lindern.<\/p>\n<p>Die Cannabisbl\u00e4tter sind ideal f\u00fcr die Einnahme zwischen den Mahlzeiten. Die Cannabisbl\u00e4tter enthalten jeweils 10 mg CBD. Du wirst von diesen Bonbons nicht high oder stoned werden. Die Substanz THC, die f\u00fcr das psychedelische Gef\u00fchl in Cannabis verantwortlich ist, ist in diesen Bonbons nicht enthalten. Bei der Extraktion des CBD und anderer pflanzenspezifischer Stoffe geht die Substanz THC verloren. Das bedeutet, dass diese Bonbons keine psychedelische Wirkung haben. Du kannst sie also \u00fcberall und jederzeit konsumieren.<\/p>\n<p><strong>Verwendung:<\/strong><br \/>\nCBD wirkt im K\u00f6rper, wenn sich ein Spiegel gebildet hat. Wir empfehlen immer, in der ersten Woche mit zwei CBD-Bl\u00e4ttern pro Tag zu beginnen und dies dann nach Belieben zu erweitern. Durch die t\u00e4gliche Einnahme eines Cannabisblattes baut man einen CBD-Spiegel im Blut auf, und gerade dann werden die positiven Effekte sehr sp\u00fcrbar.<\/p>\n<p><strong>Zutaten:<\/strong><br \/>\nCBD, Glukose, Zucker, nat\u00fcrlicher Farbstoff, Gelatine, Zitronens\u00e4ure.<\/p>\n<p><strong>Hinweise zur Lagerung:<\/strong><br \/>\nBewahren Sie dieses Produkt von Dr. Candy an einem k\u00fchlen und dunklen Ort auf, z. B. in einem K\u00fcchenschrank, und halten Sie es au\u00dferhalb der Reichweite von Kindern.<\/p>\n<p><strong>Warnung:<\/strong><br \/>\nDieses Produkt ist nicht f\u00fcr schwangere Frauen und Kinder geeignet.<\/p>","protected":false},"excerpt":{"rendered":"<p>Das CBD Cannabis Leaves Bonbon ist aus der Bonbonkollektion von Dr. Candy und enth\u00e4lt CBD. Genie\u00dfe die S\u00fc\u00dfe und profitiere von den vielen Vorteilen, die CBD f\u00fcr K\u00f6rper und Geist hat. Perfekt f\u00fcr zwischendurch oder einfach nur, weil es lecker ist. Dr. Candy ist die Marke, wenn es um CBD-Bonbons geht, probieren Sie es jetzt.<\/p>","protected":false},"featured_media":58144,"template":"","meta":[],"product_brand":[],"product_cat":[839,297,847],"product_tag":[],"class_list":{"0":"post-60086","1":"product","2":"type-product","3":"status-publish","4":"has-post-thumbnail","6":"product_cat-dr-candy","7":"product_cat-all-products","8":"product_cat-edibles-2","10":"first","11":"instock","12":"taxable","13":"shipping-taxable","14":"purchasable","15":"product-type-variable","16":"has-default-attributes"},"_links":{"self":[{"href":"https:\/\/www.headshop.nl\/de\/wp-json\/wp\/v2\/product\/60086","targetHints":{"allow":["GET"]}}],"collection":[{"href":"https:\/\/www.headshop.nl\/de\/wp-json\/wp\/v2\/product"}],"about":[{"href":"https:\/\/www.headshop.nl\/de\/wp-json\/wp\/v2\/types\/product"}],"wp:featuredmedia":[{"embeddable":true,"href":"https:\/\/www.headshop.nl\/de\/wp-json\/wp\/v2\/media\/58144"}],"wp:attachment":[{"href":"https:\/\/www.headshop.nl\/de\/wp-json\/wp\/v2\/media?parent=60086"}],"wp:term":[{"taxonomy":"product_brand","embeddable":true,"href":"https:\/\/www.headshop.nl\/de\/wp-json\/wp\/v2\/product_brand?post=60086"},{"taxonomy":"product_cat","embeddable":true,"href":"https:\/\/www.headshop.nl\/de\/wp-json\/wp\/v2\/product_cat?post=60086"},{"taxonomy":"product_tag","embeddable":true,"href":"https:\/\/www.headshop.nl\/de\/wp-json\/wp\/v2\/product_tag?post=60086"}],"curies":[{"name":"wp","href":"https:\/\/api.w.org\/{rel}","templated":true}]}}