{"id":60080,"date":"2023-01-16T12:03:13","date_gmt":"2023-01-16T12:03:13","guid":{"rendered":"https:\/\/www.headshop.nl\/?post_type=product&#038;p=60080"},"modified":"2025-05-23T09:25:05","modified_gmt":"2025-05-23T09:25:05","slug":"cbd-gummy-bears-mix","status":"publish","type":"product","link":"https:\/\/www.headshop.nl\/de\/cbd-gummy-bears-mix\/","title":{"rendered":"CBD Gummib\u00e4rchen-Mix"},"content":{"rendered":"<p><strong>CBD Gummib\u00e4rchen-Mix:<\/strong><br \/>\nDie CBD Gummib\u00e4rchen Mixed flavor von Dr. Candy sind leckere S\u00fc\u00dfigkeiten mit CBD, das aus der Cannabis-\/Hanfpflanze stammt. Cannabidiol (CBD) ist der Wirkstoff in diesen Gummib\u00e4rchen. Die Substanz CBD wird aus Hanf extrahiert und hat eine positive Wirkung auf K\u00f6rper und Geist. Cannabidiol kann Angst- und Stresszust\u00e4nde im K\u00f6rper verringern und hat entz\u00fcndungshemmende Eigenschaften. Die Cannabispflanze ist vollgepackt mit gro\u00dfartigen Verbindungen wie Terpenen, Flavonoiden und Cannabinoiden. Die CBD Gummib\u00e4rchen von Dr. Candy sind Bonbons mit einer Mischung aus verschiedenen Fruchtaromen. Perfekt f\u00fcr die Einnahme zwischen den Mahlzeiten!<\/p>\n<p>Die CBD Gummib\u00e4rchen enthalten jeweils 5 mg CBD. Davon wird man nicht high oder stoned. Die Substanz THC, die f\u00fcr das psychedelische Gef\u00fchl in Cannabis verantwortlich ist, ist in diesen Bonbons nicht enthalten. Bei der Extraktion von CBD und anderen n\u00fctzlichen Pflanzenstoffen geht die Substanz THC verloren. Das bedeutet, dass diese Bonbons keine psychedelische Wirkung haben. Sie k\u00f6nnen diese Bonbons also \u00fcberall und jederzeit konsumieren. Entdecken Sie die Kraft von CBD Bears Mixed Flavor!<\/p>\n<p><strong>Verwendung:<\/strong><br \/>\nCBD wirkt im K\u00f6rper, wenn ein Spiegel aufgebaut worden ist. Sie bauen diesen Spiegel auf, indem Sie jeden Tag Cannabidiol einnehmen. Wir empfehlen immer, in der ersten Woche mit ein oder zwei Bonbons pro Tag zu beginnen und die Einnahme zu erweitern, falls gew\u00fcnscht. CBD hat viele positive Eigenschaften. Eine \u00dcberdosierung von CBD ist sehr unwahrscheinlich. Wir empfehlen jedoch, nicht mehr als 100 mg CBD pro Tag einzunehmen.<\/p>\n<p><strong>Zutaten:<\/strong><br \/>\nCBD, Glukose, Zucker, nat\u00fcrlicher Farbstoff, Gelatine, Zitronens\u00e4ure.<\/p>\n<p><strong>Hinweise zur Lagerung:<\/strong><br \/>\nBewahren Sie dieses Produkt von Dr. Candy an einem k\u00fchlen und dunklen Ort auf, z. B. in einem K\u00fcchenschrank, und halten Sie es au\u00dferhalb der Reichweite von Kindern.<\/p>\n<p><strong>Warnung:<\/strong><br \/>\nDieses Produkt ist nicht f\u00fcr schwangere Frauen und Kinder geeignet.<\/p>","protected":false},"excerpt":{"rendered":"<p>Die CBD Gummib\u00e4rchen Mix Bonbons sind aus der Bonbonkollektion von Dr. Candy und enthalten CBD. Genie\u00dfe die S\u00fc\u00dfe und profitiere von den vielen Vorteilen, die CBD f\u00fcr K\u00f6rper und Geist hat. Perfekt f\u00fcr zwischendurch oder einfach weil es lecker ist. Dr. Candy ist die Marke, wenn es um CBD-Bonbons geht, probieren Sie es jetzt.<\/p>","protected":false},"featured_media":58158,"template":"","meta":[],"product_brand":[],"product_cat":[839,297,847],"product_tag":[],"class_list":{"0":"post-60080","1":"product","2":"type-product","3":"status-publish","4":"has-post-thumbnail","6":"product_cat-dr-candy","7":"product_cat-all-products","8":"product_cat-edibles-2","10":"first","11":"instock","12":"taxable","13":"shipping-taxable","14":"purchasable","15":"product-type-variable","16":"has-default-attributes"},"_links":{"self":[{"href":"https:\/\/www.headshop.nl\/de\/wp-json\/wp\/v2\/product\/60080","targetHints":{"allow":["GET"]}}],"collection":[{"href":"https:\/\/www.headshop.nl\/de\/wp-json\/wp\/v2\/product"}],"about":[{"href":"https:\/\/www.headshop.nl\/de\/wp-json\/wp\/v2\/types\/product"}],"wp:featuredmedia":[{"embeddable":true,"href":"https:\/\/www.headshop.nl\/de\/wp-json\/wp\/v2\/media\/58158"}],"wp:attachment":[{"href":"https:\/\/www.headshop.nl\/de\/wp-json\/wp\/v2\/media?parent=60080"}],"wp:term":[{"taxonomy":"product_brand","embeddable":true,"href":"https:\/\/www.headshop.nl\/de\/wp-json\/wp\/v2\/product_brand?post=60080"},{"taxonomy":"product_cat","embeddable":true,"href":"https:\/\/www.headshop.nl\/de\/wp-json\/wp\/v2\/product_cat?post=60080"},{"taxonomy":"product_tag","embeddable":true,"href":"https:\/\/www.headshop.nl\/de\/wp-json\/wp\/v2\/product_tag?post=60080"}],"curies":[{"name":"wp","href":"https:\/\/api.w.org\/{rel}","templated":true}]}}