{"id":60076,"date":"2023-01-16T12:03:09","date_gmt":"2023-01-16T12:03:09","guid":{"rendered":"https:\/\/www.headshop.nl\/?post_type=product&#038;p=60076"},"modified":"2025-05-23T09:25:16","modified_gmt":"2025-05-23T09:25:16","slug":"cbd-love-gummies","status":"publish","type":"product","link":"https:\/\/www.headshop.nl\/de\/cbd-love-gummies\/","title":{"rendered":"CBD Liebesgummis"},"content":{"rendered":"<p><strong>CBD Love Gummies:<\/strong><\/p>\n<p>Mit diesen CBD Love Gummies heben Sie Ihre sexuelle Leistungsf\u00e4higkeit auf die n\u00e4chste Stufe. Die herzf\u00f6rmigen erotischen Aphrodisiaka sind f\u00fcr jeden geeignet. Entfachen Sie das innere Feuer wie nie zuvor und sorgen Sie f\u00fcr einen Abend voller Leidenschaft, den Sie nicht so schnell vergessen werden. Nehmen Sie 1 oder 2 Gummib\u00e4rchen und lassen Sie die Liebe, die Leidenschaft und die Lust den Rest erledigen. \u00dcberraschen Sie Ihren Partner und genie\u00dfen Sie!<\/p>\n<p>Die leckeren Love Gummies enthalten mehrere Wirkstoffe, darunter nicht weniger als 4 mg CBD. Sie enthalten auch Damiana (Turnera Diffusa) und Muira Puama (Ptychopetalum olacoides). Diese beiden legend\u00e4ren Kr\u00e4uter sind als starke Aphrodisiaka bekannt und werden als \"das Viagra des Amazonas\" bezeichnet. Dank des s\u00fc\u00dfen Erdbeergeschmacks werden Sie sich die Finger (oder die Ihres Partners) abschlecken!<\/p>\n<p><strong>Verwendung:<\/strong><br \/>\nCBD wirkt im K\u00f6rper, wenn ein Spiegel aufgebaut worden ist. Sie bauen diesen Spiegel auf, indem Sie jeden Tag Cannabidiol einnehmen. Wir empfehlen immer, in der ersten Woche mit einem oder mehreren Gummib\u00e4rchen pro Tag zu beginnen und die Menge nach Wunsch zu erh\u00f6hen. CBD hat viele positive Eigenschaften. Eine \u00dcberdosierung von CBD ist sehr unwahrscheinlich. Wir empfehlen jedoch nicht, mehr als 100 mg CBD pro Tag einzunehmen.<\/p>\n<p><strong>Hinweise zur Lagerung:<\/strong><br \/>\nBewahren Sie dieses Produkt von Dr. Candy an einem k\u00fchlen und dunklen Ort auf, z. B. in einem K\u00fcchenschrank, und halten Sie es au\u00dferhalb der Reichweite von Kindern.<\/p>\n<p><strong>Zutaten pro Gummib\u00e4rchen:<\/strong><br \/>\n4 mg CBD, 100 mg Damiana (Turnera Diffusa) und 100 mg Muira Puama (Ptychopetalum olacoides)<\/p>\n<p><strong>Warnung:<\/strong><br \/>\nDieses Produkt ist nicht f\u00fcr schwangere Frauen und Kinder geeignet.<\/p>","protected":false},"excerpt":{"rendered":"<p>Die CBD Love Gummies Bonbons sind aus der Bonbonkollektion von Dr. Candy und enthalten CBD. Genie\u00dfe die S\u00fc\u00dfe und profitiere von den vielen Vorteilen, die CBD f\u00fcr K\u00f6rper und Geist hat. Perfekt f\u00fcr zwischendurch oder einfach nur, weil es lecker ist. Dr. Candy ist die Marke, wenn es um CBD-Bonbons geht, probieren Sie es jetzt.<\/p>","protected":false},"featured_media":58154,"template":"","meta":[],"product_brand":[],"product_cat":[839,297,847],"product_tag":[],"class_list":{"0":"post-60076","1":"product","2":"type-product","3":"status-publish","4":"has-post-thumbnail","6":"product_cat-dr-candy","7":"product_cat-all-products","8":"product_cat-edibles-2","10":"first","11":"instock","12":"taxable","13":"shipping-taxable","14":"purchasable","15":"product-type-variable","16":"has-default-attributes"},"_links":{"self":[{"href":"https:\/\/www.headshop.nl\/de\/wp-json\/wp\/v2\/product\/60076","targetHints":{"allow":["GET"]}}],"collection":[{"href":"https:\/\/www.headshop.nl\/de\/wp-json\/wp\/v2\/product"}],"about":[{"href":"https:\/\/www.headshop.nl\/de\/wp-json\/wp\/v2\/types\/product"}],"wp:featuredmedia":[{"embeddable":true,"href":"https:\/\/www.headshop.nl\/de\/wp-json\/wp\/v2\/media\/58154"}],"wp:attachment":[{"href":"https:\/\/www.headshop.nl\/de\/wp-json\/wp\/v2\/media?parent=60076"}],"wp:term":[{"taxonomy":"product_brand","embeddable":true,"href":"https:\/\/www.headshop.nl\/de\/wp-json\/wp\/v2\/product_brand?post=60076"},{"taxonomy":"product_cat","embeddable":true,"href":"https:\/\/www.headshop.nl\/de\/wp-json\/wp\/v2\/product_cat?post=60076"},{"taxonomy":"product_tag","embeddable":true,"href":"https:\/\/www.headshop.nl\/de\/wp-json\/wp\/v2\/product_tag?post=60076"}],"curies":[{"name":"wp","href":"https:\/\/api.w.org\/{rel}","templated":true}]}}