{"id":60074,"date":"2023-01-16T12:02:52","date_gmt":"2023-01-16T12:02:52","guid":{"rendered":"https:\/\/www.headshop.nl\/?post_type=product&#038;p=60074"},"modified":"2025-05-23T09:25:22","modified_gmt":"2025-05-23T09:25:22","slug":"cbd-lollys-cannabis","status":"publish","type":"product","link":"https:\/\/www.headshop.nl\/de\/cbd-lollys-cannabis\/","title":{"rendered":"CBD Lolly's Cannabis"},"content":{"rendered":"<p><strong>CBD Lollipop Cannabis:<\/strong><br \/>\nDer CBD-Lollypop Cannabis von Dr. Candy ist eine s\u00fc\u00dfe Leckerei mit einem einzigartigen Twist! Cannabidiol oder CBD ist ein Stoff, der in der Hanfpflanze vorkommt. Diese Substanz enth\u00e4lt viele positive Eigenschaften. CBD ist nicht die Substanz, die dich high oder stoned macht. Nach dem Rauchen eines Joints kann der CBD Lollypop jedoch das High-Gef\u00fchl verst\u00e4rken. Das liegt daran, dass neben CBD auch andere pflanzenspezifische Stoffe enthalten sind, wie z. B. CBN. Cannabinol (CBN) wirkt als starkes Beruhigungsmittel. Die Mengen in diesem Lutscher reichen bei weitem nicht aus, um etwas davon zu sp\u00fcren, es sei denn, man kombiniert ihn mit THC. Die Verschmelzung dieser beiden Substanzen kann eine starke Wirkung haben. CBD-Bonbons werden wegen ihres Geschmacks und ihrer einzigartigen Wirkung verwendet. Der Geschmack eines CBD-\u00d6l-Tropfens ist stark und wird manchmal als unangenehm empfunden, Bonbons k\u00f6nnen die L\u00f6sung sein!<\/p>\n<p>Die Cannabis CBD Lollypops von Dr. Candy enthalten nicht weniger als 10 mg. CBD. Nat\u00fcrlich bieten wir diese Lollypops in verschiedenen Geschmacksrichtungen wie Cola, Apfel, Ananas, Orange, Pina Colada und Cannabis an. Es ist also f\u00fcr jeden etwas dabei.<\/p>\n<p>Die Lollypops von Dr. Candy enthalten keinen Zucker und sind daher auch f\u00fcr eine zuckerfreie Ern\u00e4hrung geeignet. Der gew\u00e4hlte S\u00fc\u00dfstoff ist Isomalt. M\u00f6chten Sie CBD konsumieren, sind aber den unangenehmen Geschmack von CBD-Tropfen leid? Dann bestellen Sie schnell diese leckeren Lutscher von Dr.Candy!<\/p>\n<p><strong>Verwendung:<\/strong><br \/>\nCBD wirkt im K\u00f6rper, wenn ein Spiegel vorhanden ist. Wir empfehlen immer, in der ersten Woche mit maximal 1 oder 2 CBD-Lutschern pro Tag zu beginnen. Indem Sie jeden Tag einen Lutscher konsumieren, bauen Sie einen CBD-Spiegel im Blut auf. CBD hat starke Eigenschaften. Eine \u00dcberdosierung von CBD ist sehr unwahrscheinlich. Wir empfehlen jedoch, nicht mehr als 100 mg CBD pro Tag einzunehmen.<\/p>\n<p><strong>Zutaten:<\/strong><br \/>\nCBD, Isomalt (E953), Nat\u00fcrlicher Farbstoff<\/p>\n<p><strong>Hinweise zur Lagerung:<\/strong><br \/>\nBewahren Sie dieses Produkt von Dr. Candy an einem k\u00fchlen und dunklen Ort auf, z. B. in einem K\u00fcchenschrank, und halten Sie es au\u00dferhalb der Reichweite von Kindern.<\/p>\n<p><strong>Warnung:<\/strong><br \/>\nDieses Produkt ist nicht f\u00fcr schwangere Frauen und Kinder geeignet.<\/p>","protected":false},"excerpt":{"rendered":"<p>Die CBD Lolly's Cannabis Bonbons sind aus der Bonbonkollektion von Dr. Candy und enthalten CBD. Genie\u00dfe die S\u00fc\u00dfe und profitiere von den vielen Vorteilen, die CBD f\u00fcr K\u00f6rper und Geist hat. Perfekt f\u00fcr zwischendurch oder einfach nur, weil es lecker ist. Dr. Candy ist die Marke, wenn es um CBD-Bonbons geht, probieren Sie es jetzt.<\/p>","protected":false},"featured_media":58164,"template":"","meta":[],"product_brand":[],"product_cat":[839,297,847],"product_tag":[],"class_list":{"0":"post-60074","1":"product","2":"type-product","3":"status-publish","4":"has-post-thumbnail","6":"product_cat-dr-candy","7":"product_cat-all-products","8":"product_cat-edibles-2","10":"first","11":"instock","12":"taxable","13":"shipping-taxable","14":"purchasable","15":"product-type-variable","16":"has-default-attributes"},"_links":{"self":[{"href":"https:\/\/www.headshop.nl\/de\/wp-json\/wp\/v2\/product\/60074","targetHints":{"allow":["GET"]}}],"collection":[{"href":"https:\/\/www.headshop.nl\/de\/wp-json\/wp\/v2\/product"}],"about":[{"href":"https:\/\/www.headshop.nl\/de\/wp-json\/wp\/v2\/types\/product"}],"wp:featuredmedia":[{"embeddable":true,"href":"https:\/\/www.headshop.nl\/de\/wp-json\/wp\/v2\/media\/58164"}],"wp:attachment":[{"href":"https:\/\/www.headshop.nl\/de\/wp-json\/wp\/v2\/media?parent=60074"}],"wp:term":[{"taxonomy":"product_brand","embeddable":true,"href":"https:\/\/www.headshop.nl\/de\/wp-json\/wp\/v2\/product_brand?post=60074"},{"taxonomy":"product_cat","embeddable":true,"href":"https:\/\/www.headshop.nl\/de\/wp-json\/wp\/v2\/product_cat?post=60074"},{"taxonomy":"product_tag","embeddable":true,"href":"https:\/\/www.headshop.nl\/de\/wp-json\/wp\/v2\/product_tag?post=60074"}],"curies":[{"name":"wp","href":"https:\/\/api.w.org\/{rel}","templated":true}]}}