{"id":47811,"date":"2022-09-13T11:18:15","date_gmt":"2022-09-13T11:18:15","guid":{"rendered":"https:\/\/www.headshop.nl\/?post_type=product&#038;p=47811"},"modified":"2025-10-31T08:52:52","modified_gmt":"2025-10-31T08:52:52","slug":"brain-booster-capsules","status":"publish","type":"product","link":"https:\/\/www.headshop.nl\/de\/brain-booster-capsules\/","title":{"rendered":"Brain Booster-Kapseln"},"content":{"rendered":"<h2>Was ist Brain Booster?<\/h2>\n<p>Brain Booster ist ein speziell formuliertes Nahrungserg\u00e4nzungsmittel zur Verbesserung der kognitiven Funktion und zur Unterst\u00fctzung der allgemeinen Gesundheit des Gehirns. Sein Hauptbestandteil, der Pilz Lion\u2019s Mane, ist f\u00fcr seine neuroprotektiven Eigenschaften und seine F\u00e4higkeit, das Nervenwachstum zu stimulieren, bekannt. Diese nat\u00fcrliche Verbindung, die traditionell zur Verbesserung des Ged\u00e4chtnisses, der Konzentration und der geistigen Klarheit verwendet wird, ist ein starker Verb\u00fcndeter f\u00fcr die Gesundheit des Gehirns.<\/p>\n<p>Zus\u00e4tzlich zu Lion\u2019s Mane enth\u00e4lt Brain Booster wichtige N\u00e4hrstoffe wie Zink und Vitamin C, die beide eine wichtige Rolle f\u00fcr die Gehirnfunktion spielen. Zink unterst\u00fctzt die Aktivit\u00e4t der Neurotransmitter, w\u00e4hrend Vitamin C hilft, oxidativen Stress zu reduzieren. Mit einer sorgf\u00e4ltig zusammengestellten Mischung von Inhaltsstoffen bietet Brain Booster eine wirksame, nat\u00fcrliche Methode zur Erhaltung der geistigen Sch\u00e4rfe.<\/p>\n<h2>Geschichte des Brain Booster<\/h2>\n<p>Die Entwicklung von Brain Booster ist inspiriert von der langj\u00e4hrigen Verwendung von Heilpilzen in der traditionellen Medizin. Lion\u2019s Mane, der Hauptinhaltsstoff, wird in \u00f6stlichen Kulturen seit Jahrhunderten wegen seiner kognitionsf\u00f6rdernden Wirkung verwendet. Buddhistische M\u00f6nche waren daf\u00fcr bekannt, Lion\u2019s Mane-Tee zu trinken, um sich w\u00e4hrend der Meditation besser konzentrieren zu k\u00f6nnen und geistig klarer zu werden.<\/p>\n<p>Die moderne wissenschaftliche Forschung hat diese traditionelle Verwendung best\u00e4tigt und gezeigt, dass Lion\u2019s Mane die Produktion des Nervenwachstumsfaktors (NGF) stimuliert, der eine wichtige Rolle f\u00fcr die Gehirnfunktion spielt. Diese Entdeckung hat dazu gef\u00fchrt, dass er in moderne Nahrungserg\u00e4nzungsmittel wie Brain Booster integriert wurde. Durch die Kombination von altem Wissen und moderner Wissenschaft bietet Brain Booster eine nat\u00fcrliche L\u00f6sung zur Unterst\u00fctzung der kognitiven F\u00e4higkeiten.<\/p>\n<h2>So verwenden Sie Brain Booster<\/h2>\n<p>F\u00fcr optimale Ergebnisse, nehmen Sie Brain Booster zweimal t\u00e4glich. Die empfohlene Dosierung ist eine Kapsel mit Wasser w\u00e4hrend einer Mahlzeit, um die N\u00e4hrstoffaufnahme zu maximieren. Eine regelm\u00e4\u00dfige und konsequente Einnahme unterst\u00fctzt die langfristige kognitive Funktion und geistige Klarheit.<\/p>\n<p>Brain Booster l\u00e4sst sich leicht in jede t\u00e4gliche Routine einbauen und ist ideal f\u00fcr Personen, die ihre Konzentration, ihr Ged\u00e4chtnis und ihre allgemeine Gehirnleistung verbessern wollen. Es kann auch zusammen mit Mikrodosierungsverfahren f\u00fcr einen zus\u00e4tzlichen kognitiven Schub verwendet werden. Als veganes Nahrungserg\u00e4nzungsmittel ist Brain Booster f\u00fcr ein breites Spektrum von Anwendern zug\u00e4nglich, die eine nat\u00fcrliche und wirksame Unterst\u00fctzung des Gehirns suchen.<\/p>\n<h2>Inhaltsstoffe von Brain Booster<\/h2>\n<p>Brain Booster enth\u00e4lt eine wirksame Mischung nat\u00fcrlicher Inhaltsstoffe, von denen jeder f\u00fcr seine kognitiven Vorteile sorgf\u00e4ltig ausgew\u00e4hlt wurde. Jede pflanzliche Kapsel enth\u00e4lt:<\/p>\n<ul>\n<li><strong>184 mg Organisch Lion\u2019s Mane (Hericium erinaceus) Extract<\/strong> - Vollspektrumextrakt aus 100% Fruchtk\u00f6rper, mit 30% Polysacchariden und Beta-Glucanen.<\/li>\n<li><strong>46 mg Vitamin C<\/strong> - Unterst\u00fctzt die kognitive Funktion und hilft, oxidativen Stress zu reduzieren.<\/li>\n<li><strong>23 mg Alanin, 23 mg Cholin, 23 mg GABA, 23 mg L-Glutamin, 27 mg L-Histidin, 23 mg L-Theanin<\/strong> - Essentielle Aminos\u00e4uren f\u00fcr die Funktion der Neurotransmitter.<\/li>\n<li><strong>11 mg Magnesium<\/strong> - Unterst\u00fctzt die Nervenfunktion und reduziert Gehirnnebel.<\/li>\n<li><strong>23 mg Panax Ginseng<\/strong> - Bekannt f\u00fcr seine kognitionsf\u00f6rdernden Eigenschaften.<\/li>\n<li><strong>4,6 mg Zink<\/strong> - Wesentlich f\u00fcr die Gehirnfunktion und die Neurotransmission.<\/li>\n<li><strong>5,8 mg Vitamin B-Komplex (B1, B2, B6, B8, B11, B12)<\/strong> - F\u00f6rdert die allgemeine Gesundheit des Gehirns und das Energieniveau.<\/li>\n<li><strong>1,2 mg Vitamin K<\/strong> - Tr\u00e4gt zur kognitiven Funktion und zum Schutz des Gehirns bei.<\/li>\n<\/ul>\n<p>Weitere Hilfsstoffe sind Magnesiumcitrat und Siliziumdioxid, die f\u00fcr Stabilit\u00e4t und eine bessere Aufnahme der Wirkstoffe sorgen.<\/p>\n<p><strong>Warnung<\/strong><\/p>\n<p>Brain Booster ist ein Nahrungserg\u00e4nzungsmittel und sollte als solches verwendet werden. Die empfohlene Tagesdosis darf nicht \u00fcberschritten werden. Au\u00dferhalb der Reichweite von Kindern aufbewahren. Konsultieren Sie vor der Einnahme Ihren Arzt, insbesondere wenn Sie schwanger sind, stillen oder andere gesundheitliche Bedenken haben.<\/p>","protected":false},"excerpt":{"rendered":"<p>McMyco Brain Booster enth\u00e4lt eine einzigartige Gehirnformel. Der Hauptbestandteil ist der Lion\u2019s Mane-Pilz, der auch als N\u00e4hrstoff der Natur f\u00fcr die Neuronen bekannt ist. Neuronen sind Nervenzellen und damit Bausteine des Gehirns. Diese Gehirnkapseln sind auch mit anderen wirksamen nat\u00fcrlichen Substanzen angereichert, darunter Zink und Vitamin C. Beide Substanzen sind gut f\u00fcr das Ged\u00e4chtnis und sorgen f\u00fcr zus\u00e4tzliche Wirksamkeit.<\/p>","protected":false},"featured_media":87977,"template":"","meta":[],"product_brand":[],"product_cat":[813,297,461,455,630,404,462,398,399,384,458,456],"product_tag":[978],"class_list":{"0":"post-47811","1":"product","2":"type-product","3":"status-publish","4":"has-post-thumbnail","6":"product_cat-mcmyco","7":"product_cat-all-products","8":"product_cat-detox","9":"product_cat-healthshop","10":"product_cat-healthshop-top-10","11":"product_cat-medicinal-mushrooms-supplements","12":"product_cat-medicinal-mushrooms-healthshop","13":"product_cat-mushrooms","14":"product_cat-shroomshop","15":"product_cat-smartshop","16":"product_cat-superfoods","17":"product_cat-supplements","18":"product_tag-shrdeal","19":"product_shipping_class-creditcard-on","21":"first","22":"instock","23":"taxable","24":"shipping-taxable","25":"purchasable","26":"product-type-variable","27":"has-default-attributes"},"_links":{"self":[{"href":"https:\/\/www.headshop.nl\/de\/wp-json\/wp\/v2\/product\/47811","targetHints":{"allow":["GET"]}}],"collection":[{"href":"https:\/\/www.headshop.nl\/de\/wp-json\/wp\/v2\/product"}],"about":[{"href":"https:\/\/www.headshop.nl\/de\/wp-json\/wp\/v2\/types\/product"}],"wp:featuredmedia":[{"embeddable":true,"href":"https:\/\/www.headshop.nl\/de\/wp-json\/wp\/v2\/media\/87977"}],"wp:attachment":[{"href":"https:\/\/www.headshop.nl\/de\/wp-json\/wp\/v2\/media?parent=47811"}],"wp:term":[{"taxonomy":"product_brand","embeddable":true,"href":"https:\/\/www.headshop.nl\/de\/wp-json\/wp\/v2\/product_brand?post=47811"},{"taxonomy":"product_cat","embeddable":true,"href":"https:\/\/www.headshop.nl\/de\/wp-json\/wp\/v2\/product_cat?post=47811"},{"taxonomy":"product_tag","embeddable":true,"href":"https:\/\/www.headshop.nl\/de\/wp-json\/wp\/v2\/product_tag?post=47811"}],"curies":[{"name":"wp","href":"https:\/\/api.w.org\/{rel}","templated":true}]}}