{"id":46109,"date":"2022-07-04T10:45:41","date_gmt":"2022-07-04T10:45:41","guid":{"rendered":"https:\/\/www.headshop.nl\/?post_type=product&#038;p=46109"},"modified":"2025-05-23T09:28:39","modified_gmt":"2025-05-23T09:28:39","slug":"cola-nut-capsules","status":"publish","type":"product","link":"https:\/\/www.headshop.nl\/de\/cola-nut-capsules\/","title":{"rendered":"Cola Nut Capsules"},"content":{"rendered":"<h2>Was sind Cola Nut und Capsules?<\/h2>\n<p>Cola Nut Capsules sind ein <strong>nat\u00fcrliche Energieerg\u00e4nzung<\/strong> hergestellt aus den Samen der <strong>Cola Nitida<\/strong> Pflanze, auch bekannt als Kolanoot. Dieser tropische Baum, der mit dem Kakao verwandt ist, w\u00e4chst bis zu <strong>20 Meter hoch<\/strong> in den Regenw\u00e4ldern Afrikas. Die Samen sind von Natur aus reich an <strong>Koffein<\/strong>und bietet die anregende Wirkung der Cola Nut-Kapseln. \u00c4hnlich wie Kaffee, diese <strong>nat\u00fcrliches Stimulans<\/strong> hilft <strong>Bek\u00e4mpfung von M\u00fcdigkeit, Verbesserung der Konzentration und Steigerung der geistigen Wachheit<\/strong>.<\/p>\n<p>Jede Kapsel liefert ein <strong>kontrolliert und bequem<\/strong> Dosis von Cola Nut und bietet eine <strong>sauberer, nat\u00fcrlicher Energieschub<\/strong> ohne den Zuckerzusatz, der in vielen Energydrinks enthalten ist. Die Vorteile von Cola Nut sind <strong>erh\u00f6hte Ausdauer, sch\u00e4rfere Konzentration und geringere M\u00fcdigkeit<\/strong>und ist damit eine hervorragende Erg\u00e4nzung zu Ihrem <strong>t\u00e4gliche Wellness-Routine<\/strong>.<\/p>\n<h2>Geschichte von Cola Nut<\/h2>\n<p>Cola Nut war ein <strong>kulturelles und medizinisches Grundnahrungsmittel<\/strong> in Afrika seit Jahrhunderten. Traditionell haben die afrikanischen St\u00e4mme <strong>die Samen gekaut hat<\/strong> zur Aufrechterhaltung der Energie w\u00e4hrend <strong>lange Fahrten oder k\u00f6rperlich anstrengende Aufgaben<\/strong>. Es wurde f\u00fcr seine F\u00e4higkeit gesch\u00e4tzt <strong>Steigerung der Ausdauer, Verbesserung der Konzentration und Verringerung der M\u00fcdigkeit<\/strong>.<\/p>\n<p>Cola Nut erlangte weltweite Anerkennung, als es zu einem <strong>Hauptbestandteil der urspr\u00fcnglichen Coca-Cola-Formel<\/strong>und tr\u00e4gt dazu bei, dass das Getr\u00e4nk <strong>nat\u00fcrlicher Koffeingehalt<\/strong>. Obwohl moderne Limonaden heute synthetisches Koffein verwenden, ist Cola Nut nach wie vor ein beliebter Inhaltsstoff in <strong>pflanzliche Nahrungserg\u00e4nzungsmittel und energief\u00f6rdernde Produkte<\/strong>. Seine nat\u00fcrliche F\u00e4higkeit zu <strong>stimulieren und verbessern die Konzentration<\/strong> macht sie weiterhin zu einer begehrten Alternative zu k\u00fcnstlichen Energiequellen.<\/p>\n<h2>Verwendung von Cola Nut Capsules<\/h2>\n<p>F\u00fcr beste Ergebnisse, <strong>zwei Kapseln mit einem Glas Wasser einnehmen<\/strong> einmal am Tag. Um Schlafst\u00f6rungen zu vermeiden, empfiehlt es sich <strong>Cola Nut-Kapseln am Morgen oder am fr\u00fchen Nachmittag einnehmen<\/strong> aufgrund ihrer <strong>hoher Koffeingehalt<\/strong>. Diese kontrollierte Dosierung gew\u00e4hrleistet eine <strong>stetige Freisetzung von Energie<\/strong> ohne \u00fcberm\u00e4\u00dfigen Koffeinkonsum.<\/p>\n<p>Wenn Sie Cola Nut zum ersten Mal anwenden oder empfindlich auf Koffein reagieren, sollten Sie Folgendes beachten <strong>mit einer niedrigeren Dosis beginnen<\/strong> um die Reaktion Ihres K\u00f6rpers abzusch\u00e4tzen. Wie jede Erg\u00e4nzung, <strong>konsequente Anwendung<\/strong> ist der Schl\u00fcssel zur vollen Nutzung der Vorteile, einschlie\u00dflich <strong>verbesserte Konzentration, anhaltende Energie und geistige Klarheit w\u00e4hrend des ganzen Tages<\/strong>.<\/p>\n<p>Neben der Steigerung der Energie kann Cola Nut auch Folgendes unterst\u00fctzen <strong>Gewichtsmanagement<\/strong>. Sein Koffeingehalt kann helfen <strong>den Stoffwechsel zu steigern und den Appetit zu unterdr\u00fccken<\/strong>und ist damit eine n\u00fctzliche Erg\u00e4nzung zu einer <strong>ausgewogene Ern\u00e4hrung und aktiver Lebensstil<\/strong>.<\/p>\n<h2>Inhaltsstoffe von Cola Nut Capsules<\/h2>\n<p>Jede <strong>Indian Elements Cola Nut Kapsel<\/strong> enth\u00e4lt einen einzigen, wirksamen Inhaltsstoff: <strong>Cola Nitida<\/strong>. Dieser nat\u00fcrliche Inhaltsstoff stammt aus den Samen der <strong>Cola-Nitida-Anlage<\/strong>, heimisch in <strong>tropisches Afrika<\/strong>. Die Samen sind reich an <strong>Koffein<\/strong>das ist die <strong>prim\u00e4rer Wirkstoff<\/strong> verantwortlich f\u00fcr Cola Nut's <strong>stimulierende Effekte<\/strong>.<\/p>\n<p>Koffein wirkt durch <strong>Stimulierung des zentralen Nervensystems<\/strong>und hilft dabei <strong>erh\u00f6ht die Wachsamkeit, verbessert die Konzentration und bek\u00e4mpft M\u00fcdigkeit<\/strong>. Zus\u00e4tzlich enth\u00e4lt Cola Nut <strong>andere n\u00fctzliche Verbindungen<\/strong> die Folgendes unterst\u00fctzen k\u00f6nnen <strong>Energieniveau und Stoffwechsel<\/strong>. Dies macht es zu einem <strong>nat\u00fcrliche und wirksame Alternative<\/strong> auf synthetische Stimulanzien, die in kommerziellen Energydrinks enthalten sind.<\/p>\n<p>Indian Elements Cola Nut Capsules sind <strong>100% nat\u00fcrlich, vegan und frei von k\u00fcnstlichen Zusatzstoffen oder Konservierungsmitteln<\/strong>und stellen sicher, dass Sie eine <strong>reines, hochwertiges Produkt<\/strong> die eine <strong>sauberer und gesunder Lebensstil<\/strong>.<\/p>\n<p><strong>Warnung<\/strong><\/p>\n<ul>\n<li><strong>Nur f\u00fcr Erwachsene ab 18 Jahren.<\/strong><\/li>\n<li><strong>Au\u00dferhalb der Reichweite von Kindern aufbewahren.<\/strong><\/li>\n<li>Verwenden Sie Cola Nut nicht in Kombination mit <strong>MAO-Hemmer<\/strong>.<\/li>\n<li>Nicht empfohlen f\u00fcr Personen mit <strong>Nieren- oder Herzerkrankungen, hoher oder niedriger Blutdruck oder Diabetes<\/strong>.<\/li>\n<li>Vermeiden Sie den Gebrauch unter dem Einfluss von <strong>Medikamente, Drogen oder Alkohol<\/strong>.<\/li>\n<li>Konsultieren Sie immer einen <strong>Gesundheitsdienstleister<\/strong> bevor Sie eine neue Erg\u00e4nzung einnehmen.<\/li>\n<li>Dieses Produkt ist ein <strong>Nahrungserg\u00e4nzungsmittel<\/strong> und sollte als Teil einer <strong>ausgewogene Ern\u00e4hrung<\/strong>.<\/li>\n<li><strong>Nicht verwenden, wenn das Siegel gebrochen ist.<\/strong><\/li>\n<\/ul>","protected":false},"excerpt":{"rendered":"<p>Die Cola Nut-Kapseln von Indian Elements geben Ihnen einen nat\u00fcrlichen Energieschub. Dieser Effekt wird durch das in diesem Kraut enthaltene Koffein erzeugt. Das Pr\u00e4parat kann unter anderem die Konzentration verbessern und M\u00fcdigkeit bek\u00e4mpfen. Arbeiten Sie am Abnehmen? Auch hier kann Cola Nut auf verschiedene Weise Unterst\u00fctzung bieten. Das Abnehmen kann etwas schneller vonstatten gehen und es wird auch leichter sein, das Gewicht zu halten.<\/p>","protected":false},"featured_media":82097,"template":"","meta":[],"product_brand":[],"product_cat":[814,297,455,389,457,407,384,463,456],"product_tag":[],"class_list":{"0":"post-46109","1":"product","2":"type-product","3":"status-publish","4":"has-post-thumbnail","6":"product_cat-indian-elements","7":"product_cat-all-products","8":"product_cat-healthshop","9":"product_cat-herbs","10":"product_cat-herbs-healthshop","11":"product_cat-medicinal-herbs","12":"product_cat-smartshop","13":"product_cat-sport","14":"product_cat-supplements","16":"first","17":"instock","18":"taxable","19":"shipping-taxable","20":"purchasable","21":"product-type-variable","22":"has-default-attributes"},"_links":{"self":[{"href":"https:\/\/www.headshop.nl\/de\/wp-json\/wp\/v2\/product\/46109","targetHints":{"allow":["GET"]}}],"collection":[{"href":"https:\/\/www.headshop.nl\/de\/wp-json\/wp\/v2\/product"}],"about":[{"href":"https:\/\/www.headshop.nl\/de\/wp-json\/wp\/v2\/types\/product"}],"wp:featuredmedia":[{"embeddable":true,"href":"https:\/\/www.headshop.nl\/de\/wp-json\/wp\/v2\/media\/82097"}],"wp:attachment":[{"href":"https:\/\/www.headshop.nl\/de\/wp-json\/wp\/v2\/media?parent=46109"}],"wp:term":[{"taxonomy":"product_brand","embeddable":true,"href":"https:\/\/www.headshop.nl\/de\/wp-json\/wp\/v2\/product_brand?post=46109"},{"taxonomy":"product_cat","embeddable":true,"href":"https:\/\/www.headshop.nl\/de\/wp-json\/wp\/v2\/product_cat?post=46109"},{"taxonomy":"product_tag","embeddable":true,"href":"https:\/\/www.headshop.nl\/de\/wp-json\/wp\/v2\/product_tag?post=46109"}],"curies":[{"name":"wp","href":"https:\/\/api.w.org\/{rel}","templated":true}]}}