{"id":46005,"date":"2022-07-04T10:15:52","date_gmt":"2022-07-04T10:15:52","guid":{"rendered":"https:\/\/www.headshop.nl\/?post_type=product&#038;p=46005"},"modified":"2025-06-06T06:25:25","modified_gmt":"2025-06-06T06:25:25","slug":"mitragyna-hirsuta","status":"publish","type":"product","link":"https:\/\/www.headshop.nl\/de\/mitragyna-hirsuta\/","title":{"rendered":"Mitragyna Hirsuta"},"content":{"rendered":"<h2 data-pm-slice=\"1 1 []\">Was ist Mitragyna Hirsuta?<\/h2>\n<p>Mitragyna Hirsuta ist eine in S\u00fcdostasien beheimatete Pflanze, die haupts\u00e4chlich in Thailand, Kambodscha und Vietnam gedeiht. Sie geh\u00f6rt zur gleichen botanischen Familie wie Kratom (Mitragyna Speciosa), hat aber ein anderes chemisches Profil. Dieses Kraut wird traditionell wegen seiner milden, anregenden und beruhigenden Wirkung verwendet, was es zu einer bevorzugten Option f\u00fcr diejenigen macht, die eine ausgewogene, nat\u00fcrliche Erfahrung suchen.<\/p>\n<p>Mitragyna Hirsuta enth\u00e4lt aktive Alkaloide, die mit den Rezeptoren des K\u00f6rpers interagieren und ein beruhigendes Gef\u00fchl vermitteln, ohne die Sinne zu \u00fcberw\u00e4ltigen. Aufgrund dieser Eigenschaften hat es als nat\u00fcrliche Wellness-Erg\u00e4nzung gro\u00dfe Aufmerksamkeit erlangt.<\/p>\n<div><\/div>\n<h2>Geschichte von Mitragyna Hirsuta<\/h2>\n<p>Mitragyna Hirsuta ist in S\u00fcdostasien seit Jahrhunderten ein fester Bestandteil der traditionellen Medizin. \u00d6rtliche Gemeinschaften brauten es oft zu Tee auf oder kauten die Bl\u00e4tter, um seine entspannende und energiespendende Wirkung zu erfahren. In Thailand, wo Kratom starken Beschr\u00e4nkungen unterliegt, wurde Mitragyna Hirsuta dank seiner \u00e4hnlichen, aber sanfteren Wirkung zu einer beliebten Alternative.<\/p>\n<p>Als sich sein Ruf verbreitete, entdeckten Pflanzenliebhaber au\u00dferhalb Asiens seine potenziellen Vorteile. Heute wird Mitragyna Hirsuta weltweit als nat\u00fcrliches Erg\u00e4nzungsmittel f\u00fcr diejenigen gesch\u00e4tzt, die einen moderaten Energieschub und Entspannung ohne \u00fcberm\u00e4\u00dfige Stimulation suchen.<\/p>\n<div><\/div>\n<h2>So verwenden Sie Mitragyna Hirsuta<\/h2>\n<p>Mitragyna Hirsuta kann auf verschiedene Arten konsumiert werden, je nach den individuellen Vorlieben. Eine der gebr\u00e4uchlichsten Methoden ist das Aufbr\u00fchen zu einem Tee, indem 20 Gramm des getrockneten Krauts 10-15 Minuten lang in hei\u00dfem Wasser ziehen gelassen werden. Dies sorgt f\u00fcr einen angenehmen, milden Kr\u00e4utergeschmack. Manche Menschen mischen es in S\u00e4fte oder Smoothies, um seinen erdigen Geschmack zu \u00fcberdecken.<\/p>\n<p>Alternativ k\u00f6nnen die getrockneten Bl\u00e4tter gekaut oder das Kraut in Pulverform eingenommen werden. Da Mitragyna Hirsuta eine milde Wirkung hat, kann es tags\u00fcber eingenommen werden, ohne dass es zu \u00fcberm\u00e4\u00dfiger Schl\u00e4frigkeit f\u00fchrt, was es ideal f\u00fcr Entspannung und Konzentration macht.<\/p>\n<div><\/div>\n<h2>Inhaltsstoffe von Mitragyna Hirsuta<\/h2>\n<p>Dieses Produkt besteht aus einem einzigen reinen Inhaltsstoff: Mitragyna Hirsuta (Kra Thum Khok). Es ist 100% vegan, frei von k\u00fcnstlichen Zusatzstoffen und stammt aus nat\u00fcrlichen Quellen.<\/p>\n<p>Indian Elements ist bestrebt, hochwertige pflanzliche Produkte zu liefern, die in jeder Packung Reinheit und Potenz gew\u00e4hrleisten. Seine v\u00f6llig nat\u00fcrliche Zusammensetzung macht Mitragyna Hirsuta zu einer ausgezeichneten Wahl f\u00fcr diejenigen, die saubere, pflanzliche Nahrungserg\u00e4nzungsmittel bevorzugen.<\/p>\n<div><\/div>\n<p><strong>Warnung:<\/strong><br \/>\nDieses Produkt ist f\u00fcr Erwachsene (18+) bestimmt. Au\u00dferhalb der Reichweite von Kindern aufbewahren. Verwenden Sie Mitragyna Hirsuta nicht in Kombination mit MAO-Hemmern. Es ist nicht geeignet f\u00fcr Personen mit Nieren- oder Herzerkrankungen, hohem oder niedrigem Blutdruck, Diabetes oder Personen, die unter dem Einfluss von Medikamenten, Drogen oder Alkohol stehen. Dies ist ein Nahrungserg\u00e4nzungsmittel und sollte als solches verwendet werden. Nicht kaufen oder konsumieren, wenn das Siegel gebrochen ist.<\/p>\n<p>Bewahren Sie es an einem k\u00fchlen, trockenen Ort und vor direkter Sonneneinstrahlung gesch\u00fctzt auf, um seine Frische und Wirksamkeit zu erhalten.<\/p>","protected":false},"excerpt":{"rendered":"<p data-pm-slice=\"1 1 []\">Mitragyna Hirsuta, auch bekannt als Kra Thum Khok, ist ein nat\u00fcrliches pflanzliches Erg\u00e4nzungsmittel, das f\u00fcr seine doppelte stimulierende und beruhigende Wirkung gesch\u00e4tzt wird. Dieses vielseitige Kraut wird von all jenen gesch\u00e4tzt, die Entspannung und einen Energieschub auf nat\u00fcrliche Art und Weise suchen.<\/p>","protected":false},"featured_media":82109,"template":"","meta":[],"product_brand":[],"product_cat":[814,297,391,455,389,457,407,406,396,405,384],"product_tag":[],"class_list":{"0":"post-46005","1":"product","2":"type-product","3":"status-publish","4":"has-post-thumbnail","6":"product_cat-indian-elements","7":"product_cat-all-products","8":"product_cat-extracts","9":"product_cat-healthshop","10":"product_cat-herbs","11":"product_cat-herbs-healthshop","12":"product_cat-medicinal-herbs","13":"product_cat-psychedelic-herbs","14":"product_cat-relax","15":"product_cat-relax-herbs","16":"product_cat-smartshop","17":"product_shipping_class-not-allowed-group-1","19":"first","20":"instock","21":"taxable","22":"shipping-taxable","23":"purchasable","24":"product-type-variable","25":"has-default-attributes"},"_links":{"self":[{"href":"https:\/\/www.headshop.nl\/de\/wp-json\/wp\/v2\/product\/46005","targetHints":{"allow":["GET"]}}],"collection":[{"href":"https:\/\/www.headshop.nl\/de\/wp-json\/wp\/v2\/product"}],"about":[{"href":"https:\/\/www.headshop.nl\/de\/wp-json\/wp\/v2\/types\/product"}],"wp:featuredmedia":[{"embeddable":true,"href":"https:\/\/www.headshop.nl\/de\/wp-json\/wp\/v2\/media\/82109"}],"wp:attachment":[{"href":"https:\/\/www.headshop.nl\/de\/wp-json\/wp\/v2\/media?parent=46005"}],"wp:term":[{"taxonomy":"product_brand","embeddable":true,"href":"https:\/\/www.headshop.nl\/de\/wp-json\/wp\/v2\/product_brand?post=46005"},{"taxonomy":"product_cat","embeddable":true,"href":"https:\/\/www.headshop.nl\/de\/wp-json\/wp\/v2\/product_cat?post=46005"},{"taxonomy":"product_tag","embeddable":true,"href":"https:\/\/www.headshop.nl\/de\/wp-json\/wp\/v2\/product_tag?post=46005"}],"curies":[{"name":"wp","href":"https:\/\/api.w.org\/{rel}","templated":true}]}}