{"id":45877,"date":"2022-07-04T08:53:47","date_gmt":"2022-07-04T08:53:47","guid":{"rendered":"https:\/\/www.headshop.nl\/?post_type=product&#038;p=45877"},"modified":"2025-05-23T09:35:23","modified_gmt":"2025-05-23T09:35:23","slug":"zink","status":"publish","type":"product","link":"https:\/\/www.headshop.nl\/de\/zink\/","title":{"rendered":"Zink"},"content":{"rendered":"<h2 data-pm-slice=\"1 1 []\">Was ist der Fit4Seasons-Zinkkomplex?<\/h2>\n<p>Fit4Seasons Zinkkomplex ist ein hochwertiges Nahrungserg\u00e4nzungsmittel, das entwickelt wurde, um Ihren K\u00f6rper mit dem essentiellen Spurenelement Zink in einer gut absorbierbaren Form zu versorgen. Jede Tablette enth\u00e4lt 113,6 mg Zinkbisglycinat, das eine optimale Aufnahme und Wirksamkeit gew\u00e4hrleistet.<\/p>\n<p>Zink spielt bei zahlreichen biologischen Prozessen eine wichtige Rolle. Es unterst\u00fctzt das Immunsystem, f\u00f6rdert gesunde Haut, Haare und N\u00e4gel und tr\u00e4gt zu einer normalen Knochenstruktur bei. Dar\u00fcber hinaus spielt es eine Schl\u00fcsselrolle bei der Aufrechterhaltung einer guten Sehkraft, bei der Unterst\u00fctzung der kognitiven Funktionen und bei der Zellteilung. Zink hat auch antioxidative Eigenschaften, die dazu beitragen, die Zellen vor oxidativem Stress zu sch\u00fctzen und die allgemeine Entgiftung zu unterst\u00fctzen.<\/p>\n<p>Mit 240 Tabletten pro Flasche bietet Fit4Seasons Zinc Complex eine lang anhaltende Versorgung, um Ihre Gesundheit und Ihr Wohlbefinden zu erhalten. Dieses Nahrungserg\u00e4nzungsmittel ist vollst\u00e4ndig vegetarisch und besteht aus sorgf\u00e4ltig ausgew\u00e4hlten Zutaten, um einen maximalen Nutzen zu gew\u00e4hrleisten.<\/p>\n<h2>Geschichte des Zinks<\/h2>\n<p>Zink ist seit Jahrhunderten als wesentlicher Mineralstoff f\u00fcr die menschliche Gesundheit bekannt. Alte Zivilisationen nahmen Zink unwissentlich mit nat\u00fcrlichen Lebensmitteln auf, aber erst im 18. Jahrhundert identifizierten Wissenschaftler Zink als wichtigen Bestandteil der Ern\u00e4hrung.<\/p>\n<p>Im 20. Jahrhundert entdeckten Forscher die vielf\u00e4ltigen Vorteile von Zink, darunter seine Rolle bei der Immunfunktion, der Wundheilung und der reproduktiven Gesundheit. Im Laufe der Zeit wurden Zinkpr\u00e4parate weit verbreitet, um einen Mangel auszugleichen und das allgemeine Wohlbefinden zu verbessern. Heute bietet Fit4Seasons Zinkkomplex eine einfache und wirksame M\u00f6glichkeit, eine ausreichende Zinkzufuhr zu gew\u00e4hrleisten und verschiedene Aspekte der Gesundheit zu unterst\u00fctzen, darunter Immunit\u00e4t, Haut und kognitive Funktionen.<\/p>\n<h2>Wie verwendet man Fit4Seasons Zinkkomplex?<\/h2>\n<p>F\u00fcr beste Ergebnisse nehmen Sie eine Tablette t\u00e4glich mit Wasser nach einer Mahlzeit ein. Diese Routine sorgt f\u00fcr eine maximale Absorption und erm\u00f6glicht es Ihrem K\u00f6rper, vollst\u00e4ndig von den essentiellen Eigenschaften von Zink zu profitieren.<\/p>\n<p>Die regelm\u00e4\u00dfige Einnahme von Fit4Seasons Zinkkomplex kann zur Erhaltung einer gesunden Haut, starker Knochen und eines gut funktionierenden Immunsystems beitragen. Es unterst\u00fctzt auch die reproduktive Gesundheit und die kognitive Funktion, was es zu einer hervorragenden Erg\u00e4nzung f\u00fcr das allgemeine Wohlbefinden macht.<\/p>\n<p>Bei der Einnahme von Nahrungserg\u00e4nzungsmitteln ist Best\u00e4ndigkeit der Schl\u00fcssel. Wenn Sie sich an die empfohlene Dosierung halten und eine ausgewogene Ern\u00e4hrung beibehalten, k\u00f6nnen Sie die Vorteile von Fit4Seasons Zink-Komplex maximieren. \u00dcberschreiten Sie nicht die empfohlene Tagesdosis, um eine sichere und wirksame Anwendung zu gew\u00e4hrleisten.<\/p>\n<h2>Inhaltsstoffe von Fit4Seasons Zinkkomplex<\/h2>\n<p>Jede Tablette von Fit4Seasons Zink-Komplex wurde sorgf\u00e4ltig mit hochwertigen Inhaltsstoffen formuliert, um optimale gesundheitliche Vorteile zu bieten:<\/p>\n<ul data-spread=\"false\">\n<li><strong>Zinkbisglycinat - 113,6 mg:<\/strong> Eine hoch bioverf\u00fcgbare Form von Zink, die die Immunfunktion, die Hautgesundheit und kognitive Prozesse unterst\u00fctzt.<\/li>\n<li><strong>Isomalt - 100 mg:<\/strong> Ein Kohlenhydrat, das als Stabilisator und zur Unterst\u00fctzung der Tablettenintegrit\u00e4t verwendet wird.<\/li>\n<li><strong>Mikrokristalline Cellulose - 10 mg:<\/strong> Ein pflanzlicher Inhaltsstoff, der als Bindemittel in der Tablettenformulierung dient.<\/li>\n<li><strong>Kieselerde - 3,5 mg:<\/strong> Hilft bei der Erhaltung der Tablettenstruktur und unterst\u00fctzt Haut, Haare und N\u00e4gel.<\/li>\n<li><strong>Vegetarisches Magnesiumstearat - 3,5 mg:<\/strong> Sorgt f\u00fcr eine reibungslose Tablettenverarbeitung und verbessert die Konsistenz.<\/li>\n<\/ul>\n<p>Diese spezialisierte Mischung sorgt daf\u00fcr, dass Fit4Seasons Zinc Complex eine hervorragende Unterst\u00fctzung f\u00fcr verschiedene K\u00f6rperfunktionen bietet und das allgemeine Wohlbefinden und die Vitalit\u00e4t f\u00f6rdert.<\/p>\n<div><\/div>\n<p><strong>Warnung:<\/strong><br \/>\nAu\u00dferhalb der Reichweite von Kindern aufbewahren. Konsultieren Sie vor der Einnahme Ihren Arzt, wenn Sie schwanger sind, stillen oder an anderen Krankheiten leiden. Bei Raumtemperatur und an einem dunklen Ort aufbewahren. \u00dcberschreiten Sie nicht die empfohlene Tagesdosis.<\/p>","protected":false},"excerpt":{"rendered":"<p data-pm-slice=\"1 1 []\">Fit4Seasons Zinkkomplex ist ein hochwertiges Nahrungserg\u00e4nzungsmittel, das verschiedene K\u00f6rperfunktionen unterst\u00fctzt, darunter das Immunsystem, die Haut, die Haare und die N\u00e4gel. Als starkes Antioxidans tr\u00e4gt es zum Zellschutz und zur allgemeinen Gesundheit bei. Dieses Erg\u00e4nzungsmittel ist eine ausgezeichnete Wahl f\u00fcr alle, die ein optimales Wohlbefinden aufrechterhalten wollen.<\/p>","protected":false},"featured_media":82180,"template":"","meta":[],"product_brand":[],"product_cat":[815,391,455,389,384,463,458,456,464],"product_tag":[],"class_list":{"0":"post-45877","1":"product","2":"type-product","3":"status-publish","4":"has-post-thumbnail","6":"product_cat-fit4seasons","7":"product_cat-extracts","8":"product_cat-healthshop","9":"product_cat-herbs","10":"product_cat-smartshop","11":"product_cat-sport","12":"product_cat-superfoods","13":"product_cat-supplements","14":"product_cat-vitamins","16":"first","17":"instock","18":"taxable","19":"shipping-taxable","20":"purchasable","21":"product-type-variable","22":"has-default-attributes"},"_links":{"self":[{"href":"https:\/\/www.headshop.nl\/de\/wp-json\/wp\/v2\/product\/45877","targetHints":{"allow":["GET"]}}],"collection":[{"href":"https:\/\/www.headshop.nl\/de\/wp-json\/wp\/v2\/product"}],"about":[{"href":"https:\/\/www.headshop.nl\/de\/wp-json\/wp\/v2\/types\/product"}],"wp:featuredmedia":[{"embeddable":true,"href":"https:\/\/www.headshop.nl\/de\/wp-json\/wp\/v2\/media\/82180"}],"wp:attachment":[{"href":"https:\/\/www.headshop.nl\/de\/wp-json\/wp\/v2\/media?parent=45877"}],"wp:term":[{"taxonomy":"product_brand","embeddable":true,"href":"https:\/\/www.headshop.nl\/de\/wp-json\/wp\/v2\/product_brand?post=45877"},{"taxonomy":"product_cat","embeddable":true,"href":"https:\/\/www.headshop.nl\/de\/wp-json\/wp\/v2\/product_cat?post=45877"},{"taxonomy":"product_tag","embeddable":true,"href":"https:\/\/www.headshop.nl\/de\/wp-json\/wp\/v2\/product_tag?post=45877"}],"curies":[{"name":"wp","href":"https:\/\/api.w.org\/{rel}","templated":true}]}}