{"id":45875,"date":"2022-07-04T08:53:43","date_gmt":"2022-07-04T08:53:43","guid":{"rendered":"https:\/\/www.headshop.nl\/?post_type=product&#038;p=45875"},"modified":"2025-05-23T09:35:35","modified_gmt":"2025-05-23T09:35:35","slug":"chlorella","status":"publish","type":"product","link":"https:\/\/www.headshop.nl\/de\/chlorella\/","title":{"rendered":"Chlorella"},"content":{"rendered":"<h2>Was sind Chlorella-Tabletten?<\/h2>\n<p>Fit4Seasons Chlorella-Tabletten sind ein Nahrungserg\u00e4nzungsmittel, das aus 100% organischem Chlorella-Pulver hergestellt wird. Chlorella ist eine einzellige gr\u00fcne S\u00fc\u00dfwasseralge, eine der \u00e4ltesten pflanzlichen Lebensformen der Erde, die f\u00fcr ihr au\u00dfergew\u00f6hnliches N\u00e4hrwertprofil bekannt ist. Diese Tabletten sind eine nat\u00fcrliche Quelle von essentiellen Aminos\u00e4uren, Vitaminen und Mineralien, einschlie\u00dflich Kalzium, Eisen, Magnesium, Kalium und Phosphor. Diese N\u00e4hrstoffe unterst\u00fctzen verschiedene K\u00f6rperfunktionen, wie die Erhaltung gesunder Knochen, die St\u00e4rkung des Immunsystems und die Steigerung der Energieproduktion.<\/p>\n<p>Chlorella wird besonders wegen ihrer entgiftenden Eigenschaften gesch\u00e4tzt. Es wird angenommen, dass sie dazu beitr\u00e4gt, Schwermetalle wie Quecksilber aus dem K\u00f6rper zu entfernen und die allgemeine Gesundheit und Vitalit\u00e4t zu f\u00f6rdern. Ihr reicher Chlorophyllgehalt unterst\u00fctzt zudem die nat\u00fcrlichen Entgiftungsprozesse des K\u00f6rpers. Fit4Seasons Bio-Chlorella-Tabletten bieten eine bequeme und veganfreundliche M\u00f6glichkeit, dieses kraftvolle Supernahrungsmittel in Ihre Ern\u00e4hrung einzubauen.<\/p>\n<h2>Geschichte der Chlorella<\/h2>\n<p>Chlorella hat eine lange Geschichte als Superfood, wobei ihr unglaublicher N\u00e4hrwert erst im 20. Entdeckt wurde sie im 19. Jahrhundert von dem niederl\u00e4ndischen Mikrobiologen Martinus Beijerinck, der ihr Potenzial als Nahrungsquelle erkannte. Mitte des 19. Jahrhunderts untersuchten japanische Forscher die gesundheitlichen Vorteile der Chlorella, insbesondere ihre entgiftenden und immunst\u00e4rkenden Eigenschaften.<\/p>\n<p>Aufgrund ihres schnellen Wachstums und ihrer hohen N\u00e4hrstoffkonzentration wurde die Chlorella zu einer der am meisten untersuchten Algen weltweit. Neben Spirulina wurde sie wegen ihrer Rolle bei der Entgiftung und der Unterst\u00fctzung des Immunsystems umfassend erforscht. Im Laufe der Jahre hat sie als Nahrungserg\u00e4nzungsmittel an Popularit\u00e4t gewonnen und hilft den Menschen, ihr Energieniveau zu verbessern, ihr Immunsystem zu st\u00e4rken und ihre allgemeine Gesundheit zu erhalten.<\/p>\n<p>Auch heute noch ist Chlorella f\u00fcr viele gesundheitsbewusste Menschen ein unverzichtbarer Bestandteil ihres Tagesablaufs, insbesondere f\u00fcr diejenigen, die sich pflanzlich ern\u00e4hren. Als organische, vollst\u00e4ndige Proteinquelle mit vielen n\u00fctzlichen N\u00e4hrstoffen ist sie nach wie vor ein bew\u00e4hrtes Superfood.<\/p>\n<h2>Wie Chlorella-Tabletten zu verwenden sind<\/h2>\n<p>Um Fit4Seasons Bio-Chlorella-Tabletten in Ihre t\u00e4gliche Routine zu integrieren, nehmen Sie dreimal t\u00e4glich 1-2 Tabletten mit Wasser zu den Mahlzeiten ein. Diese Dosierung verbessert die Aufnahme der N\u00e4hrstoffe von Chlorella, unterst\u00fctzt die Entgiftung, steigert die Energie und f\u00f6rdert das allgemeine Wohlbefinden.<\/p>\n<p>Wenn Sie Chlorella zum ersten Mal einnehmen, empfiehlt es sich, mit einer niedrigeren Dosis zu beginnen und diese allm\u00e4hlich zu erh\u00f6hen, w\u00e4hrend sich Ihr K\u00f6rper daran gew\u00f6hnt. Eine regelm\u00e4\u00dfige Einnahme kann helfen, eine ausgewogene Ern\u00e4hrung zu unterst\u00fctzen und die Vitalit\u00e4t zu verbessern, aber Nahrungserg\u00e4nzungsmittel sollten eine gesunde Lebensweise erg\u00e4nzen, nicht ersetzen.<\/p>\n<p>Die besten Ergebnisse erzielen Sie, wenn Sie die Einnahme \u00fcber einen l\u00e4ngeren Zeitraum hinweg beibehalten, um die volle Bandbreite an Vorteilen zu erleben, einschlie\u00dflich der Steigerung des Energieniveaus und der Unterst\u00fctzung des Immunsystems. Wenn Sie schwanger sind, stillen oder gesundheitliche Probleme haben, konsultieren Sie vor der Einnahme Ihren Arzt.<\/p>\n<h2>Inhaltsstoffe von Chlorella-Tabletten<\/h2>\n<p>Jede Fit4Seasons Chlorella-Tablette enth\u00e4lt <strong>100% Bio Chlorella Pulver<\/strong>und liefert ein Kraftpaket an wichtigen N\u00e4hrstoffen in konzentrierter Form. Wichtige N\u00e4hrstoffe umfassen:<\/p>\n<ul>\n<li><strong>Vitamins:<\/strong> A, C, E, K und eine breite Palette von B-Vitaminen, einschlie\u00dflich Fols\u00e4ure.<\/li>\n<li><strong>Mineralien:<\/strong> Calcium, Eisen, Magnesium, Kalium und Phosphor.<\/li>\n<li><strong>Aminos\u00e4uren:<\/strong> Wesentliche Bausteine von Proteinen, die f\u00fcr die allgemeine Gesundheit entscheidend sind.<\/li>\n<li><strong>Chlorophyll:<\/strong> Unterst\u00fctzt die nat\u00fcrlichen Entgiftungsprozesse des K\u00f6rpers und die allgemeine Vitalit\u00e4t.<\/li>\n<\/ul>\n<p>Chlorella ist besonders f\u00fcr seine F\u00e4higkeit bekannt, die Entgiftung zu f\u00f6rdern, gesunde Haut, Knochen und Immunfunktionen zu unterst\u00fctzen und eine pflanzliche Quelle f\u00fcr vollst\u00e4ndiges Protein zu bieten. Mit ihrem n\u00e4hrstoffreichen Profil sind die Fit4Seasons Bio-Chlorella-Tabletten eine ausgezeichnete Wahl f\u00fcr alle, die ihre allgemeine Gesundheit auf nat\u00fcrliche Weise f\u00f6rdern m\u00f6chten.<\/p>\n<h2>Warnungen<\/h2>\n<ul>\n<li>Au\u00dferhalb der Reichweite von Kindern aufbewahren.<\/li>\n<li>Konsultieren Sie vor der Einnahme Ihren Arzt, wenn Sie schwanger sind, stillen oder gesundheitliche Probleme haben.<\/li>\n<li>An einem k\u00fchlen, trockenen Ort, vor direktem Sonnenlicht gesch\u00fctzt und bei Raumtemperatur aufbewahren.<\/li>\n<\/ul>","protected":false},"excerpt":{"rendered":"<p>Chlorella ist eine gr\u00fcne einzellige S\u00fc\u00dfwasseralge und geh\u00f6rt zu den \u00e4ltesten Formen pflanzlichen Lebens auf der Erde und ist daher f\u00fcr Veganer besonders geeignet. Diese Algenart hat ein sehr komplettes Proteinprofil. Chlorella enth\u00e4lt auch viele Mineralien und Vitamine. Chlorella wird h\u00e4ufig zur Entgiftung des K\u00f6rpers eingesetzt.<\/p>\n<p>Zusammen mit Spirulina ist sie eine der am meisten erforschten Algen der Welt.<br \/>\nEnth\u00e4lt eine gute Zusammensetzung an essentiellen Aminos\u00e4uren und Mineralien wie Kalzium, Eisen, Magnesium, Kalium, Phosphor und Chlorophyll. Dar\u00fcber hinaus enth\u00e4lt Chlorella die Vitamine A, C, E, K und die meisten B-Vitamine, einschlie\u00dflich Fols\u00e4ure.<\/p>","protected":false},"featured_media":82182,"template":"","meta":[],"product_brand":[],"product_cat":[815,391,455,389,384,463,458,456],"product_tag":[],"class_list":{"0":"post-45875","1":"product","2":"type-product","3":"status-publish","4":"has-post-thumbnail","6":"product_cat-fit4seasons","7":"product_cat-extracts","8":"product_cat-healthshop","9":"product_cat-herbs","10":"product_cat-smartshop","11":"product_cat-sport","12":"product_cat-superfoods","13":"product_cat-supplements","15":"first","16":"instock","17":"taxable","18":"shipping-taxable","19":"purchasable","20":"product-type-variable","21":"has-default-attributes"},"_links":{"self":[{"href":"https:\/\/www.headshop.nl\/de\/wp-json\/wp\/v2\/product\/45875","targetHints":{"allow":["GET"]}}],"collection":[{"href":"https:\/\/www.headshop.nl\/de\/wp-json\/wp\/v2\/product"}],"about":[{"href":"https:\/\/www.headshop.nl\/de\/wp-json\/wp\/v2\/types\/product"}],"wp:featuredmedia":[{"embeddable":true,"href":"https:\/\/www.headshop.nl\/de\/wp-json\/wp\/v2\/media\/82182"}],"wp:attachment":[{"href":"https:\/\/www.headshop.nl\/de\/wp-json\/wp\/v2\/media?parent=45875"}],"wp:term":[{"taxonomy":"product_brand","embeddable":true,"href":"https:\/\/www.headshop.nl\/de\/wp-json\/wp\/v2\/product_brand?post=45875"},{"taxonomy":"product_cat","embeddable":true,"href":"https:\/\/www.headshop.nl\/de\/wp-json\/wp\/v2\/product_cat?post=45875"},{"taxonomy":"product_tag","embeddable":true,"href":"https:\/\/www.headshop.nl\/de\/wp-json\/wp\/v2\/product_tag?post=45875"}],"curies":[{"name":"wp","href":"https:\/\/api.w.org\/{rel}","templated":true}]}}