{"id":45843,"date":"2020-07-04T08:38:15","date_gmt":"2020-07-04T08:38:15","guid":{"rendered":"https:\/\/www.headshop.nl\/?post_type=product&#038;p=45843"},"modified":"2026-04-21T07:12:48","modified_gmt":"2026-04-21T07:12:48","slug":"stimulant-party-shot-royal-x","status":"publish","type":"product","link":"https:\/\/www.headshop.nl\/de\/stimulant-party-shot-royal-x\/","title":{"rendered":"Stimulant party shot &#8211; Royal X"},"content":{"rendered":"<p>Die Royal Line wurde von und f\u00fcr McSmart entwickelt, um auf nat\u00fcrlicher Basis eine andere Ebene zu erreichen. Durch die Entwicklung dieser Linie bieten wir Ihnen eine sichere, legale und erschwingliche Erfahrung, die Sie genie\u00dfen werden!!! Durch die fl\u00fcssige Form werden die Shots schnell vom K\u00f6rper aufgenommen und die Wirkung ist schnell sp\u00fcrbar. Genie\u00dfe die wunderbaren Erfahrungen, die Dir die Royals bieten und lass Dich von den k\u00f6stlichen Eigenschaften dieser Kr\u00e4uter \u00fcberraschen.<\/p>\n<p><strong>Empfohlene Dosierung:<\/strong>\u00a05 bis 15 ml<\/p>","protected":false},"excerpt":{"rendered":"<p>Liquid Royal X ist ein fl\u00fcssiges pflanzliches XTC. Da dieses hoch euphorische Produkt in fl\u00fcssiger Form eingenommen wird, treten die ersten Effekte etwa 15 Minuten nach der Einnahme auf. Die psychoaktive Wirkung h\u00e4lt etwa 3 bis 4 Stunden an. Royal X kann die Energieprozesse im K\u00f6rper unterst\u00fctzen und die Durchblutung von Muskeln und Organen f\u00f6rdern, es kann auch ein gewisses Kribbeln verursachen. Dar\u00fcber hinaus stimuliert es das Dopamin- und Serotonin-System im Gehirn, und dieses Produkt sorgt f\u00fcr Kribbeln, Euphorie, Fr\u00f6hlichkeit, ein gutes Gef\u00fchl und einen \"spacigen\" Effekt. Kurz gesagt, es ist ein sehr gutes und starkes pflanzliches Ecstasy, das einen energetischen Rausch, Kribbeln im ganzen K\u00f6rper, kombiniert mit einem sehr euphorischen Gef\u00fchl bietet.<\/p>","protected":false},"featured_media":82280,"template":"","meta":[],"product_brand":[],"product_cat":[297,411,391,386,1047,384],"product_tag":[],"class_list":{"0":"post-45843","1":"product","2":"type-product","3":"status-publish","4":"has-post-thumbnail","6":"product_cat-all-products","7":"product_cat-energy-pills","8":"product_cat-extracts","9":"product_cat-party-pills","10":"product_cat-party-shots","11":"product_cat-smartshop","12":"product_shipping_class-not-allowed-group-1","14":"first","15":"instock","16":"taxable","17":"shipping-taxable","18":"purchasable","19":"product-type-simple"},"_links":{"self":[{"href":"https:\/\/www.headshop.nl\/de\/wp-json\/wp\/v2\/product\/45843","targetHints":{"allow":["GET"]}}],"collection":[{"href":"https:\/\/www.headshop.nl\/de\/wp-json\/wp\/v2\/product"}],"about":[{"href":"https:\/\/www.headshop.nl\/de\/wp-json\/wp\/v2\/types\/product"}],"wp:featuredmedia":[{"embeddable":true,"href":"https:\/\/www.headshop.nl\/de\/wp-json\/wp\/v2\/media\/82280"}],"wp:attachment":[{"href":"https:\/\/www.headshop.nl\/de\/wp-json\/wp\/v2\/media?parent=45843"}],"wp:term":[{"taxonomy":"product_brand","embeddable":true,"href":"https:\/\/www.headshop.nl\/de\/wp-json\/wp\/v2\/product_brand?post=45843"},{"taxonomy":"product_cat","embeddable":true,"href":"https:\/\/www.headshop.nl\/de\/wp-json\/wp\/v2\/product_cat?post=45843"},{"taxonomy":"product_tag","embeddable":true,"href":"https:\/\/www.headshop.nl\/de\/wp-json\/wp\/v2\/product_tag?post=45843"}],"curies":[{"name":"wp","href":"https:\/\/api.w.org\/{rel}","templated":true}]}}