{"id":45842,"date":"2020-07-04T08:36:06","date_gmt":"2020-07-04T08:36:06","guid":{"rendered":"https:\/\/www.headshop.nl\/?post_type=product&#038;p=45842"},"modified":"2026-04-21T07:12:55","modified_gmt":"2026-04-21T07:12:55","slug":"energy-party-shot-royal-e","status":"publish","type":"product","link":"https:\/\/www.headshop.nl\/de\/energy-party-shot-royal-e\/","title":{"rendered":"Energy party shot &#8211; Royal E"},"content":{"rendered":"<p>Gut sch\u00fctteln, bis der Inhalt vollst\u00e4ndig aufgel\u00f6st ist. Eine Stunde nach einer Mahlzeit einnehmen. Trinken Sie zuerst die H\u00e4lfte, um Ihre Reaktion zu testen. Nehmen Sie ein Glas Wasser nach der Einnahme.<\/p>\n<p>Die Royal Line wurde von und f\u00fcr McSmart entwickelt, um auf nat\u00fcrlicher Basis eine andere Ebene zu erreichen. Durch die Entwicklung dieser Linie bieten wir Ihnen eine sichere, legale und erschwingliche Erfahrung, die Sie genie\u00dfen werden!!! Durch die fl\u00fcssige Form werden die Shots schnell vom K\u00f6rper aufgenommen und die Wirkung ist schnell sp\u00fcrbar. Genie\u00dfe die wunderbaren Erfahrungen, die Dir die Royals bieten und lass Dich von den k\u00f6stlichen Eigenschaften dieser Kr\u00e4uter \u00fcberraschen.<\/p>\n<p><strong>Empfohlene Dosierung:<\/strong>\u00a05 bis 15 ml<\/p>","protected":false},"excerpt":{"rendered":"<p>Mit dem Liquid Royal E kann man sagen, dass, wenn man ein zus\u00e4tzliches bisschen Energie gebrauchen kann, dieser Schuss einen wieder nach vorne bringt. Das Gef\u00fchl kann f\u00fcr etwa 4 Stunden dauern, was genug ist, um eine sch\u00f6ne Nacht zu haben.<\/p>","protected":false},"featured_media":82282,"template":"","meta":[],"product_brand":[],"product_cat":[297,411,391,386,1047,384,412],"product_tag":[],"class_list":{"0":"post-45842","1":"product","2":"type-product","3":"status-publish","4":"has-post-thumbnail","6":"product_cat-all-products","7":"product_cat-energy-pills","8":"product_cat-extracts","9":"product_cat-party-pills","10":"product_cat-party-shots","11":"product_cat-smartshop","12":"product_cat-trippy-pills","13":"product_shipping_class-not-allowed-group-1","15":"first","16":"instock","17":"taxable","18":"shipping-taxable","19":"purchasable","20":"product-type-simple"},"_links":{"self":[{"href":"https:\/\/www.headshop.nl\/de\/wp-json\/wp\/v2\/product\/45842","targetHints":{"allow":["GET"]}}],"collection":[{"href":"https:\/\/www.headshop.nl\/de\/wp-json\/wp\/v2\/product"}],"about":[{"href":"https:\/\/www.headshop.nl\/de\/wp-json\/wp\/v2\/types\/product"}],"wp:featuredmedia":[{"embeddable":true,"href":"https:\/\/www.headshop.nl\/de\/wp-json\/wp\/v2\/media\/82282"}],"wp:attachment":[{"href":"https:\/\/www.headshop.nl\/de\/wp-json\/wp\/v2\/media?parent=45842"}],"wp:term":[{"taxonomy":"product_brand","embeddable":true,"href":"https:\/\/www.headshop.nl\/de\/wp-json\/wp\/v2\/product_brand?post=45842"},{"taxonomy":"product_cat","embeddable":true,"href":"https:\/\/www.headshop.nl\/de\/wp-json\/wp\/v2\/product_cat?post=45842"},{"taxonomy":"product_tag","embeddable":true,"href":"https:\/\/www.headshop.nl\/de\/wp-json\/wp\/v2\/product_tag?post=45842"}],"curies":[{"name":"wp","href":"https:\/\/api.w.org\/{rel}","templated":true}]}}