{"id":45841,"date":"2020-07-04T08:33:53","date_gmt":"2020-07-04T08:33:53","guid":{"rendered":"https:\/\/www.headshop.nl\/?post_type=product&#038;p=45841"},"modified":"2026-04-21T07:13:01","modified_gmt":"2026-04-21T07:13:01","slug":"psychedelic-party-shot-royal-t","status":"publish","type":"product","link":"https:\/\/www.headshop.nl\/de\/psychedelic-party-shot-royal-t\/","title":{"rendered":"Psychedelic party shot &#8211; Royal T"},"content":{"rendered":"<p><strong>Verwendung:<\/strong>\u00a0Gut sch\u00fctteln, bis der Inhalt vollst\u00e4ndig aufgel\u00f6st ist. Eine Stunde nach einer Mahlzeit einnehmen. Trinken Sie zuerst die H\u00e4lfte, um Ihre Reaktion zu testen. Nehmen Sie ein Glas Wasser nach der Einnahme.<\/p>\n<p>Sie k\u00f6nnen \u00dcbelkeit oder Schwindel empfinden!<\/p>\n<p>Die Royal Line wurde von und f\u00fcr McSmart entwickelt, um auf nat\u00fcrlicher Basis eine andere Ebene zu erreichen. Durch die Entwicklung dieser Linie bieten wir Ihnen eine sichere, legale und erschwingliche Erfahrung, die Sie genie\u00dfen werden!!! Durch die fl\u00fcssige Form werden die Shots schnell vom K\u00f6rper aufgenommen und die Wirkung ist schnell sp\u00fcrbar. Genie\u00dfe die wunderbaren Erfahrungen, die Dir die Royals bieten und lass Dich von den k\u00f6stlichen Eigenschaften dieser Kr\u00e4uter \u00fcberraschen.<\/p>\n<p><strong>Empfohlene Dosierung:<\/strong>\u00a05 bis 15 ml<\/p>","protected":false},"excerpt":{"rendered":"<p>Liquid Royal T ist ein Kr\u00e4utershooter, dessen Wirkung bestimmten Psychedelika sehr \u00e4hnlich ist. Auf diese Weise kannst Du legal einen Trip erleben, der bis zu vier Stunden dauern kann. Wenn Du eine anstrengende Arbeitswoche hinter Dir hast, kann eine niedrige Dosis angenehm sein. Wenn Du es ausprobieren willst, d\u00fcrfte eine h\u00f6here Dosis f\u00fcr viele Menschen angenehmer sein.<\/p>","protected":false},"featured_media":82284,"template":"","meta":[],"product_brand":[],"product_cat":[384,391,386,1047,412],"product_tag":[],"class_list":{"0":"post-45841","1":"product","2":"type-product","3":"status-publish","4":"has-post-thumbnail","6":"product_cat-smartshop","7":"product_cat-extracts","8":"product_cat-party-pills","9":"product_cat-party-shots","10":"product_cat-trippy-pills","11":"product_shipping_class-not-allowed-group-1","13":"first","14":"instock","15":"taxable","16":"shipping-taxable","17":"purchasable","18":"product-type-simple"},"_links":{"self":[{"href":"https:\/\/www.headshop.nl\/de\/wp-json\/wp\/v2\/product\/45841","targetHints":{"allow":["GET"]}}],"collection":[{"href":"https:\/\/www.headshop.nl\/de\/wp-json\/wp\/v2\/product"}],"about":[{"href":"https:\/\/www.headshop.nl\/de\/wp-json\/wp\/v2\/types\/product"}],"wp:featuredmedia":[{"embeddable":true,"href":"https:\/\/www.headshop.nl\/de\/wp-json\/wp\/v2\/media\/82284"}],"wp:attachment":[{"href":"https:\/\/www.headshop.nl\/de\/wp-json\/wp\/v2\/media?parent=45841"}],"wp:term":[{"taxonomy":"product_brand","embeddable":true,"href":"https:\/\/www.headshop.nl\/de\/wp-json\/wp\/v2\/product_brand?post=45841"},{"taxonomy":"product_cat","embeddable":true,"href":"https:\/\/www.headshop.nl\/de\/wp-json\/wp\/v2\/product_cat?post=45841"},{"taxonomy":"product_tag","embeddable":true,"href":"https:\/\/www.headshop.nl\/de\/wp-json\/wp\/v2\/product_tag?post=45841"}],"curies":[{"name":"wp","href":"https:\/\/api.w.org\/{rel}","templated":true}]}}